{"id":1122,"date":"2025-06-29T19:22:58","date_gmt":"2025-06-29T17:22:58","guid":{"rendered":"https:\/\/atelierantoinebataille.fr\/?page_id=1122"},"modified":"2025-06-29T20:40:29","modified_gmt":"2025-06-29T18:40:29","slug":"des-rives","status":"publish","type":"page","link":"https:\/\/atelierantoinebataille.fr\/index.php\/bienvenue\/des-rives\/","title":{"rendered":"Des rives"},"content":{"rendered":"\n<p><strong>Texte de l&rsquo;exposition Des Rives, \u00e0 la galerie Aki\u00e9 Arichi (juin-septembre 2025)<\/strong><\/p>\n\n\n\n<p><\/p>\n\n\n\n<p class=\"has-text-align-left\">D\u00e9but juin, Antoine descend la Dordogne en bateau gonflable. Charg\u00e9 du n\u00e9cessaire pour ces deux semaines d\u2019errance au fil des courants corr\u00e9ziens, il part en qu\u00eate d\u2019un nouveau format, tout en longueur, mettant en sc\u00e8ne les paysages parcourus.<\/p>\n\n\n\n<p class=\"has-text-align-left\">La rudesse du paysage n\u2019est pas des plus \u00e9videntes pour ce genre d\u2019ambition picturale&nbsp;: dans la nature, l\u2019humain ne s\u2019\u00e9tale pas. Et ce ne sont certainement pas ses feuilles de presque 3 m de long que l\u2019artiste va pouvoir d\u00e9rouler sur les rives, entre deux coups de pagaies. Alors, il d\u00e9ploie son rouleau, fragment par fragment, le plaque sur une petite planche et croque le paysage, par brides. Il r\u00e9p\u00e8te ce proc\u00e9d\u00e9 autant de fois que n\u00e9cessaire pour faire entrer le cadrage voulu sur ce long ruban de papier.<\/p>\n\n\n\n<p class=\"has-text-align-left\">Si peindre de grands formats peut prendre du temps, le paysage, lui, n\u2019en a que faire des contraintes du peintre. Il n\u2019attend pas, il change de couleur, de valeur et de forme, et quand, au bout de cinq heures de dessins, Antoine pose enfin la derni\u00e8re trace d\u2019encre sur le papier, le motif n\u2019a cess\u00e9 d\u2019\u00e9voluer. L\u2019eau, qui au regard pr\u00e9c\u00e9dent se parait timidement des couleurs du ciel, r\u00e9v\u00e8le maintenant les ab\u00eemes noirs de ses profondeurs. Une foug\u00e8re s\u2019illumine parmi les autres, c\u2019est l\u2019\u00e9lue d\u2019un instant captur\u00e9 \u00e0 jamais dans les fibres du papier. La peau de l\u2019eau ondule, se fripe et se d\u00e9tend, \u00e0 la merci des caprices du vent. Tous y vont de leur vibrante m\u00e9lodie pour orchestrer un chaos en perp\u00e9tuelle mutation. Ces peintures racontent l\u2019histoire de cette multitude d\u2019instants captur\u00e9s, myriade de rencontres \u00e9ph\u00e9m\u00e8res. Une course poursuite entre le motif et le pinceau que l\u2019on peut observer d\u2019un bout \u00e0 l\u2019autre de ces dessins, le long des rives.<\/p>\n\n\n\n<p class=\"has-text-align-right\">Texte de&nbsp;<strong>Cassandre Lepicard<\/strong>,&nbsp;<em>artiste plasticienne<\/em><\/p>\n\n\n\n<div style=\"height:100px\" aria-hidden=\"true\" class=\"wp-block-spacer\"><\/div>\n\n\n\n<figure data-wp-context=\"{&quot;imageId&quot;:&quot;69e8d2c6c27b4&quot;}\" data-wp-interactive=\"core\/image\" data-wp-key=\"69e8d2c6c27b4\" class=\"wp-block-image size-large wp-lightbox-container\"><img loading=\"lazy\" decoding=\"async\" width=\"1024\" height=\"260\" data-wp-class--hide=\"state.isContentHidden\" data-wp-class--show=\"state.isContentVisible\" data-wp-init=\"callbacks.setButtonStyles\" data-wp-on--click=\"actions.showLightbox\" data-wp-on--load=\"callbacks.setButtonStyles\" data-wp-on-window--resize=\"callbacks.setButtonStyles\" src=\"https:\/\/atelierantoinebataille.fr\/wp-content\/uploads\/2025\/06\/DESSIN-GF-LA-DIEGE-BASSE-DEFF-1024x260.jpg\" alt=\"\" class=\"wp-image-1123\" srcset=\"https:\/\/atelierantoinebataille.fr\/wp-content\/uploads\/2025\/06\/DESSIN-GF-LA-DIEGE-BASSE-DEFF-1024x260.jpg 1024w, https:\/\/atelierantoinebataille.fr\/wp-content\/uploads\/2025\/06\/DESSIN-GF-LA-DIEGE-BASSE-DEFF-300x76.jpg 300w, https:\/\/atelierantoinebataille.fr\/wp-content\/uploads\/2025\/06\/DESSIN-GF-LA-DIEGE-BASSE-DEFF-768x195.jpg 768w, https:\/\/atelierantoinebataille.fr\/wp-content\/uploads\/2025\/06\/DESSIN-GF-LA-DIEGE-BASSE-DEFF-1536x390.jpg 1536w, https:\/\/atelierantoinebataille.fr\/wp-content\/uploads\/2025\/06\/DESSIN-GF-LA-DIEGE-BASSE-DEFF-2048x520.jpg 2048w\" sizes=\"auto, (max-width: 1024px) 100vw, 1024px\" \/><button\n\t\t\tclass=\"lightbox-trigger\"\n\t\t\ttype=\"button\"\n\t\t\taria-haspopup=\"dialog\"\n\t\t\taria-label=\"Agrandir\"\n\t\t\tdata-wp-init=\"callbacks.initTriggerButton\"\n\t\t\tdata-wp-on--click=\"actions.showLightbox\"\n\t\t\tdata-wp-style--right=\"state.imageButtonRight\"\n\t\t\tdata-wp-style--top=\"state.imageButtonTop\"\n\t\t>\n\t\t\t<svg xmlns=\"http:\/\/www.w3.org\/2000\/svg\" width=\"12\" height=\"12\" fill=\"none\" viewBox=\"0 0 12 12\">\n\t\t\t\t<path fill=\"#fff\" d=\"M2 0a2 2 0 0 0-2 2v2h1.5V2a.5.5 0 0 1 .5-.5h2V0H2Zm2 10.5H2a.5.5 0 0 1-.5-.5V8H0v2a2 2 0 0 0 2 2h2v-1.5ZM8 12v-1.5h2a.5.5 0 0 0 .5-.5V8H12v2a2 2 0 0 1-2 2H8Zm2-12a2 2 0 0 1 2 2v2h-1.5V2a.5.5 0 0 0-.5-.5H8V0h2Z\" \/>\n\t\t\t<\/svg>\n\t\t<\/button><\/figure>\n\n\n\n<p class=\"has-text-align-center\"><strong>La Di\u00e8ge<\/strong><br>2025 \u2013 Encre de Chine sur papier 65 x 250 cm<\/p>\n\n\n\n<div style=\"height:100px\" aria-hidden=\"true\" class=\"wp-block-spacer\"><\/div>\n\n\n\n<figure data-wp-context=\"{&quot;imageId&quot;:&quot;69e8d2c6c2d63&quot;}\" data-wp-interactive=\"core\/image\" data-wp-key=\"69e8d2c6c2d63\" class=\"wp-block-image size-large wp-lightbox-container\"><img loading=\"lazy\" decoding=\"async\" width=\"1024\" height=\"276\" data-wp-class--hide=\"state.isContentHidden\" data-wp-class--show=\"state.isContentVisible\" data-wp-init=\"callbacks.setButtonStyles\" data-wp-on--click=\"actions.showLightbox\" data-wp-on--load=\"callbacks.setButtonStyles\" data-wp-on-window--resize=\"callbacks.setButtonStyles\" src=\"https:\/\/atelierantoinebataille.fr\/wp-content\/uploads\/2025\/06\/DESSIN-GF-2-BASSE-DEFF-1024x276.jpg\" alt=\"\" class=\"wp-image-1132\" srcset=\"https:\/\/atelierantoinebataille.fr\/wp-content\/uploads\/2025\/06\/DESSIN-GF-2-BASSE-DEFF-1024x276.jpg 1024w, https:\/\/atelierantoinebataille.fr\/wp-content\/uploads\/2025\/06\/DESSIN-GF-2-BASSE-DEFF-300x81.jpg 300w, https:\/\/atelierantoinebataille.fr\/wp-content\/uploads\/2025\/06\/DESSIN-GF-2-BASSE-DEFF-768x207.jpg 768w, https:\/\/atelierantoinebataille.fr\/wp-content\/uploads\/2025\/06\/DESSIN-GF-2-BASSE-DEFF-1536x414.jpg 1536w, https:\/\/atelierantoinebataille.fr\/wp-content\/uploads\/2025\/06\/DESSIN-GF-2-BASSE-DEFF-2048x552.jpg 2048w\" sizes=\"auto, (max-width: 1024px) 100vw, 1024px\" \/><button\n\t\t\tclass=\"lightbox-trigger\"\n\t\t\ttype=\"button\"\n\t\t\taria-haspopup=\"dialog\"\n\t\t\taria-label=\"Agrandir\"\n\t\t\tdata-wp-init=\"callbacks.initTriggerButton\"\n\t\t\tdata-wp-on--click=\"actions.showLightbox\"\n\t\t\tdata-wp-style--right=\"state.imageButtonRight\"\n\t\t\tdata-wp-style--top=\"state.imageButtonTop\"\n\t\t>\n\t\t\t<svg xmlns=\"http:\/\/www.w3.org\/2000\/svg\" width=\"12\" height=\"12\" fill=\"none\" viewBox=\"0 0 12 12\">\n\t\t\t\t<path fill=\"#fff\" d=\"M2 0a2 2 0 0 0-2 2v2h1.5V2a.5.5 0 0 1 .5-.5h2V0H2Zm2 10.5H2a.5.5 0 0 1-.5-.5V8H0v2a2 2 0 0 0 2 2h2v-1.5ZM8 12v-1.5h2a.5.5 0 0 0 .5-.5V8H12v2a2 2 0 0 1-2 2H8Zm2-12a2 2 0 0 1 2 2v2h-1.5V2a.5.5 0 0 0-.5-.5H8V0h2Z\" \/>\n\t\t\t<\/svg>\n\t\t<\/button><\/figure>\n\n\n\n<p class=\"has-text-align-center\"><strong>La Dordogne<\/strong><br>2025 \u2013 Encre de Chine sur papier 65 x 250 cm<\/p>\n\n\n\n<div style=\"height:100px\" aria-hidden=\"true\" class=\"wp-block-spacer\"><\/div>\n\n\n\n<figure data-wp-context=\"{&quot;imageId&quot;:&quot;69e8d2c6c3242&quot;}\" data-wp-interactive=\"core\/image\" data-wp-key=\"69e8d2c6c3242\" class=\"wp-block-image size-large wp-lightbox-container\"><img loading=\"lazy\" decoding=\"async\" width=\"1024\" height=\"266\" data-wp-class--hide=\"state.isContentHidden\" data-wp-class--show=\"state.isContentVisible\" data-wp-init=\"callbacks.setButtonStyles\" data-wp-on--click=\"actions.showLightbox\" data-wp-on--load=\"callbacks.setButtonStyles\" data-wp-on-window--resize=\"callbacks.setButtonStyles\" src=\"https:\/\/atelierantoinebataille.fr\/wp-content\/uploads\/2025\/06\/DESSIN-GF-3-BASSE-DEFF-1024x266.jpg\" alt=\"\" class=\"wp-image-1134\" srcset=\"https:\/\/atelierantoinebataille.fr\/wp-content\/uploads\/2025\/06\/DESSIN-GF-3-BASSE-DEFF-1024x266.jpg 1024w, https:\/\/atelierantoinebataille.fr\/wp-content\/uploads\/2025\/06\/DESSIN-GF-3-BASSE-DEFF-300x78.jpg 300w, https:\/\/atelierantoinebataille.fr\/wp-content\/uploads\/2025\/06\/DESSIN-GF-3-BASSE-DEFF-768x200.jpg 768w, https:\/\/atelierantoinebataille.fr\/wp-content\/uploads\/2025\/06\/DESSIN-GF-3-BASSE-DEFF-1536x400.jpg 1536w, https:\/\/atelierantoinebataille.fr\/wp-content\/uploads\/2025\/06\/DESSIN-GF-3-BASSE-DEFF-2048x533.jpg 2048w\" sizes=\"auto, (max-width: 1024px) 100vw, 1024px\" \/><button\n\t\t\tclass=\"lightbox-trigger\"\n\t\t\ttype=\"button\"\n\t\t\taria-haspopup=\"dialog\"\n\t\t\taria-label=\"Agrandir\"\n\t\t\tdata-wp-init=\"callbacks.initTriggerButton\"\n\t\t\tdata-wp-on--click=\"actions.showLightbox\"\n\t\t\tdata-wp-style--right=\"state.imageButtonRight\"\n\t\t\tdata-wp-style--top=\"state.imageButtonTop\"\n\t\t>\n\t\t\t<svg xmlns=\"http:\/\/www.w3.org\/2000\/svg\" width=\"12\" height=\"12\" fill=\"none\" viewBox=\"0 0 12 12\">\n\t\t\t\t<path fill=\"#fff\" d=\"M2 0a2 2 0 0 0-2 2v2h1.5V2a.5.5 0 0 1 .5-.5h2V0H2Zm2 10.5H2a.5.5 0 0 1-.5-.5V8H0v2a2 2 0 0 0 2 2h2v-1.5ZM8 12v-1.5h2a.5.5 0 0 0 .5-.5V8H12v2a2 2 0 0 1-2 2H8Zm2-12a2 2 0 0 1 2 2v2h-1.5V2a.5.5 0 0 0-.5-.5H8V0h2Z\" \/>\n\t\t\t<\/svg>\n\t\t<\/button><\/figure>\n\n\n\n<p class=\"has-text-align-center\"><strong>Ruisseau de Lachaux<\/strong><br>2025 \u2013 Encre de Chine sur papier 65 x 250 cm<\/p>\n\n\n\n<div style=\"height:100px\" aria-hidden=\"true\" class=\"wp-block-spacer\"><\/div>\n\n\n\n<figure data-wp-context=\"{&quot;imageId&quot;:&quot;69e8d2c6c36f8&quot;}\" data-wp-interactive=\"core\/image\" data-wp-key=\"69e8d2c6c36f8\" class=\"wp-block-image size-large wp-lightbox-container\"><img loading=\"lazy\" decoding=\"async\" width=\"2560\" height=\"666\" data-wp-class--hide=\"state.isContentHidden\" data-wp-class--show=\"state.isContentVisible\" data-wp-init=\"callbacks.setButtonStyles\" data-wp-on--click=\"actions.showLightbox\" data-wp-on--load=\"callbacks.setButtonStyles\" data-wp-on-window--resize=\"callbacks.setButtonStyles\" src=\"https:\/\/atelierantoinebataille.fr\/wp-content\/uploads\/2025\/06\/DESSIN-GF-4-BASSE-DEFF-edited-scaled.jpg\" alt=\"\" class=\"wp-image-1136\" srcset=\"https:\/\/atelierantoinebataille.fr\/wp-content\/uploads\/2025\/06\/DESSIN-GF-4-BASSE-DEFF-edited-scaled.jpg 2560w, https:\/\/atelierantoinebataille.fr\/wp-content\/uploads\/2025\/06\/DESSIN-GF-4-BASSE-DEFF-edited-300x78.jpg 300w, https:\/\/atelierantoinebataille.fr\/wp-content\/uploads\/2025\/06\/DESSIN-GF-4-BASSE-DEFF-edited-1024x267.jpg 1024w, https:\/\/atelierantoinebataille.fr\/wp-content\/uploads\/2025\/06\/DESSIN-GF-4-BASSE-DEFF-edited-768x200.jpg 768w, https:\/\/atelierantoinebataille.fr\/wp-content\/uploads\/2025\/06\/DESSIN-GF-4-BASSE-DEFF-edited-1536x400.jpg 1536w, https:\/\/atelierantoinebataille.fr\/wp-content\/uploads\/2025\/06\/DESSIN-GF-4-BASSE-DEFF-edited-2048x533.jpg 2048w\" sizes=\"auto, (max-width: 2560px) 100vw, 2560px\" \/><button\n\t\t\tclass=\"lightbox-trigger\"\n\t\t\ttype=\"button\"\n\t\t\taria-haspopup=\"dialog\"\n\t\t\taria-label=\"Agrandir\"\n\t\t\tdata-wp-init=\"callbacks.initTriggerButton\"\n\t\t\tdata-wp-on--click=\"actions.showLightbox\"\n\t\t\tdata-wp-style--right=\"state.imageButtonRight\"\n\t\t\tdata-wp-style--top=\"state.imageButtonTop\"\n\t\t>\n\t\t\t<svg xmlns=\"http:\/\/www.w3.org\/2000\/svg\" width=\"12\" height=\"12\" fill=\"none\" viewBox=\"0 0 12 12\">\n\t\t\t\t<path fill=\"#fff\" d=\"M2 0a2 2 0 0 0-2 2v2h1.5V2a.5.5 0 0 1 .5-.5h2V0H2Zm2 10.5H2a.5.5 0 0 1-.5-.5V8H0v2a2 2 0 0 0 2 2h2v-1.5ZM8 12v-1.5h2a.5.5 0 0 0 .5-.5V8H12v2a2 2 0 0 1-2 2H8Zm2-12a2 2 0 0 1 2 2v2h-1.5V2a.5.5 0 0 0-.5-.5H8V0h2Z\" \/>\n\t\t\t<\/svg>\n\t\t<\/button><\/figure>\n\n\n\n<p class=\"has-text-align-center\"><strong>La Di\u00e8ge vers le R de La Gane<\/strong><br>2025 \u2013 Encre de Chine sur papier 65 x 250 cm<\/p>\n\n\n\n<div style=\"height:100px\" aria-hidden=\"true\" class=\"wp-block-spacer\"><\/div>\n\n\n\n<figure data-wp-context=\"{&quot;imageId&quot;:&quot;69e8d2c6c3b10&quot;}\" data-wp-interactive=\"core\/image\" data-wp-key=\"69e8d2c6c3b10\" class=\"wp-block-image size-large wp-lightbox-container\"><img loading=\"lazy\" decoding=\"async\" width=\"1024\" height=\"247\" data-wp-class--hide=\"state.isContentHidden\" data-wp-class--show=\"state.isContentVisible\" data-wp-init=\"callbacks.setButtonStyles\" data-wp-on--click=\"actions.showLightbox\" data-wp-on--load=\"callbacks.setButtonStyles\" data-wp-on-window--resize=\"callbacks.setButtonStyles\" src=\"https:\/\/atelierantoinebataille.fr\/wp-content\/uploads\/2025\/06\/DESSIN-GF-1-BASSE-DEFF-1-1024x247.jpg\" alt=\"\" class=\"wp-image-1137\" srcset=\"https:\/\/atelierantoinebataille.fr\/wp-content\/uploads\/2025\/06\/DESSIN-GF-1-BASSE-DEFF-1-1024x247.jpg 1024w, https:\/\/atelierantoinebataille.fr\/wp-content\/uploads\/2025\/06\/DESSIN-GF-1-BASSE-DEFF-1-300x72.jpg 300w, https:\/\/atelierantoinebataille.fr\/wp-content\/uploads\/2025\/06\/DESSIN-GF-1-BASSE-DEFF-1-768x186.jpg 768w, https:\/\/atelierantoinebataille.fr\/wp-content\/uploads\/2025\/06\/DESSIN-GF-1-BASSE-DEFF-1-1536x371.jpg 1536w, https:\/\/atelierantoinebataille.fr\/wp-content\/uploads\/2025\/06\/DESSIN-GF-1-BASSE-DEFF-1-2048x495.jpg 2048w\" sizes=\"auto, (max-width: 1024px) 100vw, 1024px\" \/><button\n\t\t\tclass=\"lightbox-trigger\"\n\t\t\ttype=\"button\"\n\t\t\taria-haspopup=\"dialog\"\n\t\t\taria-label=\"Agrandir\"\n\t\t\tdata-wp-init=\"callbacks.initTriggerButton\"\n\t\t\tdata-wp-on--click=\"actions.showLightbox\"\n\t\t\tdata-wp-style--right=\"state.imageButtonRight\"\n\t\t\tdata-wp-style--top=\"state.imageButtonTop\"\n\t\t>\n\t\t\t<svg xmlns=\"http:\/\/www.w3.org\/2000\/svg\" width=\"12\" height=\"12\" fill=\"none\" viewBox=\"0 0 12 12\">\n\t\t\t\t<path fill=\"#fff\" d=\"M2 0a2 2 0 0 0-2 2v2h1.5V2a.5.5 0 0 1 .5-.5h2V0H2Zm2 10.5H2a.5.5 0 0 1-.5-.5V8H0v2a2 2 0 0 0 2 2h2v-1.5ZM8 12v-1.5h2a.5.5 0 0 0 .5-.5V8H12v2a2 2 0 0 1-2 2H8Zm2-12a2 2 0 0 1 2 2v2h-1.5V2a.5.5 0 0 0-.5-.5H8V0h2Z\" \/>\n\t\t\t<\/svg>\n\t\t<\/button><\/figure>\n\n\n\n<p class=\"has-text-align-center\"><strong>L&rsquo;Artaude<\/strong><br>2025 \u2013 Encre de Chine sur papier 65 x 250 cm<\/p>\n\n\n\n<div style=\"height:100px\" aria-hidden=\"true\" class=\"wp-block-spacer\"><\/div>\n\n\n\n<p class=\"has-text-align-center\"><a href=\"https:\/\/atelierantoinebataille.fr\/index.php\/editions\/lieux-de-passages\/\">Lieux de passages<\/a><\/p>\n\n\n\n<p><\/p>\n","protected":false},"excerpt":{"rendered":"<p>Texte de l&rsquo;exposition Des Rives, \u00e0 la galerie Aki\u00e9 Arichi (juin-septembre 2025) D\u00e9but juin, Antoine descend la Dordogne en bateau gonflable. Charg\u00e9 du n\u00e9cessaire pour ces deux semaines d\u2019errance au fil des courants corr\u00e9ziens, il part en qu\u00eate d\u2019un nouveau format, tout en longueur, mettant en sc\u00e8ne les paysages parcourus. La rudesse du paysage n\u2019est [&hellip;]<\/p>\n","protected":false},"author":1,"featured_media":0,"parent":14,"menu_order":4,"comment_status":"closed","ping_status":"closed","template":"","meta":{"ocean_post_layout":"","ocean_both_sidebars_style":"","ocean_both_sidebars_content_width":0,"ocean_both_sidebars_sidebars_width":0,"ocean_sidebar":"","ocean_second_sidebar":"","ocean_disable_margins":"enable","ocean_add_body_class":"","ocean_shortcode_before_top_bar":"","ocean_shortcode_after_top_bar":"","ocean_shortcode_before_header":"","ocean_shortcode_after_header":"","ocean_has_shortcode":"","ocean_shortcode_after_title":"","ocean_shortcode_before_footer_widgets":"","ocean_shortcode_after_footer_widgets":"","ocean_shortcode_before_footer_bottom":"","ocean_shortcode_after_footer_bottom":"","ocean_display_top_bar":"default","ocean_display_header":"default","ocean_header_style":"","ocean_center_header_left_menu":"","ocean_custom_header_template":"","ocean_custom_logo":0,"ocean_custom_retina_logo":0,"ocean_custom_logo_max_width":0,"ocean_custom_logo_tablet_max_width":0,"ocean_custom_logo_mobile_max_width":0,"ocean_custom_logo_max_height":0,"ocean_custom_logo_tablet_max_height":0,"ocean_custom_logo_mobile_max_height":0,"ocean_header_custom_menu":"","ocean_menu_typo_font_family":"","ocean_menu_typo_font_subset":"","ocean_menu_typo_font_size":0,"ocean_menu_typo_font_size_tablet":0,"ocean_menu_typo_font_size_mobile":0,"ocean_menu_typo_font_size_unit":"px","ocean_menu_typo_font_weight":"","ocean_menu_typo_font_weight_tablet":"","ocean_menu_typo_font_weight_mobile":"","ocean_menu_typo_transform":"","ocean_menu_typo_transform_tablet":"","ocean_menu_typo_transform_mobile":"","ocean_menu_typo_line_height":0,"ocean_menu_typo_line_height_tablet":0,"ocean_menu_typo_line_height_mobile":0,"ocean_menu_typo_line_height_unit":"","ocean_menu_typo_spacing":0,"ocean_menu_typo_spacing_tablet":0,"ocean_menu_typo_spacing_mobile":0,"ocean_menu_typo_spacing_unit":"","ocean_menu_link_color":"","ocean_menu_link_color_hover":"","ocean_menu_link_color_active":"","ocean_menu_link_background":"","ocean_menu_link_hover_background":"","ocean_menu_link_active_background":"","ocean_menu_social_links_bg":"","ocean_menu_social_hover_links_bg":"","ocean_menu_social_links_color":"","ocean_menu_social_hover_links_color":"","ocean_disable_title":"default","ocean_disable_heading":"default","ocean_post_title":"","ocean_post_subheading":"","ocean_post_title_style":"","ocean_post_title_background_color":"","ocean_post_title_background":0,"ocean_post_title_bg_image_position":"","ocean_post_title_bg_image_attachment":"","ocean_post_title_bg_image_repeat":"","ocean_post_title_bg_image_size":"","ocean_post_title_height":0,"ocean_post_title_bg_overlay":0.5,"ocean_post_title_bg_overlay_color":"","ocean_disable_breadcrumbs":"default","ocean_breadcrumbs_color":"","ocean_breadcrumbs_separator_color":"","ocean_breadcrumbs_links_color":"","ocean_breadcrumbs_links_hover_color":"","ocean_display_footer_widgets":"default","ocean_display_footer_bottom":"default","ocean_custom_footer_template":"","footnotes":""},"class_list":["post-1122","page","type-page","status-publish","hentry","entry"],"yoast_head":"<!-- This site is optimized with the Yoast SEO plugin v20.8 - https:\/\/yoast.com\/wordpress\/plugins\/seo\/ -->\n<title>Des rives - Antoine Bataille<\/title>\n<meta name=\"robots\" content=\"index, follow, max-snippet:-1, max-image-preview:large, max-video-preview:-1\" \/>\n<link rel=\"canonical\" href=\"https:\/\/atelierantoinebataille.fr\/index.php\/bienvenue\/des-rives\/\" \/>\n<meta property=\"og:locale\" content=\"fr_FR\" \/>\n<meta property=\"og:type\" content=\"article\" \/>\n<meta property=\"og:title\" content=\"Des rives - Antoine Bataille\" \/>\n<meta property=\"og:description\" content=\"Texte de l&rsquo;exposition Des Rives, \u00e0 la galerie Aki\u00e9 Arichi (juin-septembre 2025) D\u00e9but juin, Antoine descend la Dordogne en bateau gonflable. Charg\u00e9 du n\u00e9cessaire pour ces deux semaines d\u2019errance au fil des courants corr\u00e9ziens, il part en qu\u00eate d\u2019un nouveau format, tout en longueur, mettant en sc\u00e8ne les paysages parcourus. La rudesse du paysage n\u2019est [&hellip;]\" \/>\n<meta property=\"og:url\" content=\"https:\/\/atelierantoinebataille.fr\/index.php\/bienvenue\/des-rives\/\" \/>\n<meta property=\"og:site_name\" content=\"Antoine Bataille\" \/>\n<meta property=\"article:modified_time\" content=\"2025-06-29T18:40:29+00:00\" \/>\n<meta property=\"og:image\" content=\"https:\/\/atelierantoinebataille.fr\/wp-content\/uploads\/2025\/06\/DESSIN-GF-LA-DIEGE-BASSE-DEFF-1024x260.jpg\" \/>\n<meta name=\"twitter:card\" content=\"summary_large_image\" \/>\n<meta name=\"twitter:label1\" content=\"Dur\u00e9e de lecture estim\u00e9e\" \/>\n\t<meta name=\"twitter:data1\" content=\"3 minutes\" \/>\n<script type=\"application\/ld+json\" class=\"yoast-schema-graph\">{\"@context\":\"https:\/\/schema.org\",\"@graph\":[{\"@type\":\"WebPage\",\"@id\":\"https:\/\/atelierantoinebataille.fr\/index.php\/bienvenue\/des-rives\/\",\"url\":\"https:\/\/atelierantoinebataille.fr\/index.php\/bienvenue\/des-rives\/\",\"name\":\"Des rives - Antoine Bataille\",\"isPartOf\":{\"@id\":\"https:\/\/atelierantoinebataille.fr\/#website\"},\"datePublished\":\"2025-06-29T17:22:58+00:00\",\"dateModified\":\"2025-06-29T18:40:29+00:00\",\"breadcrumb\":{\"@id\":\"https:\/\/atelierantoinebataille.fr\/index.php\/bienvenue\/des-rives\/#breadcrumb\"},\"inLanguage\":\"fr-FR\",\"potentialAction\":[{\"@type\":\"ReadAction\",\"target\":[\"https:\/\/atelierantoinebataille.fr\/index.php\/bienvenue\/des-rives\/\"]}]},{\"@type\":\"BreadcrumbList\",\"@id\":\"https:\/\/atelierantoinebataille.fr\/index.php\/bienvenue\/des-rives\/#breadcrumb\",\"itemListElement\":[{\"@type\":\"ListItem\",\"position\":1,\"name\":\"Accueil\",\"item\":\"https:\/\/atelierantoinebataille.fr\/\"},{\"@type\":\"ListItem\",\"position\":2,\"name\":\"Peintures\",\"item\":\"https:\/\/atelierantoinebataille.fr\/index.php\/bienvenue\/\"},{\"@type\":\"ListItem\",\"position\":3,\"name\":\"Des rives\"}]},{\"@type\":\"WebSite\",\"@id\":\"https:\/\/atelierantoinebataille.fr\/#website\",\"url\":\"https:\/\/atelierantoinebataille.fr\/\",\"name\":\"Antoine Bataille\",\"description\":\"Le myst\u00e8re demeure dans l&#039;ombre\",\"publisher\":{\"@id\":\"https:\/\/atelierantoinebataille.fr\/#organization\"},\"potentialAction\":[{\"@type\":\"SearchAction\",\"target\":{\"@type\":\"EntryPoint\",\"urlTemplate\":\"https:\/\/atelierantoinebataille.fr\/?s={search_term_string}\"},\"query-input\":\"required name=search_term_string\"}],\"inLanguage\":\"fr-FR\"},{\"@type\":\"Organization\",\"@id\":\"https:\/\/atelierantoinebataille.fr\/#organization\",\"name\":\"Antoine Bataille\",\"url\":\"https:\/\/atelierantoinebataille.fr\/\",\"logo\":{\"@type\":\"ImageObject\",\"inLanguage\":\"fr-FR\",\"@id\":\"https:\/\/atelierantoinebataille.fr\/#\/schema\/logo\/image\/\",\"url\":\"https:\/\/atelierantoinebataille.fr\/wp-content\/uploads\/2023\/09\/cropped-TITRE-SITE-ANTOINE-BATAILLE.jpg\",\"contentUrl\":\"https:\/\/atelierantoinebataille.fr\/wp-content\/uploads\/2023\/09\/cropped-TITRE-SITE-ANTOINE-BATAILLE.jpg\",\"width\":815,\"height\":229,\"caption\":\"Antoine Bataille\"},\"image\":{\"@id\":\"https:\/\/atelierantoinebataille.fr\/#\/schema\/logo\/image\/\"}}]}<\/script>\n<!-- \/ Yoast SEO plugin. -->","yoast_head_json":{"title":"Des rives - Antoine Bataille","robots":{"index":"index","follow":"follow","max-snippet":"max-snippet:-1","max-image-preview":"max-image-preview:large","max-video-preview":"max-video-preview:-1"},"canonical":"https:\/\/atelierantoinebataille.fr\/index.php\/bienvenue\/des-rives\/","og_locale":"fr_FR","og_type":"article","og_title":"Des rives - Antoine Bataille","og_description":"Texte de l&rsquo;exposition Des Rives, \u00e0 la galerie Aki\u00e9 Arichi (juin-septembre 2025) D\u00e9but juin, Antoine descend la Dordogne en bateau gonflable. Charg\u00e9 du n\u00e9cessaire pour ces deux semaines d\u2019errance au fil des courants corr\u00e9ziens, il part en qu\u00eate d\u2019un nouveau format, tout en longueur, mettant en sc\u00e8ne les paysages parcourus. La rudesse du paysage n\u2019est [&hellip;]","og_url":"https:\/\/atelierantoinebataille.fr\/index.php\/bienvenue\/des-rives\/","og_site_name":"Antoine Bataille","article_modified_time":"2025-06-29T18:40:29+00:00","og_image":[{"url":"https:\/\/atelierantoinebataille.fr\/wp-content\/uploads\/2025\/06\/DESSIN-GF-LA-DIEGE-BASSE-DEFF-1024x260.jpg"}],"twitter_card":"summary_large_image","twitter_misc":{"Dur\u00e9e de lecture estim\u00e9e":"3 minutes"},"schema":{"@context":"https:\/\/schema.org","@graph":[{"@type":"WebPage","@id":"https:\/\/atelierantoinebataille.fr\/index.php\/bienvenue\/des-rives\/","url":"https:\/\/atelierantoinebataille.fr\/index.php\/bienvenue\/des-rives\/","name":"Des rives - Antoine Bataille","isPartOf":{"@id":"https:\/\/atelierantoinebataille.fr\/#website"},"datePublished":"2025-06-29T17:22:58+00:00","dateModified":"2025-06-29T18:40:29+00:00","breadcrumb":{"@id":"https:\/\/atelierantoinebataille.fr\/index.php\/bienvenue\/des-rives\/#breadcrumb"},"inLanguage":"fr-FR","potentialAction":[{"@type":"ReadAction","target":["https:\/\/atelierantoinebataille.fr\/index.php\/bienvenue\/des-rives\/"]}]},{"@type":"BreadcrumbList","@id":"https:\/\/atelierantoinebataille.fr\/index.php\/bienvenue\/des-rives\/#breadcrumb","itemListElement":[{"@type":"ListItem","position":1,"name":"Accueil","item":"https:\/\/atelierantoinebataille.fr\/"},{"@type":"ListItem","position":2,"name":"Peintures","item":"https:\/\/atelierantoinebataille.fr\/index.php\/bienvenue\/"},{"@type":"ListItem","position":3,"name":"Des rives"}]},{"@type":"WebSite","@id":"https:\/\/atelierantoinebataille.fr\/#website","url":"https:\/\/atelierantoinebataille.fr\/","name":"Antoine Bataille","description":"Le myst\u00e8re demeure dans l&#039;ombre","publisher":{"@id":"https:\/\/atelierantoinebataille.fr\/#organization"},"potentialAction":[{"@type":"SearchAction","target":{"@type":"EntryPoint","urlTemplate":"https:\/\/atelierantoinebataille.fr\/?s={search_term_string}"},"query-input":"required name=search_term_string"}],"inLanguage":"fr-FR"},{"@type":"Organization","@id":"https:\/\/atelierantoinebataille.fr\/#organization","name":"Antoine Bataille","url":"https:\/\/atelierantoinebataille.fr\/","logo":{"@type":"ImageObject","inLanguage":"fr-FR","@id":"https:\/\/atelierantoinebataille.fr\/#\/schema\/logo\/image\/","url":"https:\/\/atelierantoinebataille.fr\/wp-content\/uploads\/2023\/09\/cropped-TITRE-SITE-ANTOINE-BATAILLE.jpg","contentUrl":"https:\/\/atelierantoinebataille.fr\/wp-content\/uploads\/2023\/09\/cropped-TITRE-SITE-ANTOINE-BATAILLE.jpg","width":815,"height":229,"caption":"Antoine Bataille"},"image":{"@id":"https:\/\/atelierantoinebataille.fr\/#\/schema\/logo\/image\/"}}]}},"_links":{"self":[{"href":"https:\/\/atelierantoinebataille.fr\/index.php\/wp-json\/wp\/v2\/pages\/1122","targetHints":{"allow":["GET"]}}],"collection":[{"href":"https:\/\/atelierantoinebataille.fr\/index.php\/wp-json\/wp\/v2\/pages"}],"about":[{"href":"https:\/\/atelierantoinebataille.fr\/index.php\/wp-json\/wp\/v2\/types\/page"}],"author":[{"embeddable":true,"href":"https:\/\/atelierantoinebataille.fr\/index.php\/wp-json\/wp\/v2\/users\/1"}],"replies":[{"embeddable":true,"href":"https:\/\/atelierantoinebataille.fr\/index.php\/wp-json\/wp\/v2\/comments?post=1122"}],"version-history":[{"count":6,"href":"https:\/\/atelierantoinebataille.fr\/index.php\/wp-json\/wp\/v2\/pages\/1122\/revisions"}],"predecessor-version":[{"id":1160,"href":"https:\/\/atelierantoinebataille.fr\/index.php\/wp-json\/wp\/v2\/pages\/1122\/revisions\/1160"}],"up":[{"embeddable":true,"href":"https:\/\/atelierantoinebataille.fr\/index.php\/wp-json\/wp\/v2\/pages\/14"}],"wp:attachment":[{"href":"https:\/\/atelierantoinebataille.fr\/index.php\/wp-json\/wp\/v2\/media?parent=1122"}],"curies":[{"name":"wp","href":"https:\/\/api.w.org\/{rel}","templated":true}]}}