{"id":1127,"date":"2025-06-29T19:30:11","date_gmt":"2025-06-29T17:30:11","guid":{"rendered":"https:\/\/atelierantoinebataille.fr\/?page_id=1127"},"modified":"2026-01-28T10:47:46","modified_gmt":"2026-01-28T09:47:46","slug":"lieux-de-passages","status":"publish","type":"page","link":"https:\/\/atelierantoinebataille.fr\/index.php\/editions\/lieux-de-passages\/","title":{"rendered":"Lieux de Passages"},"content":{"rendered":"\n<p>Ce carnet a \u00e9t\u00e9 r\u00e9alis\u00e9 en collaboration avec les <strong>\u00c9ditions Arichi<\/strong> en juin 2025. Le premier tirage est de 100 exemplaires, num\u00e9rot\u00e9s et sign\u00e9s. Les 10 premiers sont accompagn\u00e9 d&rsquo;un original 14 x 20 cm.<\/p>\n\n\n\n<p>Lieux de passages regroupe une s\u00e9lection de 32 dessins et 27 textes (2024-2025) issus des carnets r\u00e9alis\u00e9s le motif.<\/p>\n\n\n\n<p><\/p>\n\n\n\n<div style=\"height:47px\" aria-hidden=\"true\" class=\"wp-block-spacer\"><\/div>\n\n\n\n<figure class=\"wp-block-image size-large is-resized\"><img loading=\"lazy\" decoding=\"async\" width=\"729\" height=\"1024\" src=\"https:\/\/atelierantoinebataille.fr\/wp-content\/uploads\/2025\/06\/LDP-C-729x1024.jpg\" alt=\"\" class=\"wp-image-1153\" style=\"width:840px;height:auto\" srcset=\"https:\/\/atelierantoinebataille.fr\/wp-content\/uploads\/2025\/06\/LDP-C-729x1024.jpg 729w, https:\/\/atelierantoinebataille.fr\/wp-content\/uploads\/2025\/06\/LDP-C-214x300.jpg 214w, https:\/\/atelierantoinebataille.fr\/wp-content\/uploads\/2025\/06\/LDP-C-768x1079.jpg 768w, https:\/\/atelierantoinebataille.fr\/wp-content\/uploads\/2025\/06\/LDP-C-1093x1536.jpg 1093w, https:\/\/atelierantoinebataille.fr\/wp-content\/uploads\/2025\/06\/LDP-C-1458x2048.jpg 1458w, https:\/\/atelierantoinebataille.fr\/wp-content\/uploads\/2025\/06\/LDP-C-scaled.jpg 1822w\" sizes=\"auto, (max-width: 729px) 100vw, 729px\" \/><\/figure>\n\n\n\n<div style=\"height:100px\" aria-hidden=\"true\" class=\"wp-block-spacer\"><\/div>\n\n\n\n<div class=\"wp-block-columns is-layout-flex wp-container-core-columns-is-layout-9d6595d7 wp-block-columns-is-layout-flex\">\n<div class=\"wp-block-column is-layout-flow wp-block-column-is-layout-flow\">\n<figure class=\"wp-block-image size-large\"><img loading=\"lazy\" decoding=\"async\" width=\"1024\" height=\"763\" src=\"https:\/\/atelierantoinebataille.fr\/wp-content\/uploads\/2025\/06\/DOUBLES-PAGES-3-1024x763.jpg\" alt=\"\" class=\"wp-image-1144\" srcset=\"https:\/\/atelierantoinebataille.fr\/wp-content\/uploads\/2025\/06\/DOUBLES-PAGES-3-1024x763.jpg 1024w, https:\/\/atelierantoinebataille.fr\/wp-content\/uploads\/2025\/06\/DOUBLES-PAGES-3-300x224.jpg 300w, https:\/\/atelierantoinebataille.fr\/wp-content\/uploads\/2025\/06\/DOUBLES-PAGES-3-768x572.jpg 768w, https:\/\/atelierantoinebataille.fr\/wp-content\/uploads\/2025\/06\/DOUBLES-PAGES-3-1536x1144.jpg 1536w, https:\/\/atelierantoinebataille.fr\/wp-content\/uploads\/2025\/06\/DOUBLES-PAGES-3-2048x1526.jpg 2048w\" sizes=\"auto, (max-width: 1024px) 100vw, 1024px\" \/><\/figure>\n\n\n\n<figure class=\"wp-block-image size-large\"><img loading=\"lazy\" decoding=\"async\" width=\"1024\" height=\"763\" src=\"https:\/\/atelierantoinebataille.fr\/wp-content\/uploads\/2025\/06\/DOUBLES-PAGES-2-1024x763.jpg\" alt=\"\" class=\"wp-image-1145\" srcset=\"https:\/\/atelierantoinebataille.fr\/wp-content\/uploads\/2025\/06\/DOUBLES-PAGES-2-1024x763.jpg 1024w, https:\/\/atelierantoinebataille.fr\/wp-content\/uploads\/2025\/06\/DOUBLES-PAGES-2-300x224.jpg 300w, https:\/\/atelierantoinebataille.fr\/wp-content\/uploads\/2025\/06\/DOUBLES-PAGES-2-768x572.jpg 768w, https:\/\/atelierantoinebataille.fr\/wp-content\/uploads\/2025\/06\/DOUBLES-PAGES-2-1536x1144.jpg 1536w, https:\/\/atelierantoinebataille.fr\/wp-content\/uploads\/2025\/06\/DOUBLES-PAGES-2-2048x1526.jpg 2048w\" sizes=\"auto, (max-width: 1024px) 100vw, 1024px\" \/><\/figure>\n\n\n\n<figure class=\"wp-block-image size-large\"><img loading=\"lazy\" decoding=\"async\" width=\"1024\" height=\"763\" src=\"https:\/\/atelierantoinebataille.fr\/wp-content\/uploads\/2025\/06\/DOUBLES-PAGES-1-1024x763.jpg\" alt=\"\" class=\"wp-image-1146\" srcset=\"https:\/\/atelierantoinebataille.fr\/wp-content\/uploads\/2025\/06\/DOUBLES-PAGES-1-1024x763.jpg 1024w, https:\/\/atelierantoinebataille.fr\/wp-content\/uploads\/2025\/06\/DOUBLES-PAGES-1-300x224.jpg 300w, https:\/\/atelierantoinebataille.fr\/wp-content\/uploads\/2025\/06\/DOUBLES-PAGES-1-768x572.jpg 768w, https:\/\/atelierantoinebataille.fr\/wp-content\/uploads\/2025\/06\/DOUBLES-PAGES-1-1536x1144.jpg 1536w, https:\/\/atelierantoinebataille.fr\/wp-content\/uploads\/2025\/06\/DOUBLES-PAGES-1-2048x1526.jpg 2048w\" sizes=\"auto, (max-width: 1024px) 100vw, 1024px\" \/><\/figure>\n<\/div>\n<\/div>\n\n\n\n<figure class=\"wp-block-image size-large is-resized\"><img loading=\"lazy\" decoding=\"async\" width=\"729\" height=\"1024\" src=\"https:\/\/atelierantoinebataille.fr\/wp-content\/uploads\/2025\/06\/SUR-STAND-LDP-729x1024.jpg\" alt=\"\" class=\"wp-image-1152\" style=\"width:840px;height:auto\" srcset=\"https:\/\/atelierantoinebataille.fr\/wp-content\/uploads\/2025\/06\/SUR-STAND-LDP-729x1024.jpg 729w, https:\/\/atelierantoinebataille.fr\/wp-content\/uploads\/2025\/06\/SUR-STAND-LDP-214x300.jpg 214w, https:\/\/atelierantoinebataille.fr\/wp-content\/uploads\/2025\/06\/SUR-STAND-LDP-768x1079.jpg 768w, https:\/\/atelierantoinebataille.fr\/wp-content\/uploads\/2025\/06\/SUR-STAND-LDP-1093x1536.jpg 1093w, https:\/\/atelierantoinebataille.fr\/wp-content\/uploads\/2025\/06\/SUR-STAND-LDP-1458x2048.jpg 1458w, https:\/\/atelierantoinebataille.fr\/wp-content\/uploads\/2025\/06\/SUR-STAND-LDP-scaled.jpg 1822w\" sizes=\"auto, (max-width: 729px) 100vw, 729px\" \/><\/figure>\n\n\n\n<div style=\"height:100px\" aria-hidden=\"true\" class=\"wp-block-spacer\"><\/div>\n\n\n\n<p class=\"has-text-align-center\"><a href=\"https:\/\/atelierantoinebataille.fr\/index.php\/editions\/carnet-derrance\/\">Carnet d&rsquo;errance<\/a><\/p>\n\n\n\n<p><\/p>\n","protected":false},"excerpt":{"rendered":"<p>Ce carnet a \u00e9t\u00e9 r\u00e9alis\u00e9 en collaboration avec les \u00c9ditions Arichi en juin 2025. Le premier tirage est de 100 exemplaires, num\u00e9rot\u00e9s et sign\u00e9s. Les 10 premiers sont accompagn\u00e9 d&rsquo;un original 14 x 20 cm. Lieux de passages regroupe une s\u00e9lection de 32 dessins et 27 textes (2024-2025) issus des carnets r\u00e9alis\u00e9s le motif. Carnet [&hellip;]<\/p>\n","protected":false},"author":1,"featured_media":0,"parent":939,"menu_order":0,"comment_status":"closed","ping_status":"closed","template":"","meta":{"ocean_post_layout":"","ocean_both_sidebars_style":"","ocean_both_sidebars_content_width":0,"ocean_both_sidebars_sidebars_width":0,"ocean_sidebar":"","ocean_second_sidebar":"","ocean_disable_margins":"enable","ocean_add_body_class":"","ocean_shortcode_before_top_bar":"","ocean_shortcode_after_top_bar":"","ocean_shortcode_before_header":"","ocean_shortcode_after_header":"","ocean_has_shortcode":"","ocean_shortcode_after_title":"","ocean_shortcode_before_footer_widgets":"","ocean_shortcode_after_footer_widgets":"","ocean_shortcode_before_footer_bottom":"","ocean_shortcode_after_footer_bottom":"","ocean_display_top_bar":"default","ocean_display_header":"default","ocean_header_style":"","ocean_center_header_left_menu":"","ocean_custom_header_template":"","ocean_custom_logo":0,"ocean_custom_retina_logo":0,"ocean_custom_logo_max_width":0,"ocean_custom_logo_tablet_max_width":0,"ocean_custom_logo_mobile_max_width":0,"ocean_custom_logo_max_height":0,"ocean_custom_logo_tablet_max_height":0,"ocean_custom_logo_mobile_max_height":0,"ocean_header_custom_menu":"","ocean_menu_typo_font_family":"","ocean_menu_typo_font_subset":"","ocean_menu_typo_font_size":0,"ocean_menu_typo_font_size_tablet":0,"ocean_menu_typo_font_size_mobile":0,"ocean_menu_typo_font_size_unit":"px","ocean_menu_typo_font_weight":"","ocean_menu_typo_font_weight_tablet":"","ocean_menu_typo_font_weight_mobile":"","ocean_menu_typo_transform":"","ocean_menu_typo_transform_tablet":"","ocean_menu_typo_transform_mobile":"","ocean_menu_typo_line_height":0,"ocean_menu_typo_line_height_tablet":0,"ocean_menu_typo_line_height_mobile":0,"ocean_menu_typo_line_height_unit":"","ocean_menu_typo_spacing":0,"ocean_menu_typo_spacing_tablet":0,"ocean_menu_typo_spacing_mobile":0,"ocean_menu_typo_spacing_unit":"","ocean_menu_link_color":"","ocean_menu_link_color_hover":"","ocean_menu_link_color_active":"","ocean_menu_link_background":"","ocean_menu_link_hover_background":"","ocean_menu_link_active_background":"","ocean_menu_social_links_bg":"","ocean_menu_social_hover_links_bg":"","ocean_menu_social_links_color":"","ocean_menu_social_hover_links_color":"","ocean_disable_title":"default","ocean_disable_heading":"default","ocean_post_title":"","ocean_post_subheading":"","ocean_post_title_style":"","ocean_post_title_background_color":"","ocean_post_title_background":0,"ocean_post_title_bg_image_position":"","ocean_post_title_bg_image_attachment":"","ocean_post_title_bg_image_repeat":"","ocean_post_title_bg_image_size":"","ocean_post_title_height":0,"ocean_post_title_bg_overlay":0.5,"ocean_post_title_bg_overlay_color":"","ocean_disable_breadcrumbs":"default","ocean_breadcrumbs_color":"","ocean_breadcrumbs_separator_color":"","ocean_breadcrumbs_links_color":"","ocean_breadcrumbs_links_hover_color":"","ocean_display_footer_widgets":"default","ocean_display_footer_bottom":"default","ocean_custom_footer_template":"","footnotes":""},"class_list":["post-1127","page","type-page","status-publish","hentry","entry"],"yoast_head":"<!-- This site is optimized with the Yoast SEO plugin v20.8 - https:\/\/yoast.com\/wordpress\/plugins\/seo\/ -->\n<title>Lieux de Passages - Antoine Bataille<\/title>\n<meta name=\"robots\" content=\"index, follow, max-snippet:-1, max-image-preview:large, max-video-preview:-1\" \/>\n<link rel=\"canonical\" href=\"https:\/\/atelierantoinebataille.fr\/index.php\/editions\/lieux-de-passages\/\" \/>\n<meta property=\"og:locale\" content=\"fr_FR\" \/>\n<meta property=\"og:type\" content=\"article\" \/>\n<meta property=\"og:title\" content=\"Lieux de Passages - Antoine Bataille\" \/>\n<meta property=\"og:description\" content=\"Ce carnet a \u00e9t\u00e9 r\u00e9alis\u00e9 en collaboration avec les \u00c9ditions Arichi en juin 2025. Le premier tirage est de 100 exemplaires, num\u00e9rot\u00e9s et sign\u00e9s. Les 10 premiers sont accompagn\u00e9 d&rsquo;un original 14 x 20 cm. Lieux de passages regroupe une s\u00e9lection de 32 dessins et 27 textes (2024-2025) issus des carnets r\u00e9alis\u00e9s le motif. Carnet [&hellip;]\" \/>\n<meta property=\"og:url\" content=\"https:\/\/atelierantoinebataille.fr\/index.php\/editions\/lieux-de-passages\/\" \/>\n<meta property=\"og:site_name\" content=\"Antoine Bataille\" \/>\n<meta property=\"article:modified_time\" content=\"2026-01-28T09:47:46+00:00\" \/>\n<meta property=\"og:image\" content=\"https:\/\/atelierantoinebataille.fr\/wp-content\/uploads\/2025\/06\/LDP-C-729x1024.jpg\" \/>\n<meta name=\"twitter:card\" content=\"summary_large_image\" \/>\n<meta name=\"twitter:label1\" content=\"Dur\u00e9e de lecture estim\u00e9e\" \/>\n\t<meta name=\"twitter:data1\" content=\"2 minutes\" \/>\n<script type=\"application\/ld+json\" class=\"yoast-schema-graph\">{\"@context\":\"https:\/\/schema.org\",\"@graph\":[{\"@type\":\"WebPage\",\"@id\":\"https:\/\/atelierantoinebataille.fr\/index.php\/editions\/lieux-de-passages\/\",\"url\":\"https:\/\/atelierantoinebataille.fr\/index.php\/editions\/lieux-de-passages\/\",\"name\":\"Lieux de Passages - Antoine Bataille\",\"isPartOf\":{\"@id\":\"https:\/\/atelierantoinebataille.fr\/#website\"},\"datePublished\":\"2025-06-29T17:30:11+00:00\",\"dateModified\":\"2026-01-28T09:47:46+00:00\",\"breadcrumb\":{\"@id\":\"https:\/\/atelierantoinebataille.fr\/index.php\/editions\/lieux-de-passages\/#breadcrumb\"},\"inLanguage\":\"fr-FR\",\"potentialAction\":[{\"@type\":\"ReadAction\",\"target\":[\"https:\/\/atelierantoinebataille.fr\/index.php\/editions\/lieux-de-passages\/\"]}]},{\"@type\":\"BreadcrumbList\",\"@id\":\"https:\/\/atelierantoinebataille.fr\/index.php\/editions\/lieux-de-passages\/#breadcrumb\",\"itemListElement\":[{\"@type\":\"ListItem\",\"position\":1,\"name\":\"Accueil\",\"item\":\"https:\/\/atelierantoinebataille.fr\/\"},{\"@type\":\"ListItem\",\"position\":2,\"name\":\"\u00c9ditions\",\"item\":\"https:\/\/atelierantoinebataille.fr\/index.php\/editions\/\"},{\"@type\":\"ListItem\",\"position\":3,\"name\":\"Lieux de Passages\"}]},{\"@type\":\"WebSite\",\"@id\":\"https:\/\/atelierantoinebataille.fr\/#website\",\"url\":\"https:\/\/atelierantoinebataille.fr\/\",\"name\":\"Antoine Bataille\",\"description\":\"Le myst\u00e8re demeure dans l&#039;ombre\",\"publisher\":{\"@id\":\"https:\/\/atelierantoinebataille.fr\/#organization\"},\"potentialAction\":[{\"@type\":\"SearchAction\",\"target\":{\"@type\":\"EntryPoint\",\"urlTemplate\":\"https:\/\/atelierantoinebataille.fr\/?s={search_term_string}\"},\"query-input\":\"required name=search_term_string\"}],\"inLanguage\":\"fr-FR\"},{\"@type\":\"Organization\",\"@id\":\"https:\/\/atelierantoinebataille.fr\/#organization\",\"name\":\"Antoine Bataille\",\"url\":\"https:\/\/atelierantoinebataille.fr\/\",\"logo\":{\"@type\":\"ImageObject\",\"inLanguage\":\"fr-FR\",\"@id\":\"https:\/\/atelierantoinebataille.fr\/#\/schema\/logo\/image\/\",\"url\":\"https:\/\/atelierantoinebataille.fr\/wp-content\/uploads\/2023\/09\/cropped-TITRE-SITE-ANTOINE-BATAILLE.jpg\",\"contentUrl\":\"https:\/\/atelierantoinebataille.fr\/wp-content\/uploads\/2023\/09\/cropped-TITRE-SITE-ANTOINE-BATAILLE.jpg\",\"width\":815,\"height\":229,\"caption\":\"Antoine Bataille\"},\"image\":{\"@id\":\"https:\/\/atelierantoinebataille.fr\/#\/schema\/logo\/image\/\"}}]}<\/script>\n<!-- \/ Yoast SEO plugin. -->","yoast_head_json":{"title":"Lieux de Passages - Antoine Bataille","robots":{"index":"index","follow":"follow","max-snippet":"max-snippet:-1","max-image-preview":"max-image-preview:large","max-video-preview":"max-video-preview:-1"},"canonical":"https:\/\/atelierantoinebataille.fr\/index.php\/editions\/lieux-de-passages\/","og_locale":"fr_FR","og_type":"article","og_title":"Lieux de Passages - Antoine Bataille","og_description":"Ce carnet a \u00e9t\u00e9 r\u00e9alis\u00e9 en collaboration avec les \u00c9ditions Arichi en juin 2025. Le premier tirage est de 100 exemplaires, num\u00e9rot\u00e9s et sign\u00e9s. Les 10 premiers sont accompagn\u00e9 d&rsquo;un original 14 x 20 cm. Lieux de passages regroupe une s\u00e9lection de 32 dessins et 27 textes (2024-2025) issus des carnets r\u00e9alis\u00e9s le motif. Carnet [&hellip;]","og_url":"https:\/\/atelierantoinebataille.fr\/index.php\/editions\/lieux-de-passages\/","og_site_name":"Antoine Bataille","article_modified_time":"2026-01-28T09:47:46+00:00","og_image":[{"url":"https:\/\/atelierantoinebataille.fr\/wp-content\/uploads\/2025\/06\/LDP-C-729x1024.jpg"}],"twitter_card":"summary_large_image","twitter_misc":{"Dur\u00e9e de lecture estim\u00e9e":"2 minutes"},"schema":{"@context":"https:\/\/schema.org","@graph":[{"@type":"WebPage","@id":"https:\/\/atelierantoinebataille.fr\/index.php\/editions\/lieux-de-passages\/","url":"https:\/\/atelierantoinebataille.fr\/index.php\/editions\/lieux-de-passages\/","name":"Lieux de Passages - Antoine Bataille","isPartOf":{"@id":"https:\/\/atelierantoinebataille.fr\/#website"},"datePublished":"2025-06-29T17:30:11+00:00","dateModified":"2026-01-28T09:47:46+00:00","breadcrumb":{"@id":"https:\/\/atelierantoinebataille.fr\/index.php\/editions\/lieux-de-passages\/#breadcrumb"},"inLanguage":"fr-FR","potentialAction":[{"@type":"ReadAction","target":["https:\/\/atelierantoinebataille.fr\/index.php\/editions\/lieux-de-passages\/"]}]},{"@type":"BreadcrumbList","@id":"https:\/\/atelierantoinebataille.fr\/index.php\/editions\/lieux-de-passages\/#breadcrumb","itemListElement":[{"@type":"ListItem","position":1,"name":"Accueil","item":"https:\/\/atelierantoinebataille.fr\/"},{"@type":"ListItem","position":2,"name":"\u00c9ditions","item":"https:\/\/atelierantoinebataille.fr\/index.php\/editions\/"},{"@type":"ListItem","position":3,"name":"Lieux de Passages"}]},{"@type":"WebSite","@id":"https:\/\/atelierantoinebataille.fr\/#website","url":"https:\/\/atelierantoinebataille.fr\/","name":"Antoine Bataille","description":"Le myst\u00e8re demeure dans l&#039;ombre","publisher":{"@id":"https:\/\/atelierantoinebataille.fr\/#organization"},"potentialAction":[{"@type":"SearchAction","target":{"@type":"EntryPoint","urlTemplate":"https:\/\/atelierantoinebataille.fr\/?s={search_term_string}"},"query-input":"required name=search_term_string"}],"inLanguage":"fr-FR"},{"@type":"Organization","@id":"https:\/\/atelierantoinebataille.fr\/#organization","name":"Antoine Bataille","url":"https:\/\/atelierantoinebataille.fr\/","logo":{"@type":"ImageObject","inLanguage":"fr-FR","@id":"https:\/\/atelierantoinebataille.fr\/#\/schema\/logo\/image\/","url":"https:\/\/atelierantoinebataille.fr\/wp-content\/uploads\/2023\/09\/cropped-TITRE-SITE-ANTOINE-BATAILLE.jpg","contentUrl":"https:\/\/atelierantoinebataille.fr\/wp-content\/uploads\/2023\/09\/cropped-TITRE-SITE-ANTOINE-BATAILLE.jpg","width":815,"height":229,"caption":"Antoine Bataille"},"image":{"@id":"https:\/\/atelierantoinebataille.fr\/#\/schema\/logo\/image\/"}}]}},"_links":{"self":[{"href":"https:\/\/atelierantoinebataille.fr\/index.php\/wp-json\/wp\/v2\/pages\/1127","targetHints":{"allow":["GET"]}}],"collection":[{"href":"https:\/\/atelierantoinebataille.fr\/index.php\/wp-json\/wp\/v2\/pages"}],"about":[{"href":"https:\/\/atelierantoinebataille.fr\/index.php\/wp-json\/wp\/v2\/types\/page"}],"author":[{"embeddable":true,"href":"https:\/\/atelierantoinebataille.fr\/index.php\/wp-json\/wp\/v2\/users\/1"}],"replies":[{"embeddable":true,"href":"https:\/\/atelierantoinebataille.fr\/index.php\/wp-json\/wp\/v2\/comments?post=1127"}],"version-history":[{"count":7,"href":"https:\/\/atelierantoinebataille.fr\/index.php\/wp-json\/wp\/v2\/pages\/1127\/revisions"}],"predecessor-version":[{"id":1459,"href":"https:\/\/atelierantoinebataille.fr\/index.php\/wp-json\/wp\/v2\/pages\/1127\/revisions\/1459"}],"up":[{"embeddable":true,"href":"https:\/\/atelierantoinebataille.fr\/index.php\/wp-json\/wp\/v2\/pages\/939"}],"wp:attachment":[{"href":"https:\/\/atelierantoinebataille.fr\/index.php\/wp-json\/wp\/v2\/media?parent=1127"}],"curies":[{"name":"wp","href":"https:\/\/api.w.org\/{rel}","templated":true}]}}