{"id":1183,"date":"2025-11-24T09:57:48","date_gmt":"2025-11-24T08:57:48","guid":{"rendered":"https:\/\/atelierantoinebataille.fr\/?page_id=1183"},"modified":"2026-01-27T12:21:17","modified_gmt":"2026-01-27T11:21:17","slug":"carnet-8","status":"publish","type":"page","link":"https:\/\/atelierantoinebataille.fr\/index.php\/carnets-sur-le-motif\/carnet-8\/","title":{"rendered":"Carnet 8 &#8211; Slovaquie"},"content":{"rendered":"\n<p>Quelques images du carnet effectu\u00e9 en juillet 2025 \u00e0 travers la Slovaquie.<\/p>\n\n\n\n<p>\u00ab\u00a0Le courant, la course des nuages dans le vent et les rayons du soleil couchant vont dans la m\u00eame direction. Ici tout pointe l\u2019est. Parfois, un frisson parcourt le dos du Danube. Son corps ondule, ses muscles innombrables luisent sous les derniers rayons de jour. De minuscules vaguelettes se dressent en ondes blanches et fuyantes. Parfois, elles se heurtent&nbsp;aux choses qui glissent sur l\u2019eau dans un silence reptilien. D\u2019innombrables d\u00e9bris, des branches&nbsp;et des arbres entiers passent sous le vol \u00e9ph\u00e9m\u00e8re des hirondelles. Je les suis un moment du regard. Je me demande lesquels finiront leur course dans la mer Noire. Aucun peut-\u00eatre, ou alors tous, mais \u00e0 des temporalit\u00e9s tr\u00e8s diff\u00e9rentes. Comme tout le reste d\u2019ailleurs. Ici, tout finira un jour dans la mer Noire, dissous par la pluie et le temps, ruissellera dans ce gigantesque caniveau de l\u2019Europe, entra\u00een\u00e9s vers l\u2019est, port\u00e9s par le courant, pouss\u00e9s par le vent et blanchis par le soleil.\u00a0\u00bb<\/p>\n\n\n\n<p>Extrait de <em>La trace de l&rsquo;ombre<\/em>, \u00e0 paraitre chez <a href=\"https:\/\/www.editionselytis.com\/\">Elytis<\/a> sept 2026<\/p>\n\n\n\n<div style=\"height:30px\" aria-hidden=\"true\" class=\"wp-block-spacer\"><\/div>\n\n\n\n<div class=\"wp-block-columns is-layout-flex wp-container-core-columns-is-layout-9d6595d7 wp-block-columns-is-layout-flex\">\n<div class=\"wp-block-column is-layout-flow wp-block-column-is-layout-flow\">\n<figure class=\"wp-block-image size-large\"><a href=\"https:\/\/atelierantoinebataille.fr\/wp-content\/uploads\/2025\/11\/SITE-CARNET-8-DESSIN-2-1-scaled.jpg\"><img loading=\"lazy\" decoding=\"async\" width=\"729\" height=\"1024\" src=\"https:\/\/atelierantoinebataille.fr\/wp-content\/uploads\/2025\/11\/SITE-CARNET-8-DESSIN-2-1-729x1024.jpg\" alt=\"\" class=\"wp-image-1186\" srcset=\"https:\/\/atelierantoinebataille.fr\/wp-content\/uploads\/2025\/11\/SITE-CARNET-8-DESSIN-2-1-729x1024.jpg 729w, https:\/\/atelierantoinebataille.fr\/wp-content\/uploads\/2025\/11\/SITE-CARNET-8-DESSIN-2-1-214x300.jpg 214w, https:\/\/atelierantoinebataille.fr\/wp-content\/uploads\/2025\/11\/SITE-CARNET-8-DESSIN-2-1-768x1079.jpg 768w, https:\/\/atelierantoinebataille.fr\/wp-content\/uploads\/2025\/11\/SITE-CARNET-8-DESSIN-2-1-1093x1536.jpg 1093w, https:\/\/atelierantoinebataille.fr\/wp-content\/uploads\/2025\/11\/SITE-CARNET-8-DESSIN-2-1-1458x2048.jpg 1458w, https:\/\/atelierantoinebataille.fr\/wp-content\/uploads\/2025\/11\/SITE-CARNET-8-DESSIN-2-1-scaled.jpg 1822w\" sizes=\"auto, (max-width: 729px) 100vw, 729px\" \/><\/a><\/figure>\n<\/div>\n\n\n\n<div class=\"wp-block-column is-layout-flow wp-block-column-is-layout-flow\">\n<figure class=\"wp-block-image size-large\"><a href=\"https:\/\/atelierantoinebataille.fr\/wp-content\/uploads\/2025\/11\/SITE-CARNET-8-DESSIN-1-scaled.jpg\"><img loading=\"lazy\" decoding=\"async\" width=\"729\" height=\"1024\" src=\"https:\/\/atelierantoinebataille.fr\/wp-content\/uploads\/2025\/11\/SITE-CARNET-8-DESSIN-1-729x1024.jpg\" alt=\"\" class=\"wp-image-1185\" srcset=\"https:\/\/atelierantoinebataille.fr\/wp-content\/uploads\/2025\/11\/SITE-CARNET-8-DESSIN-1-729x1024.jpg 729w, https:\/\/atelierantoinebataille.fr\/wp-content\/uploads\/2025\/11\/SITE-CARNET-8-DESSIN-1-214x300.jpg 214w, https:\/\/atelierantoinebataille.fr\/wp-content\/uploads\/2025\/11\/SITE-CARNET-8-DESSIN-1-768x1079.jpg 768w, https:\/\/atelierantoinebataille.fr\/wp-content\/uploads\/2025\/11\/SITE-CARNET-8-DESSIN-1-1093x1536.jpg 1093w, https:\/\/atelierantoinebataille.fr\/wp-content\/uploads\/2025\/11\/SITE-CARNET-8-DESSIN-1-1458x2048.jpg 1458w, https:\/\/atelierantoinebataille.fr\/wp-content\/uploads\/2025\/11\/SITE-CARNET-8-DESSIN-1-scaled.jpg 1822w\" sizes=\"auto, (max-width: 729px) 100vw, 729px\" \/><\/a><\/figure>\n<\/div>\n\n\n\n<div class=\"wp-block-column is-layout-flow wp-block-column-is-layout-flow\">\n<figure class=\"wp-block-image size-large\"><a href=\"https:\/\/atelierantoinebataille.fr\/wp-content\/uploads\/2025\/11\/SITE-CARNET-8-DESSIN-3-scaled.jpg\"><img loading=\"lazy\" decoding=\"async\" width=\"729\" height=\"1024\" src=\"https:\/\/atelierantoinebataille.fr\/wp-content\/uploads\/2025\/11\/SITE-CARNET-8-DESSIN-3-729x1024.jpg\" alt=\"\" class=\"wp-image-1187\" srcset=\"https:\/\/atelierantoinebataille.fr\/wp-content\/uploads\/2025\/11\/SITE-CARNET-8-DESSIN-3-729x1024.jpg 729w, https:\/\/atelierantoinebataille.fr\/wp-content\/uploads\/2025\/11\/SITE-CARNET-8-DESSIN-3-214x300.jpg 214w, https:\/\/atelierantoinebataille.fr\/wp-content\/uploads\/2025\/11\/SITE-CARNET-8-DESSIN-3-768x1079.jpg 768w, https:\/\/atelierantoinebataille.fr\/wp-content\/uploads\/2025\/11\/SITE-CARNET-8-DESSIN-3-1093x1536.jpg 1093w, https:\/\/atelierantoinebataille.fr\/wp-content\/uploads\/2025\/11\/SITE-CARNET-8-DESSIN-3-1458x2048.jpg 1458w, https:\/\/atelierantoinebataille.fr\/wp-content\/uploads\/2025\/11\/SITE-CARNET-8-DESSIN-3-scaled.jpg 1822w\" sizes=\"auto, (max-width: 729px) 100vw, 729px\" \/><\/a><\/figure>\n<\/div>\n<\/div>\n\n\n\n<div class=\"wp-block-columns is-layout-flex wp-container-core-columns-is-layout-9d6595d7 wp-block-columns-is-layout-flex\">\n<div class=\"wp-block-column is-layout-flow wp-block-column-is-layout-flow\">\n<figure class=\"wp-block-image size-large\"><a href=\"https:\/\/atelierantoinebataille.fr\/wp-content\/uploads\/2025\/11\/SITE-CARNET-8-DESSIN-6-scaled.jpg\"><img loading=\"lazy\" decoding=\"async\" width=\"729\" height=\"1024\" src=\"https:\/\/atelierantoinebataille.fr\/wp-content\/uploads\/2025\/11\/SITE-CARNET-8-DESSIN-6-729x1024.jpg\" alt=\"\" class=\"wp-image-1188\" srcset=\"https:\/\/atelierantoinebataille.fr\/wp-content\/uploads\/2025\/11\/SITE-CARNET-8-DESSIN-6-729x1024.jpg 729w, https:\/\/atelierantoinebataille.fr\/wp-content\/uploads\/2025\/11\/SITE-CARNET-8-DESSIN-6-214x300.jpg 214w, https:\/\/atelierantoinebataille.fr\/wp-content\/uploads\/2025\/11\/SITE-CARNET-8-DESSIN-6-768x1079.jpg 768w, https:\/\/atelierantoinebataille.fr\/wp-content\/uploads\/2025\/11\/SITE-CARNET-8-DESSIN-6-1093x1536.jpg 1093w, https:\/\/atelierantoinebataille.fr\/wp-content\/uploads\/2025\/11\/SITE-CARNET-8-DESSIN-6-1458x2048.jpg 1458w, https:\/\/atelierantoinebataille.fr\/wp-content\/uploads\/2025\/11\/SITE-CARNET-8-DESSIN-6-scaled.jpg 1822w\" sizes=\"auto, (max-width: 729px) 100vw, 729px\" \/><\/a><\/figure>\n<\/div>\n\n\n\n<div class=\"wp-block-column is-layout-flow wp-block-column-is-layout-flow\">\n<figure class=\"wp-block-image size-large\"><a href=\"https:\/\/atelierantoinebataille.fr\/wp-content\/uploads\/2025\/11\/SITE-CARNET-8-DESSIN-9-scaled.jpg\"><img loading=\"lazy\" decoding=\"async\" width=\"729\" height=\"1024\" src=\"https:\/\/atelierantoinebataille.fr\/wp-content\/uploads\/2025\/11\/SITE-CARNET-8-DESSIN-9-729x1024.jpg\" alt=\"\" class=\"wp-image-1193\" srcset=\"https:\/\/atelierantoinebataille.fr\/wp-content\/uploads\/2025\/11\/SITE-CARNET-8-DESSIN-9-729x1024.jpg 729w, https:\/\/atelierantoinebataille.fr\/wp-content\/uploads\/2025\/11\/SITE-CARNET-8-DESSIN-9-214x300.jpg 214w, https:\/\/atelierantoinebataille.fr\/wp-content\/uploads\/2025\/11\/SITE-CARNET-8-DESSIN-9-768x1079.jpg 768w, https:\/\/atelierantoinebataille.fr\/wp-content\/uploads\/2025\/11\/SITE-CARNET-8-DESSIN-9-1093x1536.jpg 1093w, https:\/\/atelierantoinebataille.fr\/wp-content\/uploads\/2025\/11\/SITE-CARNET-8-DESSIN-9-1458x2048.jpg 1458w, https:\/\/atelierantoinebataille.fr\/wp-content\/uploads\/2025\/11\/SITE-CARNET-8-DESSIN-9-scaled.jpg 1822w\" sizes=\"auto, (max-width: 729px) 100vw, 729px\" \/><\/a><\/figure>\n<\/div>\n\n\n\n<div class=\"wp-block-column is-layout-flow wp-block-column-is-layout-flow\">\n<figure class=\"wp-block-image size-large\"><a href=\"https:\/\/atelierantoinebataille.fr\/wp-content\/uploads\/2025\/11\/SITE-CARNET-8-DESSIN-5-scaled.jpg\"><img loading=\"lazy\" decoding=\"async\" width=\"729\" height=\"1024\" src=\"https:\/\/atelierantoinebataille.fr\/wp-content\/uploads\/2025\/11\/SITE-CARNET-8-DESSIN-5-729x1024.jpg\" alt=\"\" class=\"wp-image-1190\" srcset=\"https:\/\/atelierantoinebataille.fr\/wp-content\/uploads\/2025\/11\/SITE-CARNET-8-DESSIN-5-729x1024.jpg 729w, https:\/\/atelierantoinebataille.fr\/wp-content\/uploads\/2025\/11\/SITE-CARNET-8-DESSIN-5-214x300.jpg 214w, https:\/\/atelierantoinebataille.fr\/wp-content\/uploads\/2025\/11\/SITE-CARNET-8-DESSIN-5-768x1079.jpg 768w, https:\/\/atelierantoinebataille.fr\/wp-content\/uploads\/2025\/11\/SITE-CARNET-8-DESSIN-5-1093x1536.jpg 1093w, https:\/\/atelierantoinebataille.fr\/wp-content\/uploads\/2025\/11\/SITE-CARNET-8-DESSIN-5-1458x2048.jpg 1458w, https:\/\/atelierantoinebataille.fr\/wp-content\/uploads\/2025\/11\/SITE-CARNET-8-DESSIN-5-scaled.jpg 1822w\" sizes=\"auto, (max-width: 729px) 100vw, 729px\" \/><\/a><\/figure>\n<\/div>\n<\/div>\n\n\n\n<div class=\"wp-block-columns is-layout-flex wp-container-core-columns-is-layout-9d6595d7 wp-block-columns-is-layout-flex\">\n<div class=\"wp-block-column is-layout-flow wp-block-column-is-layout-flow\">\n<figure class=\"wp-block-image size-large\"><img loading=\"lazy\" decoding=\"async\" width=\"729\" height=\"1024\" src=\"https:\/\/atelierantoinebataille.fr\/wp-content\/uploads\/2025\/11\/SITE-CARNET-8-DESSIN-19-729x1024.jpg\" alt=\"\" class=\"wp-image-1191\" srcset=\"https:\/\/atelierantoinebataille.fr\/wp-content\/uploads\/2025\/11\/SITE-CARNET-8-DESSIN-19-729x1024.jpg 729w, https:\/\/atelierantoinebataille.fr\/wp-content\/uploads\/2025\/11\/SITE-CARNET-8-DESSIN-19-214x300.jpg 214w, https:\/\/atelierantoinebataille.fr\/wp-content\/uploads\/2025\/11\/SITE-CARNET-8-DESSIN-19-768x1079.jpg 768w, https:\/\/atelierantoinebataille.fr\/wp-content\/uploads\/2025\/11\/SITE-CARNET-8-DESSIN-19-1093x1536.jpg 1093w, https:\/\/atelierantoinebataille.fr\/wp-content\/uploads\/2025\/11\/SITE-CARNET-8-DESSIN-19-1458x2048.jpg 1458w, https:\/\/atelierantoinebataille.fr\/wp-content\/uploads\/2025\/11\/SITE-CARNET-8-DESSIN-19-scaled.jpg 1822w\" sizes=\"auto, (max-width: 729px) 100vw, 729px\" \/><\/figure>\n<\/div>\n\n\n\n<div class=\"wp-block-column is-layout-flow wp-block-column-is-layout-flow\">\n<figure class=\"wp-block-image size-large\"><img loading=\"lazy\" decoding=\"async\" width=\"729\" height=\"1024\" src=\"https:\/\/atelierantoinebataille.fr\/wp-content\/uploads\/2025\/11\/SITE-CARNET-8-DESSIN-8-729x1024.jpg\" alt=\"\" class=\"wp-image-1192\" srcset=\"https:\/\/atelierantoinebataille.fr\/wp-content\/uploads\/2025\/11\/SITE-CARNET-8-DESSIN-8-729x1024.jpg 729w, https:\/\/atelierantoinebataille.fr\/wp-content\/uploads\/2025\/11\/SITE-CARNET-8-DESSIN-8-214x300.jpg 214w, https:\/\/atelierantoinebataille.fr\/wp-content\/uploads\/2025\/11\/SITE-CARNET-8-DESSIN-8-768x1079.jpg 768w, https:\/\/atelierantoinebataille.fr\/wp-content\/uploads\/2025\/11\/SITE-CARNET-8-DESSIN-8-1093x1536.jpg 1093w, https:\/\/atelierantoinebataille.fr\/wp-content\/uploads\/2025\/11\/SITE-CARNET-8-DESSIN-8-1458x2048.jpg 1458w, https:\/\/atelierantoinebataille.fr\/wp-content\/uploads\/2025\/11\/SITE-CARNET-8-DESSIN-8-scaled.jpg 1822w\" sizes=\"auto, (max-width: 729px) 100vw, 729px\" \/><\/figure>\n<\/div>\n\n\n\n<div class=\"wp-block-column is-layout-flow wp-block-column-is-layout-flow\">\n<figure class=\"wp-block-image size-large\"><img loading=\"lazy\" decoding=\"async\" width=\"729\" height=\"1024\" src=\"https:\/\/atelierantoinebataille.fr\/wp-content\/uploads\/2025\/11\/SITE-CARNET-8-DESSIN-7-729x1024.jpg\" alt=\"\" class=\"wp-image-1189\" srcset=\"https:\/\/atelierantoinebataille.fr\/wp-content\/uploads\/2025\/11\/SITE-CARNET-8-DESSIN-7-729x1024.jpg 729w, https:\/\/atelierantoinebataille.fr\/wp-content\/uploads\/2025\/11\/SITE-CARNET-8-DESSIN-7-214x300.jpg 214w, https:\/\/atelierantoinebataille.fr\/wp-content\/uploads\/2025\/11\/SITE-CARNET-8-DESSIN-7-768x1079.jpg 768w, https:\/\/atelierantoinebataille.fr\/wp-content\/uploads\/2025\/11\/SITE-CARNET-8-DESSIN-7-1093x1536.jpg 1093w, https:\/\/atelierantoinebataille.fr\/wp-content\/uploads\/2025\/11\/SITE-CARNET-8-DESSIN-7-1458x2048.jpg 1458w, https:\/\/atelierantoinebataille.fr\/wp-content\/uploads\/2025\/11\/SITE-CARNET-8-DESSIN-7-scaled.jpg 1822w\" sizes=\"auto, (max-width: 729px) 100vw, 729px\" \/><\/figure>\n<\/div>\n<\/div>\n\n\n\n<div style=\"height:30px\" aria-hidden=\"true\" class=\"wp-block-spacer\"><\/div>\n\n\n\n<p class=\"has-text-align-center\"><a href=\"https:\/\/atelierantoinebataille.fr\/index.php\/carnets-sur-le-motif\/carnet-9\/\">Carnet 9<\/a><\/p>\n\n\n\n<p><\/p>\n","protected":false},"excerpt":{"rendered":"<p>Quelques images du carnet effectu\u00e9 en juillet 2025 \u00e0 travers la Slovaquie. \u00ab\u00a0Le courant, la course des nuages dans le vent et les rayons du soleil couchant vont dans la m\u00eame direction. Ici tout pointe l\u2019est. Parfois, un frisson parcourt le dos du Danube. Son corps ondule, ses muscles innombrables luisent sous les derniers rayons [&hellip;]<\/p>\n","protected":false},"author":1,"featured_media":0,"parent":1195,"menu_order":0,"comment_status":"closed","ping_status":"closed","template":"","meta":{"ocean_post_layout":"","ocean_both_sidebars_style":"","ocean_both_sidebars_content_width":0,"ocean_both_sidebars_sidebars_width":0,"ocean_sidebar":"","ocean_second_sidebar":"","ocean_disable_margins":"enable","ocean_add_body_class":"","ocean_shortcode_before_top_bar":"","ocean_shortcode_after_top_bar":"","ocean_shortcode_before_header":"","ocean_shortcode_after_header":"","ocean_has_shortcode":"","ocean_shortcode_after_title":"","ocean_shortcode_before_footer_widgets":"","ocean_shortcode_after_footer_widgets":"","ocean_shortcode_before_footer_bottom":"","ocean_shortcode_after_footer_bottom":"","ocean_display_top_bar":"default","ocean_display_header":"default","ocean_header_style":"","ocean_center_header_left_menu":"","ocean_custom_header_template":"","ocean_custom_logo":0,"ocean_custom_retina_logo":0,"ocean_custom_logo_max_width":0,"ocean_custom_logo_tablet_max_width":0,"ocean_custom_logo_mobile_max_width":0,"ocean_custom_logo_max_height":0,"ocean_custom_logo_tablet_max_height":0,"ocean_custom_logo_mobile_max_height":0,"ocean_header_custom_menu":"","ocean_menu_typo_font_family":"","ocean_menu_typo_font_subset":"","ocean_menu_typo_font_size":0,"ocean_menu_typo_font_size_tablet":0,"ocean_menu_typo_font_size_mobile":0,"ocean_menu_typo_font_size_unit":"px","ocean_menu_typo_font_weight":"","ocean_menu_typo_font_weight_tablet":"","ocean_menu_typo_font_weight_mobile":"","ocean_menu_typo_transform":"","ocean_menu_typo_transform_tablet":"","ocean_menu_typo_transform_mobile":"","ocean_menu_typo_line_height":0,"ocean_menu_typo_line_height_tablet":0,"ocean_menu_typo_line_height_mobile":0,"ocean_menu_typo_line_height_unit":"","ocean_menu_typo_spacing":0,"ocean_menu_typo_spacing_tablet":0,"ocean_menu_typo_spacing_mobile":0,"ocean_menu_typo_spacing_unit":"","ocean_menu_link_color":"","ocean_menu_link_color_hover":"","ocean_menu_link_color_active":"","ocean_menu_link_background":"","ocean_menu_link_hover_background":"","ocean_menu_link_active_background":"","ocean_menu_social_links_bg":"","ocean_menu_social_hover_links_bg":"","ocean_menu_social_links_color":"","ocean_menu_social_hover_links_color":"","ocean_disable_title":"default","ocean_disable_heading":"default","ocean_post_title":"","ocean_post_subheading":"","ocean_post_title_style":"","ocean_post_title_background_color":"","ocean_post_title_background":0,"ocean_post_title_bg_image_position":"","ocean_post_title_bg_image_attachment":"","ocean_post_title_bg_image_repeat":"","ocean_post_title_bg_image_size":"","ocean_post_title_height":0,"ocean_post_title_bg_overlay":0.5,"ocean_post_title_bg_overlay_color":"","ocean_disable_breadcrumbs":"default","ocean_breadcrumbs_color":"","ocean_breadcrumbs_separator_color":"","ocean_breadcrumbs_links_color":"","ocean_breadcrumbs_links_hover_color":"","ocean_display_footer_widgets":"default","ocean_display_footer_bottom":"default","ocean_custom_footer_template":"","footnotes":""},"class_list":["post-1183","page","type-page","status-publish","hentry","entry"],"yoast_head":"<!-- This site is optimized with the Yoast SEO plugin v20.8 - https:\/\/yoast.com\/wordpress\/plugins\/seo\/ -->\n<title>Carnet 8 - Slovaquie - Antoine Bataille<\/title>\n<meta name=\"robots\" content=\"index, follow, max-snippet:-1, max-image-preview:large, max-video-preview:-1\" \/>\n<link rel=\"canonical\" href=\"https:\/\/atelierantoinebataille.fr\/index.php\/carnets-sur-le-motif\/carnet-8\/\" \/>\n<meta property=\"og:locale\" content=\"fr_FR\" \/>\n<meta property=\"og:type\" content=\"article\" \/>\n<meta property=\"og:title\" content=\"Carnet 8 - Slovaquie - Antoine Bataille\" \/>\n<meta property=\"og:description\" content=\"Quelques images du carnet effectu\u00e9 en juillet 2025 \u00e0 travers la Slovaquie. \u00ab\u00a0Le courant, la course des nuages dans le vent et les rayons du soleil couchant vont dans la m\u00eame direction. Ici tout pointe l\u2019est. Parfois, un frisson parcourt le dos du Danube. Son corps ondule, ses muscles innombrables luisent sous les derniers rayons [&hellip;]\" \/>\n<meta property=\"og:url\" content=\"https:\/\/atelierantoinebataille.fr\/index.php\/carnets-sur-le-motif\/carnet-8\/\" \/>\n<meta property=\"og:site_name\" content=\"Antoine Bataille\" \/>\n<meta property=\"article:modified_time\" content=\"2026-01-27T11:21:17+00:00\" \/>\n<meta property=\"og:image\" content=\"https:\/\/atelierantoinebataille.fr\/wp-content\/uploads\/2025\/11\/SITE-CARNET-8-DESSIN-2-1-729x1024.jpg\" \/>\n<meta name=\"twitter:card\" content=\"summary_large_image\" \/>\n<meta name=\"twitter:label1\" content=\"Dur\u00e9e de lecture estim\u00e9e\" \/>\n\t<meta name=\"twitter:data1\" content=\"3 minutes\" \/>\n<script type=\"application\/ld+json\" class=\"yoast-schema-graph\">{\"@context\":\"https:\/\/schema.org\",\"@graph\":[{\"@type\":\"WebPage\",\"@id\":\"https:\/\/atelierantoinebataille.fr\/index.php\/carnets-sur-le-motif\/carnet-8\/\",\"url\":\"https:\/\/atelierantoinebataille.fr\/index.php\/carnets-sur-le-motif\/carnet-8\/\",\"name\":\"Carnet 8 - Slovaquie - Antoine Bataille\",\"isPartOf\":{\"@id\":\"https:\/\/atelierantoinebataille.fr\/#website\"},\"datePublished\":\"2025-11-24T08:57:48+00:00\",\"dateModified\":\"2026-01-27T11:21:17+00:00\",\"breadcrumb\":{\"@id\":\"https:\/\/atelierantoinebataille.fr\/index.php\/carnets-sur-le-motif\/carnet-8\/#breadcrumb\"},\"inLanguage\":\"fr-FR\",\"potentialAction\":[{\"@type\":\"ReadAction\",\"target\":[\"https:\/\/atelierantoinebataille.fr\/index.php\/carnets-sur-le-motif\/carnet-8\/\"]}]},{\"@type\":\"BreadcrumbList\",\"@id\":\"https:\/\/atelierantoinebataille.fr\/index.php\/carnets-sur-le-motif\/carnet-8\/#breadcrumb\",\"itemListElement\":[{\"@type\":\"ListItem\",\"position\":1,\"name\":\"Accueil\",\"item\":\"https:\/\/atelierantoinebataille.fr\/\"},{\"@type\":\"ListItem\",\"position\":2,\"name\":\"Carnets sur le motif\",\"item\":\"https:\/\/atelierantoinebataille.fr\/index.php\/carnets-sur-le-motif\/\"},{\"@type\":\"ListItem\",\"position\":3,\"name\":\"Carnet 8 &#8211; Slovaquie\"}]},{\"@type\":\"WebSite\",\"@id\":\"https:\/\/atelierantoinebataille.fr\/#website\",\"url\":\"https:\/\/atelierantoinebataille.fr\/\",\"name\":\"Antoine Bataille\",\"description\":\"Le myst\u00e8re demeure dans l&#039;ombre\",\"publisher\":{\"@id\":\"https:\/\/atelierantoinebataille.fr\/#organization\"},\"potentialAction\":[{\"@type\":\"SearchAction\",\"target\":{\"@type\":\"EntryPoint\",\"urlTemplate\":\"https:\/\/atelierantoinebataille.fr\/?s={search_term_string}\"},\"query-input\":\"required name=search_term_string\"}],\"inLanguage\":\"fr-FR\"},{\"@type\":\"Organization\",\"@id\":\"https:\/\/atelierantoinebataille.fr\/#organization\",\"name\":\"Antoine Bataille\",\"url\":\"https:\/\/atelierantoinebataille.fr\/\",\"logo\":{\"@type\":\"ImageObject\",\"inLanguage\":\"fr-FR\",\"@id\":\"https:\/\/atelierantoinebataille.fr\/#\/schema\/logo\/image\/\",\"url\":\"https:\/\/atelierantoinebataille.fr\/wp-content\/uploads\/2023\/09\/cropped-TITRE-SITE-ANTOINE-BATAILLE.jpg\",\"contentUrl\":\"https:\/\/atelierantoinebataille.fr\/wp-content\/uploads\/2023\/09\/cropped-TITRE-SITE-ANTOINE-BATAILLE.jpg\",\"width\":815,\"height\":229,\"caption\":\"Antoine Bataille\"},\"image\":{\"@id\":\"https:\/\/atelierantoinebataille.fr\/#\/schema\/logo\/image\/\"}}]}<\/script>\n<!-- \/ Yoast SEO plugin. -->","yoast_head_json":{"title":"Carnet 8 - Slovaquie - Antoine Bataille","robots":{"index":"index","follow":"follow","max-snippet":"max-snippet:-1","max-image-preview":"max-image-preview:large","max-video-preview":"max-video-preview:-1"},"canonical":"https:\/\/atelierantoinebataille.fr\/index.php\/carnets-sur-le-motif\/carnet-8\/","og_locale":"fr_FR","og_type":"article","og_title":"Carnet 8 - Slovaquie - Antoine Bataille","og_description":"Quelques images du carnet effectu\u00e9 en juillet 2025 \u00e0 travers la Slovaquie. \u00ab\u00a0Le courant, la course des nuages dans le vent et les rayons du soleil couchant vont dans la m\u00eame direction. Ici tout pointe l\u2019est. Parfois, un frisson parcourt le dos du Danube. Son corps ondule, ses muscles innombrables luisent sous les derniers rayons [&hellip;]","og_url":"https:\/\/atelierantoinebataille.fr\/index.php\/carnets-sur-le-motif\/carnet-8\/","og_site_name":"Antoine Bataille","article_modified_time":"2026-01-27T11:21:17+00:00","og_image":[{"url":"https:\/\/atelierantoinebataille.fr\/wp-content\/uploads\/2025\/11\/SITE-CARNET-8-DESSIN-2-1-729x1024.jpg"}],"twitter_card":"summary_large_image","twitter_misc":{"Dur\u00e9e de lecture estim\u00e9e":"3 minutes"},"schema":{"@context":"https:\/\/schema.org","@graph":[{"@type":"WebPage","@id":"https:\/\/atelierantoinebataille.fr\/index.php\/carnets-sur-le-motif\/carnet-8\/","url":"https:\/\/atelierantoinebataille.fr\/index.php\/carnets-sur-le-motif\/carnet-8\/","name":"Carnet 8 - Slovaquie - Antoine Bataille","isPartOf":{"@id":"https:\/\/atelierantoinebataille.fr\/#website"},"datePublished":"2025-11-24T08:57:48+00:00","dateModified":"2026-01-27T11:21:17+00:00","breadcrumb":{"@id":"https:\/\/atelierantoinebataille.fr\/index.php\/carnets-sur-le-motif\/carnet-8\/#breadcrumb"},"inLanguage":"fr-FR","potentialAction":[{"@type":"ReadAction","target":["https:\/\/atelierantoinebataille.fr\/index.php\/carnets-sur-le-motif\/carnet-8\/"]}]},{"@type":"BreadcrumbList","@id":"https:\/\/atelierantoinebataille.fr\/index.php\/carnets-sur-le-motif\/carnet-8\/#breadcrumb","itemListElement":[{"@type":"ListItem","position":1,"name":"Accueil","item":"https:\/\/atelierantoinebataille.fr\/"},{"@type":"ListItem","position":2,"name":"Carnets sur le motif","item":"https:\/\/atelierantoinebataille.fr\/index.php\/carnets-sur-le-motif\/"},{"@type":"ListItem","position":3,"name":"Carnet 8 &#8211; Slovaquie"}]},{"@type":"WebSite","@id":"https:\/\/atelierantoinebataille.fr\/#website","url":"https:\/\/atelierantoinebataille.fr\/","name":"Antoine Bataille","description":"Le myst\u00e8re demeure dans l&#039;ombre","publisher":{"@id":"https:\/\/atelierantoinebataille.fr\/#organization"},"potentialAction":[{"@type":"SearchAction","target":{"@type":"EntryPoint","urlTemplate":"https:\/\/atelierantoinebataille.fr\/?s={search_term_string}"},"query-input":"required name=search_term_string"}],"inLanguage":"fr-FR"},{"@type":"Organization","@id":"https:\/\/atelierantoinebataille.fr\/#organization","name":"Antoine Bataille","url":"https:\/\/atelierantoinebataille.fr\/","logo":{"@type":"ImageObject","inLanguage":"fr-FR","@id":"https:\/\/atelierantoinebataille.fr\/#\/schema\/logo\/image\/","url":"https:\/\/atelierantoinebataille.fr\/wp-content\/uploads\/2023\/09\/cropped-TITRE-SITE-ANTOINE-BATAILLE.jpg","contentUrl":"https:\/\/atelierantoinebataille.fr\/wp-content\/uploads\/2023\/09\/cropped-TITRE-SITE-ANTOINE-BATAILLE.jpg","width":815,"height":229,"caption":"Antoine Bataille"},"image":{"@id":"https:\/\/atelierantoinebataille.fr\/#\/schema\/logo\/image\/"}}]}},"_links":{"self":[{"href":"https:\/\/atelierantoinebataille.fr\/index.php\/wp-json\/wp\/v2\/pages\/1183","targetHints":{"allow":["GET"]}}],"collection":[{"href":"https:\/\/atelierantoinebataille.fr\/index.php\/wp-json\/wp\/v2\/pages"}],"about":[{"href":"https:\/\/atelierantoinebataille.fr\/index.php\/wp-json\/wp\/v2\/types\/page"}],"author":[{"embeddable":true,"href":"https:\/\/atelierantoinebataille.fr\/index.php\/wp-json\/wp\/v2\/users\/1"}],"replies":[{"embeddable":true,"href":"https:\/\/atelierantoinebataille.fr\/index.php\/wp-json\/wp\/v2\/comments?post=1183"}],"version-history":[{"count":5,"href":"https:\/\/atelierantoinebataille.fr\/index.php\/wp-json\/wp\/v2\/pages\/1183\/revisions"}],"predecessor-version":[{"id":1440,"href":"https:\/\/atelierantoinebataille.fr\/index.php\/wp-json\/wp\/v2\/pages\/1183\/revisions\/1440"}],"up":[{"embeddable":true,"href":"https:\/\/atelierantoinebataille.fr\/index.php\/wp-json\/wp\/v2\/pages\/1195"}],"wp:attachment":[{"href":"https:\/\/atelierantoinebataille.fr\/index.php\/wp-json\/wp\/v2\/media?parent=1183"}],"curies":[{"name":"wp","href":"https:\/\/api.w.org\/{rel}","templated":true}]}}