{"id":1200,"date":"2025-11-24T10:16:42","date_gmt":"2025-11-24T09:16:42","guid":{"rendered":"https:\/\/atelierantoinebataille.fr\/?page_id=1200"},"modified":"2025-12-02T12:59:35","modified_gmt":"2025-12-02T11:59:35","slug":"carnet-5","status":"publish","type":"page","link":"https:\/\/atelierantoinebataille.fr\/index.php\/carnets-sur-le-motif\/carnet-5\/","title":{"rendered":"Carnet 5 &#8211; Ligurie (Italie)"},"content":{"rendered":"\n<p>Ce carnet a \u00e9t\u00e9 r\u00e9alis\u00e9 en Ligurie (Italie), durant la r\u00e9sidence du Nouveau Grand Tour. <\/p>\n\n\n\n<p>Cet automne, d&rsquo;importants \u00e9pisodes de pluies ont imbib\u00e9 le paysage. Tous les jours, l&rsquo;eau circulait en d&rsquo;imposants vaisseaux brumeux au travers de ces collines bois\u00e9es masquant et r\u00e9v\u00e9lant sans cesse de nouveaux paysages. Les rares \u00e9claircies prenaient l&rsquo;apparence de petits miracles et les ombres port\u00e9es, d&rsquo;oasis. <\/p>\n\n\n\n<p>C&rsquo;est en partie \u00e0 partir de ce carnet que j&rsquo;ai r\u00e9alis\u00e9 la s\u00e9rie <a href=\"https:\/\/atelierantoinebataille.fr\/index.php\/bienvenue\/ligurie-brumeuse\/\">Ligurie Brumeuse<\/a>. Voici une s\u00e9lections de dessins.<\/p>\n\n\n\n<div style=\"height:34px\" aria-hidden=\"true\" class=\"wp-block-spacer\"><\/div>\n\n\n\n<div class=\"wp-block-columns is-layout-flex wp-container-core-columns-is-layout-9d6595d7 wp-block-columns-is-layout-flex\">\n<div class=\"wp-block-column is-layout-flow wp-block-column-is-layout-flow\">\n<figure class=\"wp-block-image size-large\"><a href=\"https:\/\/atelierantoinebataille.fr\/wp-content\/uploads\/2025\/11\/SITE-CARNET-5-DESSIN-3-scaled.jpg\"><img loading=\"lazy\" decoding=\"async\" width=\"1024\" height=\"729\" src=\"https:\/\/atelierantoinebataille.fr\/wp-content\/uploads\/2025\/11\/SITE-CARNET-5-DESSIN-3-1024x729.jpg\" alt=\"\" class=\"wp-image-1201\" srcset=\"https:\/\/atelierantoinebataille.fr\/wp-content\/uploads\/2025\/11\/SITE-CARNET-5-DESSIN-3-1024x729.jpg 1024w, https:\/\/atelierantoinebataille.fr\/wp-content\/uploads\/2025\/11\/SITE-CARNET-5-DESSIN-3-300x214.jpg 300w, https:\/\/atelierantoinebataille.fr\/wp-content\/uploads\/2025\/11\/SITE-CARNET-5-DESSIN-3-768x547.jpg 768w, https:\/\/atelierantoinebataille.fr\/wp-content\/uploads\/2025\/11\/SITE-CARNET-5-DESSIN-3-1536x1093.jpg 1536w, https:\/\/atelierantoinebataille.fr\/wp-content\/uploads\/2025\/11\/SITE-CARNET-5-DESSIN-3-2048x1458.jpg 2048w\" sizes=\"auto, (max-width: 1024px) 100vw, 1024px\" \/><\/a><\/figure>\n<\/div>\n\n\n\n<div class=\"wp-block-column is-layout-flow wp-block-column-is-layout-flow\">\n<figure class=\"wp-block-image size-large\"><a href=\"https:\/\/atelierantoinebataille.fr\/wp-content\/uploads\/2025\/11\/SITE-CARNET-5-DESSIN-2-scaled.jpg\"><img loading=\"lazy\" decoding=\"async\" width=\"1024\" height=\"729\" src=\"https:\/\/atelierantoinebataille.fr\/wp-content\/uploads\/2025\/11\/SITE-CARNET-5-DESSIN-2-1024x729.jpg\" alt=\"\" class=\"wp-image-1202\" srcset=\"https:\/\/atelierantoinebataille.fr\/wp-content\/uploads\/2025\/11\/SITE-CARNET-5-DESSIN-2-1024x729.jpg 1024w, https:\/\/atelierantoinebataille.fr\/wp-content\/uploads\/2025\/11\/SITE-CARNET-5-DESSIN-2-300x214.jpg 300w, https:\/\/atelierantoinebataille.fr\/wp-content\/uploads\/2025\/11\/SITE-CARNET-5-DESSIN-2-768x547.jpg 768w, https:\/\/atelierantoinebataille.fr\/wp-content\/uploads\/2025\/11\/SITE-CARNET-5-DESSIN-2-1536x1093.jpg 1536w, https:\/\/atelierantoinebataille.fr\/wp-content\/uploads\/2025\/11\/SITE-CARNET-5-DESSIN-2-2048x1458.jpg 2048w\" sizes=\"auto, (max-width: 1024px) 100vw, 1024px\" \/><\/a><\/figure>\n<\/div>\n<\/div>\n\n\n\n<div class=\"wp-block-columns is-layout-flex wp-container-core-columns-is-layout-9d6595d7 wp-block-columns-is-layout-flex\">\n<div class=\"wp-block-column is-layout-flow wp-block-column-is-layout-flow\">\n<figure class=\"wp-block-image size-large\"><a href=\"https:\/\/atelierantoinebataille.fr\/wp-content\/uploads\/2025\/11\/SITE-CARNET-5-DESSIN-7-scaled.jpg\"><img loading=\"lazy\" decoding=\"async\" width=\"1024\" height=\"729\" src=\"https:\/\/atelierantoinebataille.fr\/wp-content\/uploads\/2025\/11\/SITE-CARNET-5-DESSIN-7-1024x729.jpg\" alt=\"\" class=\"wp-image-1203\" srcset=\"https:\/\/atelierantoinebataille.fr\/wp-content\/uploads\/2025\/11\/SITE-CARNET-5-DESSIN-7-1024x729.jpg 1024w, https:\/\/atelierantoinebataille.fr\/wp-content\/uploads\/2025\/11\/SITE-CARNET-5-DESSIN-7-300x214.jpg 300w, https:\/\/atelierantoinebataille.fr\/wp-content\/uploads\/2025\/11\/SITE-CARNET-5-DESSIN-7-768x547.jpg 768w, https:\/\/atelierantoinebataille.fr\/wp-content\/uploads\/2025\/11\/SITE-CARNET-5-DESSIN-7-1536x1093.jpg 1536w, https:\/\/atelierantoinebataille.fr\/wp-content\/uploads\/2025\/11\/SITE-CARNET-5-DESSIN-7-2048x1458.jpg 2048w\" sizes=\"auto, (max-width: 1024px) 100vw, 1024px\" \/><\/a><\/figure>\n<\/div>\n\n\n\n<div class=\"wp-block-column is-layout-flow wp-block-column-is-layout-flow\">\n<figure class=\"wp-block-image size-large\"><a href=\"https:\/\/atelierantoinebataille.fr\/wp-content\/uploads\/2025\/11\/SITE-CARNET-5-DESSIN-6-scaled.jpg\"><img loading=\"lazy\" decoding=\"async\" width=\"1024\" height=\"729\" src=\"https:\/\/atelierantoinebataille.fr\/wp-content\/uploads\/2025\/11\/SITE-CARNET-5-DESSIN-6-1024x729.jpg\" alt=\"\" class=\"wp-image-1204\" srcset=\"https:\/\/atelierantoinebataille.fr\/wp-content\/uploads\/2025\/11\/SITE-CARNET-5-DESSIN-6-1024x729.jpg 1024w, https:\/\/atelierantoinebataille.fr\/wp-content\/uploads\/2025\/11\/SITE-CARNET-5-DESSIN-6-300x214.jpg 300w, https:\/\/atelierantoinebataille.fr\/wp-content\/uploads\/2025\/11\/SITE-CARNET-5-DESSIN-6-768x547.jpg 768w, https:\/\/atelierantoinebataille.fr\/wp-content\/uploads\/2025\/11\/SITE-CARNET-5-DESSIN-6-1536x1093.jpg 1536w, https:\/\/atelierantoinebataille.fr\/wp-content\/uploads\/2025\/11\/SITE-CARNET-5-DESSIN-6-2048x1458.jpg 2048w\" sizes=\"auto, (max-width: 1024px) 100vw, 1024px\" \/><\/a><\/figure>\n<\/div>\n<\/div>\n\n\n\n<div class=\"wp-block-columns is-layout-flex wp-container-core-columns-is-layout-9d6595d7 wp-block-columns-is-layout-flex\">\n<div class=\"wp-block-column is-layout-flow wp-block-column-is-layout-flow\">\n<figure class=\"wp-block-image size-large\"><a href=\"https:\/\/atelierantoinebataille.fr\/wp-content\/uploads\/2025\/11\/SITE-CARNET-5-DESSIN-45-scaled.jpg\"><img loading=\"lazy\" decoding=\"async\" width=\"1024\" height=\"729\" src=\"https:\/\/atelierantoinebataille.fr\/wp-content\/uploads\/2025\/11\/SITE-CARNET-5-DESSIN-45-1024x729.jpg\" alt=\"\" class=\"wp-image-1205\" srcset=\"https:\/\/atelierantoinebataille.fr\/wp-content\/uploads\/2025\/11\/SITE-CARNET-5-DESSIN-45-1024x729.jpg 1024w, https:\/\/atelierantoinebataille.fr\/wp-content\/uploads\/2025\/11\/SITE-CARNET-5-DESSIN-45-300x214.jpg 300w, https:\/\/atelierantoinebataille.fr\/wp-content\/uploads\/2025\/11\/SITE-CARNET-5-DESSIN-45-768x547.jpg 768w, https:\/\/atelierantoinebataille.fr\/wp-content\/uploads\/2025\/11\/SITE-CARNET-5-DESSIN-45-1536x1093.jpg 1536w, https:\/\/atelierantoinebataille.fr\/wp-content\/uploads\/2025\/11\/SITE-CARNET-5-DESSIN-45-2048x1458.jpg 2048w\" sizes=\"auto, (max-width: 1024px) 100vw, 1024px\" \/><\/a><\/figure>\n<\/div>\n\n\n\n<div class=\"wp-block-column is-layout-flow wp-block-column-is-layout-flow\">\n<figure class=\"wp-block-image size-large\"><a href=\"https:\/\/atelierantoinebataille.fr\/wp-content\/uploads\/2025\/11\/SITE-CARNET-5-DESSIN-9-scaled.jpg\"><img loading=\"lazy\" decoding=\"async\" width=\"1024\" height=\"729\" src=\"https:\/\/atelierantoinebataille.fr\/wp-content\/uploads\/2025\/11\/SITE-CARNET-5-DESSIN-9-1024x729.jpg\" alt=\"\" class=\"wp-image-1206\" srcset=\"https:\/\/atelierantoinebataille.fr\/wp-content\/uploads\/2025\/11\/SITE-CARNET-5-DESSIN-9-1024x729.jpg 1024w, https:\/\/atelierantoinebataille.fr\/wp-content\/uploads\/2025\/11\/SITE-CARNET-5-DESSIN-9-300x214.jpg 300w, https:\/\/atelierantoinebataille.fr\/wp-content\/uploads\/2025\/11\/SITE-CARNET-5-DESSIN-9-768x547.jpg 768w, https:\/\/atelierantoinebataille.fr\/wp-content\/uploads\/2025\/11\/SITE-CARNET-5-DESSIN-9-1536x1093.jpg 1536w, https:\/\/atelierantoinebataille.fr\/wp-content\/uploads\/2025\/11\/SITE-CARNET-5-DESSIN-9-2048x1458.jpg 2048w\" sizes=\"auto, (max-width: 1024px) 100vw, 1024px\" \/><\/a><\/figure>\n<\/div>\n<\/div>\n\n\n\n<div class=\"wp-block-columns is-layout-flex wp-container-core-columns-is-layout-9d6595d7 wp-block-columns-is-layout-flex\">\n<div class=\"wp-block-column is-layout-flow wp-block-column-is-layout-flow\">\n<figure class=\"wp-block-image size-large\"><a href=\"https:\/\/atelierantoinebataille.fr\/wp-content\/uploads\/2025\/11\/SITE-CARNET-5-DESSIN-1-scaled.jpg\"><img loading=\"lazy\" decoding=\"async\" width=\"1024\" height=\"729\" src=\"https:\/\/atelierantoinebataille.fr\/wp-content\/uploads\/2025\/11\/SITE-CARNET-5-DESSIN-1-1024x729.jpg\" alt=\"\" class=\"wp-image-1207\" srcset=\"https:\/\/atelierantoinebataille.fr\/wp-content\/uploads\/2025\/11\/SITE-CARNET-5-DESSIN-1-1024x729.jpg 1024w, https:\/\/atelierantoinebataille.fr\/wp-content\/uploads\/2025\/11\/SITE-CARNET-5-DESSIN-1-300x214.jpg 300w, https:\/\/atelierantoinebataille.fr\/wp-content\/uploads\/2025\/11\/SITE-CARNET-5-DESSIN-1-768x547.jpg 768w, https:\/\/atelierantoinebataille.fr\/wp-content\/uploads\/2025\/11\/SITE-CARNET-5-DESSIN-1-1536x1093.jpg 1536w, https:\/\/atelierantoinebataille.fr\/wp-content\/uploads\/2025\/11\/SITE-CARNET-5-DESSIN-1-2048x1458.jpg 2048w\" sizes=\"auto, (max-width: 1024px) 100vw, 1024px\" \/><\/a><\/figure>\n<\/div>\n\n\n\n<div class=\"wp-block-column is-layout-flow wp-block-column-is-layout-flow\">\n<figure class=\"wp-block-image size-large\"><a href=\"https:\/\/atelierantoinebataille.fr\/wp-content\/uploads\/2025\/11\/SITE-CARNET-5-DESSIN-4-scaled.jpg\"><img loading=\"lazy\" decoding=\"async\" width=\"1024\" height=\"729\" src=\"https:\/\/atelierantoinebataille.fr\/wp-content\/uploads\/2025\/11\/SITE-CARNET-5-DESSIN-4-1024x729.jpg\" alt=\"\" class=\"wp-image-1208\" srcset=\"https:\/\/atelierantoinebataille.fr\/wp-content\/uploads\/2025\/11\/SITE-CARNET-5-DESSIN-4-1024x729.jpg 1024w, https:\/\/atelierantoinebataille.fr\/wp-content\/uploads\/2025\/11\/SITE-CARNET-5-DESSIN-4-300x214.jpg 300w, https:\/\/atelierantoinebataille.fr\/wp-content\/uploads\/2025\/11\/SITE-CARNET-5-DESSIN-4-768x547.jpg 768w, https:\/\/atelierantoinebataille.fr\/wp-content\/uploads\/2025\/11\/SITE-CARNET-5-DESSIN-4-1536x1093.jpg 1536w, https:\/\/atelierantoinebataille.fr\/wp-content\/uploads\/2025\/11\/SITE-CARNET-5-DESSIN-4-2048x1458.jpg 2048w\" sizes=\"auto, (max-width: 1024px) 100vw, 1024px\" \/><\/a><\/figure>\n<\/div>\n<\/div>\n\n\n\n<div style=\"height:100px\" aria-hidden=\"true\" class=\"wp-block-spacer\"><\/div>\n\n\n\n<figure class=\"wp-block-image size-large\"><a href=\"https:\/\/atelierantoinebataille.fr\/wp-content\/uploads\/2025\/11\/SITE-CARNET-5-DESSIN-8-scaled.jpg\"><img loading=\"lazy\" decoding=\"async\" width=\"1024\" height=\"729\" src=\"https:\/\/atelierantoinebataille.fr\/wp-content\/uploads\/2025\/11\/SITE-CARNET-5-DESSIN-8-1024x729.jpg\" alt=\"\" class=\"wp-image-1209\" srcset=\"https:\/\/atelierantoinebataille.fr\/wp-content\/uploads\/2025\/11\/SITE-CARNET-5-DESSIN-8-1024x729.jpg 1024w, https:\/\/atelierantoinebataille.fr\/wp-content\/uploads\/2025\/11\/SITE-CARNET-5-DESSIN-8-300x214.jpg 300w, https:\/\/atelierantoinebataille.fr\/wp-content\/uploads\/2025\/11\/SITE-CARNET-5-DESSIN-8-768x547.jpg 768w, https:\/\/atelierantoinebataille.fr\/wp-content\/uploads\/2025\/11\/SITE-CARNET-5-DESSIN-8-1536x1093.jpg 1536w, https:\/\/atelierantoinebataille.fr\/wp-content\/uploads\/2025\/11\/SITE-CARNET-5-DESSIN-8-2048x1458.jpg 2048w\" sizes=\"auto, (max-width: 1024px) 100vw, 1024px\" \/><\/a><\/figure>\n\n\n\n<div style=\"height:36px\" aria-hidden=\"true\" class=\"wp-block-spacer\"><\/div>\n\n\n\n<p class=\"has-text-align-center\"><a href=\"https:\/\/atelierantoinebataille.fr\/index.php\/carnets-sur-le-motif\/carnet-6\/\">Carnet 6<\/a><\/p>\n\n\n\n<p><\/p>\n","protected":false},"excerpt":{"rendered":"<p>Ce carnet a \u00e9t\u00e9 r\u00e9alis\u00e9 en Ligurie (Italie), durant la r\u00e9sidence du Nouveau Grand Tour. Cet automne, d&rsquo;importants \u00e9pisodes de pluies ont imbib\u00e9 le paysage. Tous les jours, l&rsquo;eau circulait en d&rsquo;imposants vaisseaux brumeux au travers de ces collines bois\u00e9es masquant et r\u00e9v\u00e9lant sans cesse de nouveaux paysages. Les rares \u00e9claircies prenaient l&rsquo;apparence de petits [&hellip;]<\/p>\n","protected":false},"author":1,"featured_media":0,"parent":1195,"menu_order":0,"comment_status":"closed","ping_status":"closed","template":"","meta":{"ocean_post_layout":"","ocean_both_sidebars_style":"","ocean_both_sidebars_content_width":0,"ocean_both_sidebars_sidebars_width":0,"ocean_sidebar":"","ocean_second_sidebar":"","ocean_disable_margins":"enable","ocean_add_body_class":"","ocean_shortcode_before_top_bar":"","ocean_shortcode_after_top_bar":"","ocean_shortcode_before_header":"","ocean_shortcode_after_header":"","ocean_has_shortcode":"","ocean_shortcode_after_title":"","ocean_shortcode_before_footer_widgets":"","ocean_shortcode_after_footer_widgets":"","ocean_shortcode_before_footer_bottom":"","ocean_shortcode_after_footer_bottom":"","ocean_display_top_bar":"default","ocean_display_header":"default","ocean_header_style":"","ocean_center_header_left_menu":"","ocean_custom_header_template":"","ocean_custom_logo":0,"ocean_custom_retina_logo":0,"ocean_custom_logo_max_width":0,"ocean_custom_logo_tablet_max_width":0,"ocean_custom_logo_mobile_max_width":0,"ocean_custom_logo_max_height":0,"ocean_custom_logo_tablet_max_height":0,"ocean_custom_logo_mobile_max_height":0,"ocean_header_custom_menu":"","ocean_menu_typo_font_family":"","ocean_menu_typo_font_subset":"","ocean_menu_typo_font_size":0,"ocean_menu_typo_font_size_tablet":0,"ocean_menu_typo_font_size_mobile":0,"ocean_menu_typo_font_size_unit":"px","ocean_menu_typo_font_weight":"","ocean_menu_typo_font_weight_tablet":"","ocean_menu_typo_font_weight_mobile":"","ocean_menu_typo_transform":"","ocean_menu_typo_transform_tablet":"","ocean_menu_typo_transform_mobile":"","ocean_menu_typo_line_height":0,"ocean_menu_typo_line_height_tablet":0,"ocean_menu_typo_line_height_mobile":0,"ocean_menu_typo_line_height_unit":"","ocean_menu_typo_spacing":0,"ocean_menu_typo_spacing_tablet":0,"ocean_menu_typo_spacing_mobile":0,"ocean_menu_typo_spacing_unit":"","ocean_menu_link_color":"","ocean_menu_link_color_hover":"","ocean_menu_link_color_active":"","ocean_menu_link_background":"","ocean_menu_link_hover_background":"","ocean_menu_link_active_background":"","ocean_menu_social_links_bg":"","ocean_menu_social_hover_links_bg":"","ocean_menu_social_links_color":"","ocean_menu_social_hover_links_color":"","ocean_disable_title":"default","ocean_disable_heading":"default","ocean_post_title":"","ocean_post_subheading":"","ocean_post_title_style":"","ocean_post_title_background_color":"","ocean_post_title_background":0,"ocean_post_title_bg_image_position":"","ocean_post_title_bg_image_attachment":"","ocean_post_title_bg_image_repeat":"","ocean_post_title_bg_image_size":"","ocean_post_title_height":0,"ocean_post_title_bg_overlay":0.5,"ocean_post_title_bg_overlay_color":"","ocean_disable_breadcrumbs":"default","ocean_breadcrumbs_color":"","ocean_breadcrumbs_separator_color":"","ocean_breadcrumbs_links_color":"","ocean_breadcrumbs_links_hover_color":"","ocean_display_footer_widgets":"default","ocean_display_footer_bottom":"default","ocean_custom_footer_template":"","footnotes":""},"class_list":["post-1200","page","type-page","status-publish","hentry","entry"],"yoast_head":"<!-- This site is optimized with the Yoast SEO plugin v20.8 - https:\/\/yoast.com\/wordpress\/plugins\/seo\/ -->\n<title>Carnet 5 - Ligurie (Italie) - Antoine Bataille<\/title>\n<meta name=\"robots\" content=\"index, follow, max-snippet:-1, max-image-preview:large, max-video-preview:-1\" \/>\n<link rel=\"canonical\" href=\"https:\/\/atelierantoinebataille.fr\/index.php\/carnets-sur-le-motif\/carnet-5\/\" \/>\n<meta property=\"og:locale\" content=\"fr_FR\" \/>\n<meta property=\"og:type\" content=\"article\" \/>\n<meta property=\"og:title\" content=\"Carnet 5 - Ligurie (Italie) - Antoine Bataille\" \/>\n<meta property=\"og:description\" content=\"Ce carnet a \u00e9t\u00e9 r\u00e9alis\u00e9 en Ligurie (Italie), durant la r\u00e9sidence du Nouveau Grand Tour. Cet automne, d&rsquo;importants \u00e9pisodes de pluies ont imbib\u00e9 le paysage. Tous les jours, l&rsquo;eau circulait en d&rsquo;imposants vaisseaux brumeux au travers de ces collines bois\u00e9es masquant et r\u00e9v\u00e9lant sans cesse de nouveaux paysages. Les rares \u00e9claircies prenaient l&rsquo;apparence de petits [&hellip;]\" \/>\n<meta property=\"og:url\" content=\"https:\/\/atelierantoinebataille.fr\/index.php\/carnets-sur-le-motif\/carnet-5\/\" \/>\n<meta property=\"og:site_name\" content=\"Antoine Bataille\" \/>\n<meta property=\"article:modified_time\" content=\"2025-12-02T11:59:35+00:00\" \/>\n<meta property=\"og:image\" content=\"https:\/\/atelierantoinebataille.fr\/wp-content\/uploads\/2025\/11\/SITE-CARNET-5-DESSIN-3-1024x729.jpg\" \/>\n<meta name=\"twitter:card\" content=\"summary_large_image\" \/>\n<meta name=\"twitter:label1\" content=\"Dur\u00e9e de lecture estim\u00e9e\" \/>\n\t<meta name=\"twitter:data1\" content=\"3 minutes\" \/>\n<script type=\"application\/ld+json\" class=\"yoast-schema-graph\">{\"@context\":\"https:\/\/schema.org\",\"@graph\":[{\"@type\":\"WebPage\",\"@id\":\"https:\/\/atelierantoinebataille.fr\/index.php\/carnets-sur-le-motif\/carnet-5\/\",\"url\":\"https:\/\/atelierantoinebataille.fr\/index.php\/carnets-sur-le-motif\/carnet-5\/\",\"name\":\"Carnet 5 - Ligurie (Italie) - Antoine Bataille\",\"isPartOf\":{\"@id\":\"https:\/\/atelierantoinebataille.fr\/#website\"},\"datePublished\":\"2025-11-24T09:16:42+00:00\",\"dateModified\":\"2025-12-02T11:59:35+00:00\",\"breadcrumb\":{\"@id\":\"https:\/\/atelierantoinebataille.fr\/index.php\/carnets-sur-le-motif\/carnet-5\/#breadcrumb\"},\"inLanguage\":\"fr-FR\",\"potentialAction\":[{\"@type\":\"ReadAction\",\"target\":[\"https:\/\/atelierantoinebataille.fr\/index.php\/carnets-sur-le-motif\/carnet-5\/\"]}]},{\"@type\":\"BreadcrumbList\",\"@id\":\"https:\/\/atelierantoinebataille.fr\/index.php\/carnets-sur-le-motif\/carnet-5\/#breadcrumb\",\"itemListElement\":[{\"@type\":\"ListItem\",\"position\":1,\"name\":\"Accueil\",\"item\":\"https:\/\/atelierantoinebataille.fr\/\"},{\"@type\":\"ListItem\",\"position\":2,\"name\":\"Carnets sur le motif\",\"item\":\"https:\/\/atelierantoinebataille.fr\/index.php\/carnets-sur-le-motif\/\"},{\"@type\":\"ListItem\",\"position\":3,\"name\":\"Carnet 5 &#8211; Ligurie (Italie)\"}]},{\"@type\":\"WebSite\",\"@id\":\"https:\/\/atelierantoinebataille.fr\/#website\",\"url\":\"https:\/\/atelierantoinebataille.fr\/\",\"name\":\"Antoine Bataille\",\"description\":\"Le myst\u00e8re demeure dans l&#039;ombre\",\"publisher\":{\"@id\":\"https:\/\/atelierantoinebataille.fr\/#organization\"},\"potentialAction\":[{\"@type\":\"SearchAction\",\"target\":{\"@type\":\"EntryPoint\",\"urlTemplate\":\"https:\/\/atelierantoinebataille.fr\/?s={search_term_string}\"},\"query-input\":\"required name=search_term_string\"}],\"inLanguage\":\"fr-FR\"},{\"@type\":\"Organization\",\"@id\":\"https:\/\/atelierantoinebataille.fr\/#organization\",\"name\":\"Antoine Bataille\",\"url\":\"https:\/\/atelierantoinebataille.fr\/\",\"logo\":{\"@type\":\"ImageObject\",\"inLanguage\":\"fr-FR\",\"@id\":\"https:\/\/atelierantoinebataille.fr\/#\/schema\/logo\/image\/\",\"url\":\"https:\/\/atelierantoinebataille.fr\/wp-content\/uploads\/2023\/09\/cropped-TITRE-SITE-ANTOINE-BATAILLE.jpg\",\"contentUrl\":\"https:\/\/atelierantoinebataille.fr\/wp-content\/uploads\/2023\/09\/cropped-TITRE-SITE-ANTOINE-BATAILLE.jpg\",\"width\":815,\"height\":229,\"caption\":\"Antoine Bataille\"},\"image\":{\"@id\":\"https:\/\/atelierantoinebataille.fr\/#\/schema\/logo\/image\/\"}}]}<\/script>\n<!-- \/ Yoast SEO plugin. -->","yoast_head_json":{"title":"Carnet 5 - Ligurie (Italie) - Antoine Bataille","robots":{"index":"index","follow":"follow","max-snippet":"max-snippet:-1","max-image-preview":"max-image-preview:large","max-video-preview":"max-video-preview:-1"},"canonical":"https:\/\/atelierantoinebataille.fr\/index.php\/carnets-sur-le-motif\/carnet-5\/","og_locale":"fr_FR","og_type":"article","og_title":"Carnet 5 - Ligurie (Italie) - Antoine Bataille","og_description":"Ce carnet a \u00e9t\u00e9 r\u00e9alis\u00e9 en Ligurie (Italie), durant la r\u00e9sidence du Nouveau Grand Tour. Cet automne, d&rsquo;importants \u00e9pisodes de pluies ont imbib\u00e9 le paysage. Tous les jours, l&rsquo;eau circulait en d&rsquo;imposants vaisseaux brumeux au travers de ces collines bois\u00e9es masquant et r\u00e9v\u00e9lant sans cesse de nouveaux paysages. Les rares \u00e9claircies prenaient l&rsquo;apparence de petits [&hellip;]","og_url":"https:\/\/atelierantoinebataille.fr\/index.php\/carnets-sur-le-motif\/carnet-5\/","og_site_name":"Antoine Bataille","article_modified_time":"2025-12-02T11:59:35+00:00","og_image":[{"url":"https:\/\/atelierantoinebataille.fr\/wp-content\/uploads\/2025\/11\/SITE-CARNET-5-DESSIN-3-1024x729.jpg"}],"twitter_card":"summary_large_image","twitter_misc":{"Dur\u00e9e de lecture estim\u00e9e":"3 minutes"},"schema":{"@context":"https:\/\/schema.org","@graph":[{"@type":"WebPage","@id":"https:\/\/atelierantoinebataille.fr\/index.php\/carnets-sur-le-motif\/carnet-5\/","url":"https:\/\/atelierantoinebataille.fr\/index.php\/carnets-sur-le-motif\/carnet-5\/","name":"Carnet 5 - Ligurie (Italie) - Antoine Bataille","isPartOf":{"@id":"https:\/\/atelierantoinebataille.fr\/#website"},"datePublished":"2025-11-24T09:16:42+00:00","dateModified":"2025-12-02T11:59:35+00:00","breadcrumb":{"@id":"https:\/\/atelierantoinebataille.fr\/index.php\/carnets-sur-le-motif\/carnet-5\/#breadcrumb"},"inLanguage":"fr-FR","potentialAction":[{"@type":"ReadAction","target":["https:\/\/atelierantoinebataille.fr\/index.php\/carnets-sur-le-motif\/carnet-5\/"]}]},{"@type":"BreadcrumbList","@id":"https:\/\/atelierantoinebataille.fr\/index.php\/carnets-sur-le-motif\/carnet-5\/#breadcrumb","itemListElement":[{"@type":"ListItem","position":1,"name":"Accueil","item":"https:\/\/atelierantoinebataille.fr\/"},{"@type":"ListItem","position":2,"name":"Carnets sur le motif","item":"https:\/\/atelierantoinebataille.fr\/index.php\/carnets-sur-le-motif\/"},{"@type":"ListItem","position":3,"name":"Carnet 5 &#8211; Ligurie (Italie)"}]},{"@type":"WebSite","@id":"https:\/\/atelierantoinebataille.fr\/#website","url":"https:\/\/atelierantoinebataille.fr\/","name":"Antoine Bataille","description":"Le myst\u00e8re demeure dans l&#039;ombre","publisher":{"@id":"https:\/\/atelierantoinebataille.fr\/#organization"},"potentialAction":[{"@type":"SearchAction","target":{"@type":"EntryPoint","urlTemplate":"https:\/\/atelierantoinebataille.fr\/?s={search_term_string}"},"query-input":"required name=search_term_string"}],"inLanguage":"fr-FR"},{"@type":"Organization","@id":"https:\/\/atelierantoinebataille.fr\/#organization","name":"Antoine Bataille","url":"https:\/\/atelierantoinebataille.fr\/","logo":{"@type":"ImageObject","inLanguage":"fr-FR","@id":"https:\/\/atelierantoinebataille.fr\/#\/schema\/logo\/image\/","url":"https:\/\/atelierantoinebataille.fr\/wp-content\/uploads\/2023\/09\/cropped-TITRE-SITE-ANTOINE-BATAILLE.jpg","contentUrl":"https:\/\/atelierantoinebataille.fr\/wp-content\/uploads\/2023\/09\/cropped-TITRE-SITE-ANTOINE-BATAILLE.jpg","width":815,"height":229,"caption":"Antoine Bataille"},"image":{"@id":"https:\/\/atelierantoinebataille.fr\/#\/schema\/logo\/image\/"}}]}},"_links":{"self":[{"href":"https:\/\/atelierantoinebataille.fr\/index.php\/wp-json\/wp\/v2\/pages\/1200","targetHints":{"allow":["GET"]}}],"collection":[{"href":"https:\/\/atelierantoinebataille.fr\/index.php\/wp-json\/wp\/v2\/pages"}],"about":[{"href":"https:\/\/atelierantoinebataille.fr\/index.php\/wp-json\/wp\/v2\/types\/page"}],"author":[{"embeddable":true,"href":"https:\/\/atelierantoinebataille.fr\/index.php\/wp-json\/wp\/v2\/users\/1"}],"replies":[{"embeddable":true,"href":"https:\/\/atelierantoinebataille.fr\/index.php\/wp-json\/wp\/v2\/comments?post=1200"}],"version-history":[{"count":3,"href":"https:\/\/atelierantoinebataille.fr\/index.php\/wp-json\/wp\/v2\/pages\/1200\/revisions"}],"predecessor-version":[{"id":1373,"href":"https:\/\/atelierantoinebataille.fr\/index.php\/wp-json\/wp\/v2\/pages\/1200\/revisions\/1373"}],"up":[{"embeddable":true,"href":"https:\/\/atelierantoinebataille.fr\/index.php\/wp-json\/wp\/v2\/pages\/1195"}],"wp:attachment":[{"href":"https:\/\/atelierantoinebataille.fr\/index.php\/wp-json\/wp\/v2\/media?parent=1200"}],"curies":[{"name":"wp","href":"https:\/\/api.w.org\/{rel}","templated":true}]}}