{"id":1213,"date":"2025-11-24T16:53:04","date_gmt":"2025-11-24T15:53:04","guid":{"rendered":"https:\/\/atelierantoinebataille.fr\/?page_id=1213"},"modified":"2026-01-27T12:20:02","modified_gmt":"2026-01-27T11:20:02","slug":"carnet-4","status":"publish","type":"page","link":"https:\/\/atelierantoinebataille.fr\/index.php\/carnets-sur-le-motif\/carnet-4\/","title":{"rendered":"Carnet 4 &#8211; Irlande"},"content":{"rendered":"\n<p>En juillet 2024, je prenais mon v\u00e9lo pour peindre les paysages Irlandais. <\/p>\n\n\n\n<p>Un voyage le long des c\u00f4tes sauvages, \u00e0 zigzaguer entre les gouttes de pluie et les mouches piquantes, entre une nature corset\u00e9e par les hommes dans les landes et d\u00e9chir\u00e9e par les \u00e9l\u00e9ments sur les littoraux.<\/p>\n\n\n\n<p>\u00ab\u00a0Hier, je devais concentrer mon attention sur un vide apparent pour en faire \u00e9merger une particularit\u00e9 palpable. Aujourd\u2019hui, dans l\u2019exub\u00e9rance d\u2019effets, je dois choisir par lequel commencer \u00e0 peindre. L\u2019aspect domestique de la nature irlandaise a tout \u00e0 fait disparu. J\u2019ai l\u2019impression de me trouver face aux ab\u00eemes sans fin d\u2019une temp\u00eate cosmique. \u00c0 un paysage sans \u00e9chelle peupl\u00e9 de maelstroms monumentales qu\u2019un dieu instable a perp\u00e9tr\u00e9s le soir o\u00f9 son c\u0153ur s\u2019est d\u00e9chir\u00e9.\u00a0\u00bb <\/p>\n\n\n\n<p>Extrait de <em>La trace de l&rsquo;ombre<\/em>, \u00e0 paraitre chez <a href=\"https:\/\/www.editionselytis.com\/\">Elytis<\/a> en septembre 2026<\/p>\n\n\n\n<div style=\"height:33px\" aria-hidden=\"true\" class=\"wp-block-spacer\"><\/div>\n\n\n\n<div class=\"wp-block-columns is-layout-flex wp-container-core-columns-is-layout-9d6595d7 wp-block-columns-is-layout-flex\">\n<div class=\"wp-block-column is-layout-flow wp-block-column-is-layout-flow\">\n<figure class=\"wp-block-image size-large\"><a href=\"https:\/\/atelierantoinebataille.fr\/wp-content\/uploads\/2025\/11\/CARNET-4-DESSIN-4-scaled.jpg\"><img loading=\"lazy\" decoding=\"async\" width=\"729\" height=\"1024\" src=\"https:\/\/atelierantoinebataille.fr\/wp-content\/uploads\/2025\/11\/CARNET-4-DESSIN-4-729x1024.jpg\" alt=\"\" class=\"wp-image-1214\" srcset=\"https:\/\/atelierantoinebataille.fr\/wp-content\/uploads\/2025\/11\/CARNET-4-DESSIN-4-729x1024.jpg 729w, https:\/\/atelierantoinebataille.fr\/wp-content\/uploads\/2025\/11\/CARNET-4-DESSIN-4-214x300.jpg 214w, https:\/\/atelierantoinebataille.fr\/wp-content\/uploads\/2025\/11\/CARNET-4-DESSIN-4-768x1079.jpg 768w, https:\/\/atelierantoinebataille.fr\/wp-content\/uploads\/2025\/11\/CARNET-4-DESSIN-4-1093x1536.jpg 1093w, https:\/\/atelierantoinebataille.fr\/wp-content\/uploads\/2025\/11\/CARNET-4-DESSIN-4-1458x2048.jpg 1458w, https:\/\/atelierantoinebataille.fr\/wp-content\/uploads\/2025\/11\/CARNET-4-DESSIN-4-scaled.jpg 1822w\" sizes=\"auto, (max-width: 729px) 100vw, 729px\" \/><\/a><\/figure>\n<\/div>\n\n\n\n<div class=\"wp-block-column is-layout-flow wp-block-column-is-layout-flow\">\n<figure class=\"wp-block-image size-large\"><a href=\"https:\/\/atelierantoinebataille.fr\/wp-content\/uploads\/2025\/11\/CARNET-4-DESSIN-8-scaled.jpg\"><img loading=\"lazy\" decoding=\"async\" width=\"729\" height=\"1024\" src=\"https:\/\/atelierantoinebataille.fr\/wp-content\/uploads\/2025\/11\/CARNET-4-DESSIN-8-729x1024.jpg\" alt=\"\" class=\"wp-image-1215\" srcset=\"https:\/\/atelierantoinebataille.fr\/wp-content\/uploads\/2025\/11\/CARNET-4-DESSIN-8-729x1024.jpg 729w, https:\/\/atelierantoinebataille.fr\/wp-content\/uploads\/2025\/11\/CARNET-4-DESSIN-8-214x300.jpg 214w, https:\/\/atelierantoinebataille.fr\/wp-content\/uploads\/2025\/11\/CARNET-4-DESSIN-8-768x1079.jpg 768w, https:\/\/atelierantoinebataille.fr\/wp-content\/uploads\/2025\/11\/CARNET-4-DESSIN-8-1093x1536.jpg 1093w, https:\/\/atelierantoinebataille.fr\/wp-content\/uploads\/2025\/11\/CARNET-4-DESSIN-8-1458x2048.jpg 1458w, https:\/\/atelierantoinebataille.fr\/wp-content\/uploads\/2025\/11\/CARNET-4-DESSIN-8-scaled.jpg 1822w\" sizes=\"auto, (max-width: 729px) 100vw, 729px\" \/><\/a><\/figure>\n<\/div>\n\n\n\n<div class=\"wp-block-column is-layout-flow wp-block-column-is-layout-flow\">\n<figure class=\"wp-block-image size-large\"><a href=\"https:\/\/atelierantoinebataille.fr\/wp-content\/uploads\/2025\/11\/CARNET-4-DESSIN-9-scaled.jpg\"><img loading=\"lazy\" decoding=\"async\" width=\"729\" height=\"1024\" src=\"https:\/\/atelierantoinebataille.fr\/wp-content\/uploads\/2025\/11\/CARNET-4-DESSIN-9-729x1024.jpg\" alt=\"\" class=\"wp-image-1216\" srcset=\"https:\/\/atelierantoinebataille.fr\/wp-content\/uploads\/2025\/11\/CARNET-4-DESSIN-9-729x1024.jpg 729w, https:\/\/atelierantoinebataille.fr\/wp-content\/uploads\/2025\/11\/CARNET-4-DESSIN-9-214x300.jpg 214w, https:\/\/atelierantoinebataille.fr\/wp-content\/uploads\/2025\/11\/CARNET-4-DESSIN-9-768x1079.jpg 768w, https:\/\/atelierantoinebataille.fr\/wp-content\/uploads\/2025\/11\/CARNET-4-DESSIN-9-1093x1536.jpg 1093w, https:\/\/atelierantoinebataille.fr\/wp-content\/uploads\/2025\/11\/CARNET-4-DESSIN-9-1458x2048.jpg 1458w, https:\/\/atelierantoinebataille.fr\/wp-content\/uploads\/2025\/11\/CARNET-4-DESSIN-9-scaled.jpg 1822w\" sizes=\"auto, (max-width: 729px) 100vw, 729px\" \/><\/a><\/figure>\n<\/div>\n<\/div>\n\n\n\n<div class=\"wp-block-columns is-layout-flex wp-container-core-columns-is-layout-9d6595d7 wp-block-columns-is-layout-flex\">\n<div class=\"wp-block-column is-layout-flow wp-block-column-is-layout-flow\">\n<figure class=\"wp-block-image size-large\"><a href=\"https:\/\/atelierantoinebataille.fr\/wp-content\/uploads\/2025\/11\/CARNET-4-DESSIN-5-1-scaled.jpg\"><img loading=\"lazy\" decoding=\"async\" width=\"729\" height=\"1024\" src=\"https:\/\/atelierantoinebataille.fr\/wp-content\/uploads\/2025\/11\/CARNET-4-DESSIN-5-1-729x1024.jpg\" alt=\"\" class=\"wp-image-1218\" srcset=\"https:\/\/atelierantoinebataille.fr\/wp-content\/uploads\/2025\/11\/CARNET-4-DESSIN-5-1-729x1024.jpg 729w, https:\/\/atelierantoinebataille.fr\/wp-content\/uploads\/2025\/11\/CARNET-4-DESSIN-5-1-214x300.jpg 214w, https:\/\/atelierantoinebataille.fr\/wp-content\/uploads\/2025\/11\/CARNET-4-DESSIN-5-1-768x1079.jpg 768w, https:\/\/atelierantoinebataille.fr\/wp-content\/uploads\/2025\/11\/CARNET-4-DESSIN-5-1-1093x1536.jpg 1093w, https:\/\/atelierantoinebataille.fr\/wp-content\/uploads\/2025\/11\/CARNET-4-DESSIN-5-1-1458x2048.jpg 1458w, https:\/\/atelierantoinebataille.fr\/wp-content\/uploads\/2025\/11\/CARNET-4-DESSIN-5-1-scaled.jpg 1822w\" sizes=\"auto, (max-width: 729px) 100vw, 729px\" \/><\/a><\/figure>\n<\/div>\n\n\n\n<div class=\"wp-block-column is-layout-flow wp-block-column-is-layout-flow\">\n<figure class=\"wp-block-image size-large\"><a href=\"https:\/\/atelierantoinebataille.fr\/wp-content\/uploads\/2025\/11\/CARNET-4-DESSIN-7-scaled.jpg\"><img loading=\"lazy\" decoding=\"async\" width=\"729\" height=\"1024\" src=\"https:\/\/atelierantoinebataille.fr\/wp-content\/uploads\/2025\/11\/CARNET-4-DESSIN-7-729x1024.jpg\" alt=\"\" class=\"wp-image-1219\" srcset=\"https:\/\/atelierantoinebataille.fr\/wp-content\/uploads\/2025\/11\/CARNET-4-DESSIN-7-729x1024.jpg 729w, https:\/\/atelierantoinebataille.fr\/wp-content\/uploads\/2025\/11\/CARNET-4-DESSIN-7-214x300.jpg 214w, https:\/\/atelierantoinebataille.fr\/wp-content\/uploads\/2025\/11\/CARNET-4-DESSIN-7-768x1079.jpg 768w, https:\/\/atelierantoinebataille.fr\/wp-content\/uploads\/2025\/11\/CARNET-4-DESSIN-7-1093x1536.jpg 1093w, https:\/\/atelierantoinebataille.fr\/wp-content\/uploads\/2025\/11\/CARNET-4-DESSIN-7-1458x2048.jpg 1458w, https:\/\/atelierantoinebataille.fr\/wp-content\/uploads\/2025\/11\/CARNET-4-DESSIN-7-scaled.jpg 1822w\" sizes=\"auto, (max-width: 729px) 100vw, 729px\" \/><\/a><\/figure>\n<\/div>\n\n\n\n<div class=\"wp-block-column is-layout-flow wp-block-column-is-layout-flow\">\n<figure class=\"wp-block-image size-large\"><a href=\"https:\/\/atelierantoinebataille.fr\/wp-content\/uploads\/2025\/11\/CARNET-4-DESSIN-3-scaled.jpg\"><img loading=\"lazy\" decoding=\"async\" width=\"729\" height=\"1024\" src=\"https:\/\/atelierantoinebataille.fr\/wp-content\/uploads\/2025\/11\/CARNET-4-DESSIN-3-729x1024.jpg\" alt=\"\" class=\"wp-image-1220\" srcset=\"https:\/\/atelierantoinebataille.fr\/wp-content\/uploads\/2025\/11\/CARNET-4-DESSIN-3-729x1024.jpg 729w, https:\/\/atelierantoinebataille.fr\/wp-content\/uploads\/2025\/11\/CARNET-4-DESSIN-3-214x300.jpg 214w, https:\/\/atelierantoinebataille.fr\/wp-content\/uploads\/2025\/11\/CARNET-4-DESSIN-3-768x1079.jpg 768w, https:\/\/atelierantoinebataille.fr\/wp-content\/uploads\/2025\/11\/CARNET-4-DESSIN-3-1093x1536.jpg 1093w, https:\/\/atelierantoinebataille.fr\/wp-content\/uploads\/2025\/11\/CARNET-4-DESSIN-3-1458x2048.jpg 1458w, https:\/\/atelierantoinebataille.fr\/wp-content\/uploads\/2025\/11\/CARNET-4-DESSIN-3-scaled.jpg 1822w\" sizes=\"auto, (max-width: 729px) 100vw, 729px\" \/><\/a><\/figure>\n<\/div>\n<\/div>\n\n\n\n<div class=\"wp-block-columns is-layout-flex wp-container-core-columns-is-layout-9d6595d7 wp-block-columns-is-layout-flex\">\n<div class=\"wp-block-column is-layout-flow wp-block-column-is-layout-flow\">\n<figure class=\"wp-block-image size-large\"><a href=\"https:\/\/atelierantoinebataille.fr\/wp-content\/uploads\/2025\/11\/CARNET-4-DESSIN-6-scaled.jpg\"><img loading=\"lazy\" decoding=\"async\" width=\"729\" height=\"1024\" src=\"https:\/\/atelierantoinebataille.fr\/wp-content\/uploads\/2025\/11\/CARNET-4-DESSIN-6-729x1024.jpg\" alt=\"\" class=\"wp-image-1221\" srcset=\"https:\/\/atelierantoinebataille.fr\/wp-content\/uploads\/2025\/11\/CARNET-4-DESSIN-6-729x1024.jpg 729w, https:\/\/atelierantoinebataille.fr\/wp-content\/uploads\/2025\/11\/CARNET-4-DESSIN-6-214x300.jpg 214w, https:\/\/atelierantoinebataille.fr\/wp-content\/uploads\/2025\/11\/CARNET-4-DESSIN-6-768x1079.jpg 768w, https:\/\/atelierantoinebataille.fr\/wp-content\/uploads\/2025\/11\/CARNET-4-DESSIN-6-1093x1536.jpg 1093w, https:\/\/atelierantoinebataille.fr\/wp-content\/uploads\/2025\/11\/CARNET-4-DESSIN-6-1458x2048.jpg 1458w, https:\/\/atelierantoinebataille.fr\/wp-content\/uploads\/2025\/11\/CARNET-4-DESSIN-6-scaled.jpg 1822w\" sizes=\"auto, (max-width: 729px) 100vw, 729px\" \/><\/a><\/figure>\n<\/div>\n\n\n\n<div class=\"wp-block-column is-layout-flow wp-block-column-is-layout-flow\">\n<figure class=\"wp-block-image size-large\"><a href=\"https:\/\/atelierantoinebataille.fr\/wp-content\/uploads\/2025\/11\/CARNET-4-DESSIN-2-scaled.jpg\"><img loading=\"lazy\" decoding=\"async\" width=\"729\" height=\"1024\" src=\"https:\/\/atelierantoinebataille.fr\/wp-content\/uploads\/2025\/11\/CARNET-4-DESSIN-2-729x1024.jpg\" alt=\"\" class=\"wp-image-1222\" srcset=\"https:\/\/atelierantoinebataille.fr\/wp-content\/uploads\/2025\/11\/CARNET-4-DESSIN-2-729x1024.jpg 729w, https:\/\/atelierantoinebataille.fr\/wp-content\/uploads\/2025\/11\/CARNET-4-DESSIN-2-214x300.jpg 214w, https:\/\/atelierantoinebataille.fr\/wp-content\/uploads\/2025\/11\/CARNET-4-DESSIN-2-768x1079.jpg 768w, https:\/\/atelierantoinebataille.fr\/wp-content\/uploads\/2025\/11\/CARNET-4-DESSIN-2-1093x1536.jpg 1093w, https:\/\/atelierantoinebataille.fr\/wp-content\/uploads\/2025\/11\/CARNET-4-DESSIN-2-1458x2048.jpg 1458w, https:\/\/atelierantoinebataille.fr\/wp-content\/uploads\/2025\/11\/CARNET-4-DESSIN-2-scaled.jpg 1822w\" sizes=\"auto, (max-width: 729px) 100vw, 729px\" \/><\/a><\/figure>\n<\/div>\n\n\n\n<div class=\"wp-block-column is-layout-flow wp-block-column-is-layout-flow\">\n<figure class=\"wp-block-image size-large\"><a href=\"https:\/\/atelierantoinebataille.fr\/wp-content\/uploads\/2025\/11\/CARNET-4-DESSIN-1-scaled.jpg\"><img loading=\"lazy\" decoding=\"async\" width=\"729\" height=\"1024\" src=\"https:\/\/atelierantoinebataille.fr\/wp-content\/uploads\/2025\/11\/CARNET-4-DESSIN-1-729x1024.jpg\" alt=\"\" class=\"wp-image-1223\" srcset=\"https:\/\/atelierantoinebataille.fr\/wp-content\/uploads\/2025\/11\/CARNET-4-DESSIN-1-729x1024.jpg 729w, https:\/\/atelierantoinebataille.fr\/wp-content\/uploads\/2025\/11\/CARNET-4-DESSIN-1-214x300.jpg 214w, https:\/\/atelierantoinebataille.fr\/wp-content\/uploads\/2025\/11\/CARNET-4-DESSIN-1-768x1079.jpg 768w, https:\/\/atelierantoinebataille.fr\/wp-content\/uploads\/2025\/11\/CARNET-4-DESSIN-1-1093x1536.jpg 1093w, https:\/\/atelierantoinebataille.fr\/wp-content\/uploads\/2025\/11\/CARNET-4-DESSIN-1-1458x2048.jpg 1458w, https:\/\/atelierantoinebataille.fr\/wp-content\/uploads\/2025\/11\/CARNET-4-DESSIN-1-scaled.jpg 1822w\" sizes=\"auto, (max-width: 729px) 100vw, 729px\" \/><\/a><\/figure>\n<\/div>\n<\/div>\n\n\n\n<div style=\"height:33px\" aria-hidden=\"true\" class=\"wp-block-spacer\"><\/div>\n\n\n\n<p class=\"has-text-align-center\"><a href=\"https:\/\/atelierantoinebataille.fr\/index.php\/carnets-sur-le-motif\/carnet-5\/\">Carnet 5<\/a><\/p>\n\n\n\n<p><\/p>\n","protected":false},"excerpt":{"rendered":"<p>En juillet 2024, je prenais mon v\u00e9lo pour peindre les paysages Irlandais. Un voyage le long des c\u00f4tes sauvages, \u00e0 zigzaguer entre les gouttes de pluie et les mouches piquantes, entre une nature corset\u00e9e par les hommes dans les landes et d\u00e9chir\u00e9e par les \u00e9l\u00e9ments sur les littoraux. \u00ab\u00a0Hier, je devais concentrer mon attention sur [&hellip;]<\/p>\n","protected":false},"author":1,"featured_media":0,"parent":1195,"menu_order":0,"comment_status":"closed","ping_status":"closed","template":"","meta":{"ocean_post_layout":"","ocean_both_sidebars_style":"","ocean_both_sidebars_content_width":0,"ocean_both_sidebars_sidebars_width":0,"ocean_sidebar":"","ocean_second_sidebar":"","ocean_disable_margins":"enable","ocean_add_body_class":"","ocean_shortcode_before_top_bar":"","ocean_shortcode_after_top_bar":"","ocean_shortcode_before_header":"","ocean_shortcode_after_header":"","ocean_has_shortcode":"","ocean_shortcode_after_title":"","ocean_shortcode_before_footer_widgets":"","ocean_shortcode_after_footer_widgets":"","ocean_shortcode_before_footer_bottom":"","ocean_shortcode_after_footer_bottom":"","ocean_display_top_bar":"default","ocean_display_header":"default","ocean_header_style":"","ocean_center_header_left_menu":"","ocean_custom_header_template":"","ocean_custom_logo":0,"ocean_custom_retina_logo":0,"ocean_custom_logo_max_width":0,"ocean_custom_logo_tablet_max_width":0,"ocean_custom_logo_mobile_max_width":0,"ocean_custom_logo_max_height":0,"ocean_custom_logo_tablet_max_height":0,"ocean_custom_logo_mobile_max_height":0,"ocean_header_custom_menu":"","ocean_menu_typo_font_family":"","ocean_menu_typo_font_subset":"","ocean_menu_typo_font_size":0,"ocean_menu_typo_font_size_tablet":0,"ocean_menu_typo_font_size_mobile":0,"ocean_menu_typo_font_size_unit":"px","ocean_menu_typo_font_weight":"","ocean_menu_typo_font_weight_tablet":"","ocean_menu_typo_font_weight_mobile":"","ocean_menu_typo_transform":"","ocean_menu_typo_transform_tablet":"","ocean_menu_typo_transform_mobile":"","ocean_menu_typo_line_height":0,"ocean_menu_typo_line_height_tablet":0,"ocean_menu_typo_line_height_mobile":0,"ocean_menu_typo_line_height_unit":"","ocean_menu_typo_spacing":0,"ocean_menu_typo_spacing_tablet":0,"ocean_menu_typo_spacing_mobile":0,"ocean_menu_typo_spacing_unit":"","ocean_menu_link_color":"","ocean_menu_link_color_hover":"","ocean_menu_link_color_active":"","ocean_menu_link_background":"","ocean_menu_link_hover_background":"","ocean_menu_link_active_background":"","ocean_menu_social_links_bg":"","ocean_menu_social_hover_links_bg":"","ocean_menu_social_links_color":"","ocean_menu_social_hover_links_color":"","ocean_disable_title":"default","ocean_disable_heading":"default","ocean_post_title":"","ocean_post_subheading":"","ocean_post_title_style":"","ocean_post_title_background_color":"","ocean_post_title_background":0,"ocean_post_title_bg_image_position":"","ocean_post_title_bg_image_attachment":"","ocean_post_title_bg_image_repeat":"","ocean_post_title_bg_image_size":"","ocean_post_title_height":0,"ocean_post_title_bg_overlay":0.5,"ocean_post_title_bg_overlay_color":"","ocean_disable_breadcrumbs":"default","ocean_breadcrumbs_color":"","ocean_breadcrumbs_separator_color":"","ocean_breadcrumbs_links_color":"","ocean_breadcrumbs_links_hover_color":"","ocean_display_footer_widgets":"default","ocean_display_footer_bottom":"default","ocean_custom_footer_template":"","footnotes":""},"class_list":["post-1213","page","type-page","status-publish","hentry","entry"],"yoast_head":"<!-- This site is optimized with the Yoast SEO plugin v20.8 - https:\/\/yoast.com\/wordpress\/plugins\/seo\/ -->\n<title>Carnet 4 - Irlande - Antoine Bataille<\/title>\n<meta name=\"robots\" content=\"index, follow, max-snippet:-1, max-image-preview:large, max-video-preview:-1\" \/>\n<link rel=\"canonical\" href=\"https:\/\/atelierantoinebataille.fr\/index.php\/carnets-sur-le-motif\/carnet-4\/\" \/>\n<meta property=\"og:locale\" content=\"fr_FR\" \/>\n<meta property=\"og:type\" content=\"article\" \/>\n<meta property=\"og:title\" content=\"Carnet 4 - Irlande - Antoine Bataille\" \/>\n<meta property=\"og:description\" content=\"En juillet 2024, je prenais mon v\u00e9lo pour peindre les paysages Irlandais. Un voyage le long des c\u00f4tes sauvages, \u00e0 zigzaguer entre les gouttes de pluie et les mouches piquantes, entre une nature corset\u00e9e par les hommes dans les landes et d\u00e9chir\u00e9e par les \u00e9l\u00e9ments sur les littoraux. \u00ab\u00a0Hier, je devais concentrer mon attention sur [&hellip;]\" \/>\n<meta property=\"og:url\" content=\"https:\/\/atelierantoinebataille.fr\/index.php\/carnets-sur-le-motif\/carnet-4\/\" \/>\n<meta property=\"og:site_name\" content=\"Antoine Bataille\" \/>\n<meta property=\"article:modified_time\" content=\"2026-01-27T11:20:02+00:00\" \/>\n<meta property=\"og:image\" content=\"https:\/\/atelierantoinebataille.fr\/wp-content\/uploads\/2025\/11\/CARNET-4-DESSIN-4-729x1024.jpg\" \/>\n<meta name=\"twitter:card\" content=\"summary_large_image\" \/>\n<meta name=\"twitter:label1\" content=\"Dur\u00e9e de lecture estim\u00e9e\" \/>\n\t<meta name=\"twitter:data1\" content=\"3 minutes\" \/>\n<script type=\"application\/ld+json\" class=\"yoast-schema-graph\">{\"@context\":\"https:\/\/schema.org\",\"@graph\":[{\"@type\":\"WebPage\",\"@id\":\"https:\/\/atelierantoinebataille.fr\/index.php\/carnets-sur-le-motif\/carnet-4\/\",\"url\":\"https:\/\/atelierantoinebataille.fr\/index.php\/carnets-sur-le-motif\/carnet-4\/\",\"name\":\"Carnet 4 - Irlande - Antoine Bataille\",\"isPartOf\":{\"@id\":\"https:\/\/atelierantoinebataille.fr\/#website\"},\"datePublished\":\"2025-11-24T15:53:04+00:00\",\"dateModified\":\"2026-01-27T11:20:02+00:00\",\"breadcrumb\":{\"@id\":\"https:\/\/atelierantoinebataille.fr\/index.php\/carnets-sur-le-motif\/carnet-4\/#breadcrumb\"},\"inLanguage\":\"fr-FR\",\"potentialAction\":[{\"@type\":\"ReadAction\",\"target\":[\"https:\/\/atelierantoinebataille.fr\/index.php\/carnets-sur-le-motif\/carnet-4\/\"]}]},{\"@type\":\"BreadcrumbList\",\"@id\":\"https:\/\/atelierantoinebataille.fr\/index.php\/carnets-sur-le-motif\/carnet-4\/#breadcrumb\",\"itemListElement\":[{\"@type\":\"ListItem\",\"position\":1,\"name\":\"Accueil\",\"item\":\"https:\/\/atelierantoinebataille.fr\/\"},{\"@type\":\"ListItem\",\"position\":2,\"name\":\"Carnets sur le motif\",\"item\":\"https:\/\/atelierantoinebataille.fr\/index.php\/carnets-sur-le-motif\/\"},{\"@type\":\"ListItem\",\"position\":3,\"name\":\"Carnet 4 &#8211; Irlande\"}]},{\"@type\":\"WebSite\",\"@id\":\"https:\/\/atelierantoinebataille.fr\/#website\",\"url\":\"https:\/\/atelierantoinebataille.fr\/\",\"name\":\"Antoine Bataille\",\"description\":\"Le myst\u00e8re demeure dans l&#039;ombre\",\"publisher\":{\"@id\":\"https:\/\/atelierantoinebataille.fr\/#organization\"},\"potentialAction\":[{\"@type\":\"SearchAction\",\"target\":{\"@type\":\"EntryPoint\",\"urlTemplate\":\"https:\/\/atelierantoinebataille.fr\/?s={search_term_string}\"},\"query-input\":\"required name=search_term_string\"}],\"inLanguage\":\"fr-FR\"},{\"@type\":\"Organization\",\"@id\":\"https:\/\/atelierantoinebataille.fr\/#organization\",\"name\":\"Antoine Bataille\",\"url\":\"https:\/\/atelierantoinebataille.fr\/\",\"logo\":{\"@type\":\"ImageObject\",\"inLanguage\":\"fr-FR\",\"@id\":\"https:\/\/atelierantoinebataille.fr\/#\/schema\/logo\/image\/\",\"url\":\"https:\/\/atelierantoinebataille.fr\/wp-content\/uploads\/2023\/09\/cropped-TITRE-SITE-ANTOINE-BATAILLE.jpg\",\"contentUrl\":\"https:\/\/atelierantoinebataille.fr\/wp-content\/uploads\/2023\/09\/cropped-TITRE-SITE-ANTOINE-BATAILLE.jpg\",\"width\":815,\"height\":229,\"caption\":\"Antoine Bataille\"},\"image\":{\"@id\":\"https:\/\/atelierantoinebataille.fr\/#\/schema\/logo\/image\/\"}}]}<\/script>\n<!-- \/ Yoast SEO plugin. -->","yoast_head_json":{"title":"Carnet 4 - Irlande - Antoine Bataille","robots":{"index":"index","follow":"follow","max-snippet":"max-snippet:-1","max-image-preview":"max-image-preview:large","max-video-preview":"max-video-preview:-1"},"canonical":"https:\/\/atelierantoinebataille.fr\/index.php\/carnets-sur-le-motif\/carnet-4\/","og_locale":"fr_FR","og_type":"article","og_title":"Carnet 4 - Irlande - Antoine Bataille","og_description":"En juillet 2024, je prenais mon v\u00e9lo pour peindre les paysages Irlandais. Un voyage le long des c\u00f4tes sauvages, \u00e0 zigzaguer entre les gouttes de pluie et les mouches piquantes, entre une nature corset\u00e9e par les hommes dans les landes et d\u00e9chir\u00e9e par les \u00e9l\u00e9ments sur les littoraux. \u00ab\u00a0Hier, je devais concentrer mon attention sur [&hellip;]","og_url":"https:\/\/atelierantoinebataille.fr\/index.php\/carnets-sur-le-motif\/carnet-4\/","og_site_name":"Antoine Bataille","article_modified_time":"2026-01-27T11:20:02+00:00","og_image":[{"url":"https:\/\/atelierantoinebataille.fr\/wp-content\/uploads\/2025\/11\/CARNET-4-DESSIN-4-729x1024.jpg"}],"twitter_card":"summary_large_image","twitter_misc":{"Dur\u00e9e de lecture estim\u00e9e":"3 minutes"},"schema":{"@context":"https:\/\/schema.org","@graph":[{"@type":"WebPage","@id":"https:\/\/atelierantoinebataille.fr\/index.php\/carnets-sur-le-motif\/carnet-4\/","url":"https:\/\/atelierantoinebataille.fr\/index.php\/carnets-sur-le-motif\/carnet-4\/","name":"Carnet 4 - Irlande - Antoine Bataille","isPartOf":{"@id":"https:\/\/atelierantoinebataille.fr\/#website"},"datePublished":"2025-11-24T15:53:04+00:00","dateModified":"2026-01-27T11:20:02+00:00","breadcrumb":{"@id":"https:\/\/atelierantoinebataille.fr\/index.php\/carnets-sur-le-motif\/carnet-4\/#breadcrumb"},"inLanguage":"fr-FR","potentialAction":[{"@type":"ReadAction","target":["https:\/\/atelierantoinebataille.fr\/index.php\/carnets-sur-le-motif\/carnet-4\/"]}]},{"@type":"BreadcrumbList","@id":"https:\/\/atelierantoinebataille.fr\/index.php\/carnets-sur-le-motif\/carnet-4\/#breadcrumb","itemListElement":[{"@type":"ListItem","position":1,"name":"Accueil","item":"https:\/\/atelierantoinebataille.fr\/"},{"@type":"ListItem","position":2,"name":"Carnets sur le motif","item":"https:\/\/atelierantoinebataille.fr\/index.php\/carnets-sur-le-motif\/"},{"@type":"ListItem","position":3,"name":"Carnet 4 &#8211; Irlande"}]},{"@type":"WebSite","@id":"https:\/\/atelierantoinebataille.fr\/#website","url":"https:\/\/atelierantoinebataille.fr\/","name":"Antoine Bataille","description":"Le myst\u00e8re demeure dans l&#039;ombre","publisher":{"@id":"https:\/\/atelierantoinebataille.fr\/#organization"},"potentialAction":[{"@type":"SearchAction","target":{"@type":"EntryPoint","urlTemplate":"https:\/\/atelierantoinebataille.fr\/?s={search_term_string}"},"query-input":"required name=search_term_string"}],"inLanguage":"fr-FR"},{"@type":"Organization","@id":"https:\/\/atelierantoinebataille.fr\/#organization","name":"Antoine Bataille","url":"https:\/\/atelierantoinebataille.fr\/","logo":{"@type":"ImageObject","inLanguage":"fr-FR","@id":"https:\/\/atelierantoinebataille.fr\/#\/schema\/logo\/image\/","url":"https:\/\/atelierantoinebataille.fr\/wp-content\/uploads\/2023\/09\/cropped-TITRE-SITE-ANTOINE-BATAILLE.jpg","contentUrl":"https:\/\/atelierantoinebataille.fr\/wp-content\/uploads\/2023\/09\/cropped-TITRE-SITE-ANTOINE-BATAILLE.jpg","width":815,"height":229,"caption":"Antoine Bataille"},"image":{"@id":"https:\/\/atelierantoinebataille.fr\/#\/schema\/logo\/image\/"}}]}},"_links":{"self":[{"href":"https:\/\/atelierantoinebataille.fr\/index.php\/wp-json\/wp\/v2\/pages\/1213","targetHints":{"allow":["GET"]}}],"collection":[{"href":"https:\/\/atelierantoinebataille.fr\/index.php\/wp-json\/wp\/v2\/pages"}],"about":[{"href":"https:\/\/atelierantoinebataille.fr\/index.php\/wp-json\/wp\/v2\/types\/page"}],"author":[{"embeddable":true,"href":"https:\/\/atelierantoinebataille.fr\/index.php\/wp-json\/wp\/v2\/users\/1"}],"replies":[{"embeddable":true,"href":"https:\/\/atelierantoinebataille.fr\/index.php\/wp-json\/wp\/v2\/comments?post=1213"}],"version-history":[{"count":5,"href":"https:\/\/atelierantoinebataille.fr\/index.php\/wp-json\/wp\/v2\/pages\/1213\/revisions"}],"predecessor-version":[{"id":1438,"href":"https:\/\/atelierantoinebataille.fr\/index.php\/wp-json\/wp\/v2\/pages\/1213\/revisions\/1438"}],"up":[{"embeddable":true,"href":"https:\/\/atelierantoinebataille.fr\/index.php\/wp-json\/wp\/v2\/pages\/1195"}],"wp:attachment":[{"href":"https:\/\/atelierantoinebataille.fr\/index.php\/wp-json\/wp\/v2\/media?parent=1213"}],"curies":[{"name":"wp","href":"https:\/\/api.w.org\/{rel}","templated":true}]}}