{"id":1239,"date":"2025-11-25T11:32:14","date_gmt":"2025-11-25T10:32:14","guid":{"rendered":"https:\/\/atelierantoinebataille.fr\/?page_id=1239"},"modified":"2026-01-27T12:20:37","modified_gmt":"2026-01-27T11:20:37","slug":"carnet-7","status":"publish","type":"page","link":"https:\/\/atelierantoinebataille.fr\/index.php\/carnets-sur-le-motif\/carnet-7\/","title":{"rendered":"Carnet 7 &#8211; Dordogne"},"content":{"rendered":"\n<p>Ce carnet m&rsquo;accompagnait pendant l&rsquo;errance le long de la Dordogne Corr\u00e9zienne. Ils formaient des respirations ou des recherches qui accompagnent la s\u00e9rie de grand format que j&rsquo;\u00e9tais venu y r\u00e9aliser : <a href=\"https:\/\/atelierantoinebataille.fr\/index.php\/bienvenue\/des-rives\/\">Des Rives<\/a>. <\/p>\n\n\n\n<p>\u00ab\u00a0Ce n\u2019est qu\u2019\u00e0 l\u2019approche de la nuit que le vacarme sourd de la Dordogne \u00e9cumante faiblit graduellement. On sort de notre l\u00e9thargie pour suspendre nos hamacs aux arbres s\u00e9culaires. Allong\u00e9, le visage tourn\u00e9 vers le firmament qui transpara\u00eet au travers de la canop\u00e9e, l\u2019obscurit\u00e9 nous absorbe sans heurter aucune fronti\u00e8re. Aujourd\u2019hui, dans cette lutte avec le paysage, on a \u00e9prouv\u00e9 la duret\u00e9 de ses muscles et \u00e9t\u00e9 impr\u00e9gn\u00e9 de son \u00e9nergie d\u00e9vastatrice. On le conna\u00eet un peu mieux \u00e0 pr\u00e9sent. C\u2019est la m\u00eame fraternit\u00e9 sauvage que celle qui unit les boxers apr\u00e8s un combat, cette impression d\u2019\u00eatre intimement li\u00e9 avec cet adversaire qui nous \u00e9tait quelques instants auparavant inconnu. Maintenant qu\u2019on en conna\u00eet la force, un respect animal nous lie \u00e0 ce monde. On se sent plus l\u00e9gitime d\u2019y demeurer, comme int\u00e9gr\u00e9 dans les pans de son myst\u00e8re. Blotti dans mon hamac, je disparais, infime dans l\u2019immensit\u00e9 de l\u2019espace, berc\u00e9 par le silence de cette nature qui, doucement, reprend vie.<\/p>\n\n\n\n<p><br>(&#8230;)Quand on embarque \u00e0 nouveau, nous appara\u00eet toute la l\u00e9g\u00e8ret\u00e9 de notre mode de transport. On a moins l\u2019impression de descendre une rivi\u00e8re que de louvoyer au travers d\u2019un archipel. De naviguer d\u2019\u00eele en \u00eele, au rythme des mar\u00e9es. \u00c0 chaque fois que nous accostons sur un rivage, nous d\u00e9couvrons un lieu isol\u00e9, autonome. Nous arrivons l\u00e0 o\u00f9, d&rsquo;aucune autre fa\u00e7on, nous n\u2019aurions pu acc\u00e9der. \u00ab\u00a0<\/p>\n\n\n\n<p>Extrait de\u00a0<em>La trace de l\u2019ombre<\/em>, \u00e0 paraitre chez <a href=\"https:\/\/www.editionselytis.com\/\">Elytis<\/a> sept 2026<\/p>\n\n\n\n<div style=\"height:45px\" aria-hidden=\"true\" class=\"wp-block-spacer\"><\/div>\n\n\n\n<div class=\"wp-block-columns is-layout-flex wp-container-core-columns-is-layout-9d6595d7 wp-block-columns-is-layout-flex\">\n<div class=\"wp-block-column is-layout-flow wp-block-column-is-layout-flow\">\n<figure class=\"wp-block-image size-large\"><a href=\"https:\/\/atelierantoinebataille.fr\/wp-content\/uploads\/2025\/11\/SITE-CARNET-7-DESSIN-3-scaled.jpg\"><img loading=\"lazy\" decoding=\"async\" width=\"729\" height=\"1024\" src=\"https:\/\/atelierantoinebataille.fr\/wp-content\/uploads\/2025\/11\/SITE-CARNET-7-DESSIN-3-729x1024.jpg\" alt=\"\" class=\"wp-image-1240\" srcset=\"https:\/\/atelierantoinebataille.fr\/wp-content\/uploads\/2025\/11\/SITE-CARNET-7-DESSIN-3-729x1024.jpg 729w, https:\/\/atelierantoinebataille.fr\/wp-content\/uploads\/2025\/11\/SITE-CARNET-7-DESSIN-3-214x300.jpg 214w, https:\/\/atelierantoinebataille.fr\/wp-content\/uploads\/2025\/11\/SITE-CARNET-7-DESSIN-3-768x1079.jpg 768w, https:\/\/atelierantoinebataille.fr\/wp-content\/uploads\/2025\/11\/SITE-CARNET-7-DESSIN-3-1093x1536.jpg 1093w, https:\/\/atelierantoinebataille.fr\/wp-content\/uploads\/2025\/11\/SITE-CARNET-7-DESSIN-3-1458x2048.jpg 1458w, https:\/\/atelierantoinebataille.fr\/wp-content\/uploads\/2025\/11\/SITE-CARNET-7-DESSIN-3-scaled.jpg 1822w\" sizes=\"auto, (max-width: 729px) 100vw, 729px\" \/><\/a><\/figure>\n<\/div>\n\n\n\n<div class=\"wp-block-column is-layout-flow wp-block-column-is-layout-flow\">\n<figure class=\"wp-block-image size-large\"><a href=\"https:\/\/atelierantoinebataille.fr\/wp-content\/uploads\/2025\/11\/SITE-CARNET-7-DESSIN-4-scaled.jpg\"><img loading=\"lazy\" decoding=\"async\" width=\"729\" height=\"1024\" src=\"https:\/\/atelierantoinebataille.fr\/wp-content\/uploads\/2025\/11\/SITE-CARNET-7-DESSIN-4-729x1024.jpg\" alt=\"\" class=\"wp-image-1241\" srcset=\"https:\/\/atelierantoinebataille.fr\/wp-content\/uploads\/2025\/11\/SITE-CARNET-7-DESSIN-4-729x1024.jpg 729w, https:\/\/atelierantoinebataille.fr\/wp-content\/uploads\/2025\/11\/SITE-CARNET-7-DESSIN-4-214x300.jpg 214w, https:\/\/atelierantoinebataille.fr\/wp-content\/uploads\/2025\/11\/SITE-CARNET-7-DESSIN-4-768x1079.jpg 768w, https:\/\/atelierantoinebataille.fr\/wp-content\/uploads\/2025\/11\/SITE-CARNET-7-DESSIN-4-1093x1536.jpg 1093w, https:\/\/atelierantoinebataille.fr\/wp-content\/uploads\/2025\/11\/SITE-CARNET-7-DESSIN-4-1458x2048.jpg 1458w, https:\/\/atelierantoinebataille.fr\/wp-content\/uploads\/2025\/11\/SITE-CARNET-7-DESSIN-4-scaled.jpg 1822w\" sizes=\"auto, (max-width: 729px) 100vw, 729px\" \/><\/a><\/figure>\n<\/div>\n\n\n\n<div class=\"wp-block-column is-layout-flow wp-block-column-is-layout-flow\">\n<figure class=\"wp-block-image size-large\"><a href=\"https:\/\/atelierantoinebataille.fr\/wp-content\/uploads\/2025\/11\/SITE-CARNET-7-DESSIN-7-scaled.jpg\"><img loading=\"lazy\" decoding=\"async\" width=\"729\" height=\"1024\" src=\"https:\/\/atelierantoinebataille.fr\/wp-content\/uploads\/2025\/11\/SITE-CARNET-7-DESSIN-7-729x1024.jpg\" alt=\"\" class=\"wp-image-1242\" srcset=\"https:\/\/atelierantoinebataille.fr\/wp-content\/uploads\/2025\/11\/SITE-CARNET-7-DESSIN-7-729x1024.jpg 729w, https:\/\/atelierantoinebataille.fr\/wp-content\/uploads\/2025\/11\/SITE-CARNET-7-DESSIN-7-214x300.jpg 214w, https:\/\/atelierantoinebataille.fr\/wp-content\/uploads\/2025\/11\/SITE-CARNET-7-DESSIN-7-768x1079.jpg 768w, https:\/\/atelierantoinebataille.fr\/wp-content\/uploads\/2025\/11\/SITE-CARNET-7-DESSIN-7-1093x1536.jpg 1093w, https:\/\/atelierantoinebataille.fr\/wp-content\/uploads\/2025\/11\/SITE-CARNET-7-DESSIN-7-1458x2048.jpg 1458w, https:\/\/atelierantoinebataille.fr\/wp-content\/uploads\/2025\/11\/SITE-CARNET-7-DESSIN-7-scaled.jpg 1822w\" sizes=\"auto, (max-width: 729px) 100vw, 729px\" \/><\/a><\/figure>\n<\/div>\n<\/div>\n\n\n\n<div class=\"wp-block-columns is-layout-flex wp-container-core-columns-is-layout-9d6595d7 wp-block-columns-is-layout-flex\">\n<div class=\"wp-block-column is-layout-flow wp-block-column-is-layout-flow\">\n<figure class=\"wp-block-image size-large\"><a href=\"https:\/\/atelierantoinebataille.fr\/wp-content\/uploads\/2025\/11\/SITE-CARNET-7-DESSIN-5-1-scaled.jpg\"><img loading=\"lazy\" decoding=\"async\" width=\"729\" height=\"1024\" src=\"https:\/\/atelierantoinebataille.fr\/wp-content\/uploads\/2025\/11\/SITE-CARNET-7-DESSIN-5-1-729x1024.jpg\" alt=\"\" class=\"wp-image-1244\" srcset=\"https:\/\/atelierantoinebataille.fr\/wp-content\/uploads\/2025\/11\/SITE-CARNET-7-DESSIN-5-1-729x1024.jpg 729w, https:\/\/atelierantoinebataille.fr\/wp-content\/uploads\/2025\/11\/SITE-CARNET-7-DESSIN-5-1-214x300.jpg 214w, https:\/\/atelierantoinebataille.fr\/wp-content\/uploads\/2025\/11\/SITE-CARNET-7-DESSIN-5-1-768x1079.jpg 768w, https:\/\/atelierantoinebataille.fr\/wp-content\/uploads\/2025\/11\/SITE-CARNET-7-DESSIN-5-1-1093x1536.jpg 1093w, https:\/\/atelierantoinebataille.fr\/wp-content\/uploads\/2025\/11\/SITE-CARNET-7-DESSIN-5-1-1458x2048.jpg 1458w, https:\/\/atelierantoinebataille.fr\/wp-content\/uploads\/2025\/11\/SITE-CARNET-7-DESSIN-5-1-scaled.jpg 1822w\" sizes=\"auto, (max-width: 729px) 100vw, 729px\" \/><\/a><\/figure>\n<\/div>\n\n\n\n<div class=\"wp-block-column is-layout-flow wp-block-column-is-layout-flow\">\n<figure class=\"wp-block-image size-large\"><a href=\"https:\/\/atelierantoinebataille.fr\/wp-content\/uploads\/2025\/11\/SITE-CARNET-7-DESSIN-1-scaled.jpg\"><img loading=\"lazy\" decoding=\"async\" width=\"729\" height=\"1024\" src=\"https:\/\/atelierantoinebataille.fr\/wp-content\/uploads\/2025\/11\/SITE-CARNET-7-DESSIN-1-729x1024.jpg\" alt=\"\" class=\"wp-image-1245\" srcset=\"https:\/\/atelierantoinebataille.fr\/wp-content\/uploads\/2025\/11\/SITE-CARNET-7-DESSIN-1-729x1024.jpg 729w, https:\/\/atelierantoinebataille.fr\/wp-content\/uploads\/2025\/11\/SITE-CARNET-7-DESSIN-1-214x300.jpg 214w, https:\/\/atelierantoinebataille.fr\/wp-content\/uploads\/2025\/11\/SITE-CARNET-7-DESSIN-1-768x1079.jpg 768w, https:\/\/atelierantoinebataille.fr\/wp-content\/uploads\/2025\/11\/SITE-CARNET-7-DESSIN-1-1093x1536.jpg 1093w, https:\/\/atelierantoinebataille.fr\/wp-content\/uploads\/2025\/11\/SITE-CARNET-7-DESSIN-1-1458x2048.jpg 1458w, https:\/\/atelierantoinebataille.fr\/wp-content\/uploads\/2025\/11\/SITE-CARNET-7-DESSIN-1-scaled.jpg 1822w\" sizes=\"auto, (max-width: 729px) 100vw, 729px\" \/><\/a><\/figure>\n<\/div>\n\n\n\n<div class=\"wp-block-column is-layout-flow wp-block-column-is-layout-flow\">\n<figure class=\"wp-block-image size-large\"><a href=\"https:\/\/atelierantoinebataille.fr\/wp-content\/uploads\/2025\/11\/SITE-CARNET-7-DESSIN-9-scaled.jpg\"><img loading=\"lazy\" decoding=\"async\" width=\"729\" height=\"1024\" src=\"https:\/\/atelierantoinebataille.fr\/wp-content\/uploads\/2025\/11\/SITE-CARNET-7-DESSIN-9-729x1024.jpg\" alt=\"\" class=\"wp-image-1246\" srcset=\"https:\/\/atelierantoinebataille.fr\/wp-content\/uploads\/2025\/11\/SITE-CARNET-7-DESSIN-9-729x1024.jpg 729w, https:\/\/atelierantoinebataille.fr\/wp-content\/uploads\/2025\/11\/SITE-CARNET-7-DESSIN-9-214x300.jpg 214w, https:\/\/atelierantoinebataille.fr\/wp-content\/uploads\/2025\/11\/SITE-CARNET-7-DESSIN-9-768x1079.jpg 768w, https:\/\/atelierantoinebataille.fr\/wp-content\/uploads\/2025\/11\/SITE-CARNET-7-DESSIN-9-1093x1536.jpg 1093w, https:\/\/atelierantoinebataille.fr\/wp-content\/uploads\/2025\/11\/SITE-CARNET-7-DESSIN-9-1458x2048.jpg 1458w, https:\/\/atelierantoinebataille.fr\/wp-content\/uploads\/2025\/11\/SITE-CARNET-7-DESSIN-9-scaled.jpg 1822w\" sizes=\"auto, (max-width: 729px) 100vw, 729px\" \/><\/a><\/figure>\n<\/div>\n<\/div>\n\n\n\n<div class=\"wp-block-columns is-layout-flex wp-container-core-columns-is-layout-9d6595d7 wp-block-columns-is-layout-flex\">\n<div class=\"wp-block-column is-layout-flow wp-block-column-is-layout-flow\">\n<figure class=\"wp-block-image size-large\"><a href=\"https:\/\/atelierantoinebataille.fr\/wp-content\/uploads\/2025\/11\/SITE-CARNET-7-DESSIN-6-scaled.jpg\"><img loading=\"lazy\" decoding=\"async\" width=\"729\" height=\"1024\" src=\"https:\/\/atelierantoinebataille.fr\/wp-content\/uploads\/2025\/11\/SITE-CARNET-7-DESSIN-6-729x1024.jpg\" alt=\"\" class=\"wp-image-1247\" srcset=\"https:\/\/atelierantoinebataille.fr\/wp-content\/uploads\/2025\/11\/SITE-CARNET-7-DESSIN-6-729x1024.jpg 729w, https:\/\/atelierantoinebataille.fr\/wp-content\/uploads\/2025\/11\/SITE-CARNET-7-DESSIN-6-214x300.jpg 214w, https:\/\/atelierantoinebataille.fr\/wp-content\/uploads\/2025\/11\/SITE-CARNET-7-DESSIN-6-768x1079.jpg 768w, https:\/\/atelierantoinebataille.fr\/wp-content\/uploads\/2025\/11\/SITE-CARNET-7-DESSIN-6-1093x1536.jpg 1093w, https:\/\/atelierantoinebataille.fr\/wp-content\/uploads\/2025\/11\/SITE-CARNET-7-DESSIN-6-1458x2048.jpg 1458w, https:\/\/atelierantoinebataille.fr\/wp-content\/uploads\/2025\/11\/SITE-CARNET-7-DESSIN-6-scaled.jpg 1822w\" sizes=\"auto, (max-width: 729px) 100vw, 729px\" \/><\/a><\/figure>\n<\/div>\n\n\n\n<div class=\"wp-block-column is-layout-flow wp-block-column-is-layout-flow\">\n<figure class=\"wp-block-image size-large\"><a href=\"https:\/\/atelierantoinebataille.fr\/wp-content\/uploads\/2025\/11\/SITE-CARNET-7-DESSIN-2-scaled.jpg\"><img loading=\"lazy\" decoding=\"async\" width=\"729\" height=\"1024\" src=\"https:\/\/atelierantoinebataille.fr\/wp-content\/uploads\/2025\/11\/SITE-CARNET-7-DESSIN-2-729x1024.jpg\" alt=\"\" class=\"wp-image-1249\" srcset=\"https:\/\/atelierantoinebataille.fr\/wp-content\/uploads\/2025\/11\/SITE-CARNET-7-DESSIN-2-729x1024.jpg 729w, https:\/\/atelierantoinebataille.fr\/wp-content\/uploads\/2025\/11\/SITE-CARNET-7-DESSIN-2-214x300.jpg 214w, https:\/\/atelierantoinebataille.fr\/wp-content\/uploads\/2025\/11\/SITE-CARNET-7-DESSIN-2-768x1079.jpg 768w, https:\/\/atelierantoinebataille.fr\/wp-content\/uploads\/2025\/11\/SITE-CARNET-7-DESSIN-2-1093x1536.jpg 1093w, https:\/\/atelierantoinebataille.fr\/wp-content\/uploads\/2025\/11\/SITE-CARNET-7-DESSIN-2-1458x2048.jpg 1458w, https:\/\/atelierantoinebataille.fr\/wp-content\/uploads\/2025\/11\/SITE-CARNET-7-DESSIN-2-scaled.jpg 1822w\" sizes=\"auto, (max-width: 729px) 100vw, 729px\" \/><\/a><\/figure>\n<\/div>\n\n\n\n<div class=\"wp-block-column is-layout-flow wp-block-column-is-layout-flow\">\n<figure class=\"wp-block-image size-large\"><a href=\"https:\/\/atelierantoinebataille.fr\/wp-content\/uploads\/2025\/11\/SITE-CARNET-7-DESSIN-8-1-scaled.jpg\"><img loading=\"lazy\" decoding=\"async\" width=\"729\" height=\"1024\" src=\"https:\/\/atelierantoinebataille.fr\/wp-content\/uploads\/2025\/11\/SITE-CARNET-7-DESSIN-8-1-729x1024.jpg\" alt=\"\" class=\"wp-image-1250\" srcset=\"https:\/\/atelierantoinebataille.fr\/wp-content\/uploads\/2025\/11\/SITE-CARNET-7-DESSIN-8-1-729x1024.jpg 729w, https:\/\/atelierantoinebataille.fr\/wp-content\/uploads\/2025\/11\/SITE-CARNET-7-DESSIN-8-1-214x300.jpg 214w, https:\/\/atelierantoinebataille.fr\/wp-content\/uploads\/2025\/11\/SITE-CARNET-7-DESSIN-8-1-768x1079.jpg 768w, https:\/\/atelierantoinebataille.fr\/wp-content\/uploads\/2025\/11\/SITE-CARNET-7-DESSIN-8-1-1093x1536.jpg 1093w, https:\/\/atelierantoinebataille.fr\/wp-content\/uploads\/2025\/11\/SITE-CARNET-7-DESSIN-8-1-1458x2048.jpg 1458w, https:\/\/atelierantoinebataille.fr\/wp-content\/uploads\/2025\/11\/SITE-CARNET-7-DESSIN-8-1-scaled.jpg 1822w\" sizes=\"auto, (max-width: 729px) 100vw, 729px\" \/><\/a><\/figure>\n<\/div>\n<\/div>\n\n\n\n<div style=\"height:27px\" aria-hidden=\"true\" class=\"wp-block-spacer\"><\/div>\n\n\n\n<p class=\"has-text-align-center\"><a href=\"https:\/\/atelierantoinebataille.fr\/index.php\/carnets-sur-le-motif\/carnet-8\/\">Carnet 8<\/a><\/p>\n\n\n\n<p><\/p>\n","protected":false},"excerpt":{"rendered":"<p>Ce carnet m&rsquo;accompagnait pendant l&rsquo;errance le long de la Dordogne Corr\u00e9zienne. Ils formaient des respirations ou des recherches qui accompagnent la s\u00e9rie de grand format que j&rsquo;\u00e9tais venu y r\u00e9aliser : Des Rives. \u00ab\u00a0Ce n\u2019est qu\u2019\u00e0 l\u2019approche de la nuit que le vacarme sourd de la Dordogne \u00e9cumante faiblit graduellement. On sort de notre l\u00e9thargie [&hellip;]<\/p>\n","protected":false},"author":1,"featured_media":0,"parent":1195,"menu_order":0,"comment_status":"closed","ping_status":"closed","template":"","meta":{"ocean_post_layout":"","ocean_both_sidebars_style":"","ocean_both_sidebars_content_width":0,"ocean_both_sidebars_sidebars_width":0,"ocean_sidebar":"","ocean_second_sidebar":"","ocean_disable_margins":"enable","ocean_add_body_class":"","ocean_shortcode_before_top_bar":"","ocean_shortcode_after_top_bar":"","ocean_shortcode_before_header":"","ocean_shortcode_after_header":"","ocean_has_shortcode":"","ocean_shortcode_after_title":"","ocean_shortcode_before_footer_widgets":"","ocean_shortcode_after_footer_widgets":"","ocean_shortcode_before_footer_bottom":"","ocean_shortcode_after_footer_bottom":"","ocean_display_top_bar":"default","ocean_display_header":"default","ocean_header_style":"","ocean_center_header_left_menu":"","ocean_custom_header_template":"","ocean_custom_logo":0,"ocean_custom_retina_logo":0,"ocean_custom_logo_max_width":0,"ocean_custom_logo_tablet_max_width":0,"ocean_custom_logo_mobile_max_width":0,"ocean_custom_logo_max_height":0,"ocean_custom_logo_tablet_max_height":0,"ocean_custom_logo_mobile_max_height":0,"ocean_header_custom_menu":"","ocean_menu_typo_font_family":"","ocean_menu_typo_font_subset":"","ocean_menu_typo_font_size":0,"ocean_menu_typo_font_size_tablet":0,"ocean_menu_typo_font_size_mobile":0,"ocean_menu_typo_font_size_unit":"px","ocean_menu_typo_font_weight":"","ocean_menu_typo_font_weight_tablet":"","ocean_menu_typo_font_weight_mobile":"","ocean_menu_typo_transform":"","ocean_menu_typo_transform_tablet":"","ocean_menu_typo_transform_mobile":"","ocean_menu_typo_line_height":0,"ocean_menu_typo_line_height_tablet":0,"ocean_menu_typo_line_height_mobile":0,"ocean_menu_typo_line_height_unit":"","ocean_menu_typo_spacing":0,"ocean_menu_typo_spacing_tablet":0,"ocean_menu_typo_spacing_mobile":0,"ocean_menu_typo_spacing_unit":"","ocean_menu_link_color":"","ocean_menu_link_color_hover":"","ocean_menu_link_color_active":"","ocean_menu_link_background":"","ocean_menu_link_hover_background":"","ocean_menu_link_active_background":"","ocean_menu_social_links_bg":"","ocean_menu_social_hover_links_bg":"","ocean_menu_social_links_color":"","ocean_menu_social_hover_links_color":"","ocean_disable_title":"default","ocean_disable_heading":"default","ocean_post_title":"","ocean_post_subheading":"","ocean_post_title_style":"","ocean_post_title_background_color":"","ocean_post_title_background":0,"ocean_post_title_bg_image_position":"","ocean_post_title_bg_image_attachment":"","ocean_post_title_bg_image_repeat":"","ocean_post_title_bg_image_size":"","ocean_post_title_height":0,"ocean_post_title_bg_overlay":0.5,"ocean_post_title_bg_overlay_color":"","ocean_disable_breadcrumbs":"default","ocean_breadcrumbs_color":"","ocean_breadcrumbs_separator_color":"","ocean_breadcrumbs_links_color":"","ocean_breadcrumbs_links_hover_color":"","ocean_display_footer_widgets":"default","ocean_display_footer_bottom":"default","ocean_custom_footer_template":"","footnotes":""},"class_list":["post-1239","page","type-page","status-publish","hentry","entry"],"yoast_head":"<!-- This site is optimized with the Yoast SEO plugin v20.8 - https:\/\/yoast.com\/wordpress\/plugins\/seo\/ -->\n<title>Carnet 7 - Dordogne - Antoine Bataille<\/title>\n<meta name=\"robots\" content=\"index, follow, max-snippet:-1, max-image-preview:large, max-video-preview:-1\" \/>\n<link rel=\"canonical\" href=\"https:\/\/atelierantoinebataille.fr\/index.php\/carnets-sur-le-motif\/carnet-7\/\" \/>\n<meta property=\"og:locale\" content=\"fr_FR\" \/>\n<meta property=\"og:type\" content=\"article\" \/>\n<meta property=\"og:title\" content=\"Carnet 7 - Dordogne - Antoine Bataille\" \/>\n<meta property=\"og:description\" content=\"Ce carnet m&rsquo;accompagnait pendant l&rsquo;errance le long de la Dordogne Corr\u00e9zienne. Ils formaient des respirations ou des recherches qui accompagnent la s\u00e9rie de grand format que j&rsquo;\u00e9tais venu y r\u00e9aliser : Des Rives. \u00ab\u00a0Ce n\u2019est qu\u2019\u00e0 l\u2019approche de la nuit que le vacarme sourd de la Dordogne \u00e9cumante faiblit graduellement. On sort de notre l\u00e9thargie [&hellip;]\" \/>\n<meta property=\"og:url\" content=\"https:\/\/atelierantoinebataille.fr\/index.php\/carnets-sur-le-motif\/carnet-7\/\" \/>\n<meta property=\"og:site_name\" content=\"Antoine Bataille\" \/>\n<meta property=\"article:modified_time\" content=\"2026-01-27T11:20:37+00:00\" \/>\n<meta property=\"og:image\" content=\"https:\/\/atelierantoinebataille.fr\/wp-content\/uploads\/2025\/11\/SITE-CARNET-7-DESSIN-3-729x1024.jpg\" \/>\n<meta name=\"twitter:card\" content=\"summary_large_image\" \/>\n<meta name=\"twitter:label1\" content=\"Dur\u00e9e de lecture estim\u00e9e\" \/>\n\t<meta name=\"twitter:data1\" content=\"4 minutes\" \/>\n<script type=\"application\/ld+json\" class=\"yoast-schema-graph\">{\"@context\":\"https:\/\/schema.org\",\"@graph\":[{\"@type\":\"WebPage\",\"@id\":\"https:\/\/atelierantoinebataille.fr\/index.php\/carnets-sur-le-motif\/carnet-7\/\",\"url\":\"https:\/\/atelierantoinebataille.fr\/index.php\/carnets-sur-le-motif\/carnet-7\/\",\"name\":\"Carnet 7 - Dordogne - Antoine Bataille\",\"isPartOf\":{\"@id\":\"https:\/\/atelierantoinebataille.fr\/#website\"},\"datePublished\":\"2025-11-25T10:32:14+00:00\",\"dateModified\":\"2026-01-27T11:20:37+00:00\",\"breadcrumb\":{\"@id\":\"https:\/\/atelierantoinebataille.fr\/index.php\/carnets-sur-le-motif\/carnet-7\/#breadcrumb\"},\"inLanguage\":\"fr-FR\",\"potentialAction\":[{\"@type\":\"ReadAction\",\"target\":[\"https:\/\/atelierantoinebataille.fr\/index.php\/carnets-sur-le-motif\/carnet-7\/\"]}]},{\"@type\":\"BreadcrumbList\",\"@id\":\"https:\/\/atelierantoinebataille.fr\/index.php\/carnets-sur-le-motif\/carnet-7\/#breadcrumb\",\"itemListElement\":[{\"@type\":\"ListItem\",\"position\":1,\"name\":\"Accueil\",\"item\":\"https:\/\/atelierantoinebataille.fr\/\"},{\"@type\":\"ListItem\",\"position\":2,\"name\":\"Carnets sur le motif\",\"item\":\"https:\/\/atelierantoinebataille.fr\/index.php\/carnets-sur-le-motif\/\"},{\"@type\":\"ListItem\",\"position\":3,\"name\":\"Carnet 7 &#8211; Dordogne\"}]},{\"@type\":\"WebSite\",\"@id\":\"https:\/\/atelierantoinebataille.fr\/#website\",\"url\":\"https:\/\/atelierantoinebataille.fr\/\",\"name\":\"Antoine Bataille\",\"description\":\"Le myst\u00e8re demeure dans l&#039;ombre\",\"publisher\":{\"@id\":\"https:\/\/atelierantoinebataille.fr\/#organization\"},\"potentialAction\":[{\"@type\":\"SearchAction\",\"target\":{\"@type\":\"EntryPoint\",\"urlTemplate\":\"https:\/\/atelierantoinebataille.fr\/?s={search_term_string}\"},\"query-input\":\"required name=search_term_string\"}],\"inLanguage\":\"fr-FR\"},{\"@type\":\"Organization\",\"@id\":\"https:\/\/atelierantoinebataille.fr\/#organization\",\"name\":\"Antoine Bataille\",\"url\":\"https:\/\/atelierantoinebataille.fr\/\",\"logo\":{\"@type\":\"ImageObject\",\"inLanguage\":\"fr-FR\",\"@id\":\"https:\/\/atelierantoinebataille.fr\/#\/schema\/logo\/image\/\",\"url\":\"https:\/\/atelierantoinebataille.fr\/wp-content\/uploads\/2023\/09\/cropped-TITRE-SITE-ANTOINE-BATAILLE.jpg\",\"contentUrl\":\"https:\/\/atelierantoinebataille.fr\/wp-content\/uploads\/2023\/09\/cropped-TITRE-SITE-ANTOINE-BATAILLE.jpg\",\"width\":815,\"height\":229,\"caption\":\"Antoine Bataille\"},\"image\":{\"@id\":\"https:\/\/atelierantoinebataille.fr\/#\/schema\/logo\/image\/\"}}]}<\/script>\n<!-- \/ Yoast SEO plugin. -->","yoast_head_json":{"title":"Carnet 7 - Dordogne - Antoine Bataille","robots":{"index":"index","follow":"follow","max-snippet":"max-snippet:-1","max-image-preview":"max-image-preview:large","max-video-preview":"max-video-preview:-1"},"canonical":"https:\/\/atelierantoinebataille.fr\/index.php\/carnets-sur-le-motif\/carnet-7\/","og_locale":"fr_FR","og_type":"article","og_title":"Carnet 7 - Dordogne - Antoine Bataille","og_description":"Ce carnet m&rsquo;accompagnait pendant l&rsquo;errance le long de la Dordogne Corr\u00e9zienne. Ils formaient des respirations ou des recherches qui accompagnent la s\u00e9rie de grand format que j&rsquo;\u00e9tais venu y r\u00e9aliser : Des Rives. \u00ab\u00a0Ce n\u2019est qu\u2019\u00e0 l\u2019approche de la nuit que le vacarme sourd de la Dordogne \u00e9cumante faiblit graduellement. On sort de notre l\u00e9thargie [&hellip;]","og_url":"https:\/\/atelierantoinebataille.fr\/index.php\/carnets-sur-le-motif\/carnet-7\/","og_site_name":"Antoine Bataille","article_modified_time":"2026-01-27T11:20:37+00:00","og_image":[{"url":"https:\/\/atelierantoinebataille.fr\/wp-content\/uploads\/2025\/11\/SITE-CARNET-7-DESSIN-3-729x1024.jpg"}],"twitter_card":"summary_large_image","twitter_misc":{"Dur\u00e9e de lecture estim\u00e9e":"4 minutes"},"schema":{"@context":"https:\/\/schema.org","@graph":[{"@type":"WebPage","@id":"https:\/\/atelierantoinebataille.fr\/index.php\/carnets-sur-le-motif\/carnet-7\/","url":"https:\/\/atelierantoinebataille.fr\/index.php\/carnets-sur-le-motif\/carnet-7\/","name":"Carnet 7 - Dordogne - Antoine Bataille","isPartOf":{"@id":"https:\/\/atelierantoinebataille.fr\/#website"},"datePublished":"2025-11-25T10:32:14+00:00","dateModified":"2026-01-27T11:20:37+00:00","breadcrumb":{"@id":"https:\/\/atelierantoinebataille.fr\/index.php\/carnets-sur-le-motif\/carnet-7\/#breadcrumb"},"inLanguage":"fr-FR","potentialAction":[{"@type":"ReadAction","target":["https:\/\/atelierantoinebataille.fr\/index.php\/carnets-sur-le-motif\/carnet-7\/"]}]},{"@type":"BreadcrumbList","@id":"https:\/\/atelierantoinebataille.fr\/index.php\/carnets-sur-le-motif\/carnet-7\/#breadcrumb","itemListElement":[{"@type":"ListItem","position":1,"name":"Accueil","item":"https:\/\/atelierantoinebataille.fr\/"},{"@type":"ListItem","position":2,"name":"Carnets sur le motif","item":"https:\/\/atelierantoinebataille.fr\/index.php\/carnets-sur-le-motif\/"},{"@type":"ListItem","position":3,"name":"Carnet 7 &#8211; Dordogne"}]},{"@type":"WebSite","@id":"https:\/\/atelierantoinebataille.fr\/#website","url":"https:\/\/atelierantoinebataille.fr\/","name":"Antoine Bataille","description":"Le myst\u00e8re demeure dans l&#039;ombre","publisher":{"@id":"https:\/\/atelierantoinebataille.fr\/#organization"},"potentialAction":[{"@type":"SearchAction","target":{"@type":"EntryPoint","urlTemplate":"https:\/\/atelierantoinebataille.fr\/?s={search_term_string}"},"query-input":"required name=search_term_string"}],"inLanguage":"fr-FR"},{"@type":"Organization","@id":"https:\/\/atelierantoinebataille.fr\/#organization","name":"Antoine Bataille","url":"https:\/\/atelierantoinebataille.fr\/","logo":{"@type":"ImageObject","inLanguage":"fr-FR","@id":"https:\/\/atelierantoinebataille.fr\/#\/schema\/logo\/image\/","url":"https:\/\/atelierantoinebataille.fr\/wp-content\/uploads\/2023\/09\/cropped-TITRE-SITE-ANTOINE-BATAILLE.jpg","contentUrl":"https:\/\/atelierantoinebataille.fr\/wp-content\/uploads\/2023\/09\/cropped-TITRE-SITE-ANTOINE-BATAILLE.jpg","width":815,"height":229,"caption":"Antoine Bataille"},"image":{"@id":"https:\/\/atelierantoinebataille.fr\/#\/schema\/logo\/image\/"}}]}},"_links":{"self":[{"href":"https:\/\/atelierantoinebataille.fr\/index.php\/wp-json\/wp\/v2\/pages\/1239","targetHints":{"allow":["GET"]}}],"collection":[{"href":"https:\/\/atelierantoinebataille.fr\/index.php\/wp-json\/wp\/v2\/pages"}],"about":[{"href":"https:\/\/atelierantoinebataille.fr\/index.php\/wp-json\/wp\/v2\/types\/page"}],"author":[{"embeddable":true,"href":"https:\/\/atelierantoinebataille.fr\/index.php\/wp-json\/wp\/v2\/users\/1"}],"replies":[{"embeddable":true,"href":"https:\/\/atelierantoinebataille.fr\/index.php\/wp-json\/wp\/v2\/comments?post=1239"}],"version-history":[{"count":6,"href":"https:\/\/atelierantoinebataille.fr\/index.php\/wp-json\/wp\/v2\/pages\/1239\/revisions"}],"predecessor-version":[{"id":1439,"href":"https:\/\/atelierantoinebataille.fr\/index.php\/wp-json\/wp\/v2\/pages\/1239\/revisions\/1439"}],"up":[{"embeddable":true,"href":"https:\/\/atelierantoinebataille.fr\/index.php\/wp-json\/wp\/v2\/pages\/1195"}],"wp:attachment":[{"href":"https:\/\/atelierantoinebataille.fr\/index.php\/wp-json\/wp\/v2\/media?parent=1239"}],"curies":[{"name":"wp","href":"https:\/\/api.w.org\/{rel}","templated":true}]}}