{"id":14,"date":"2022-11-18T18:55:08","date_gmt":"2022-11-18T17:55:08","guid":{"rendered":"http:\/\/atelierantoinebataille.fr\/?page_id=14"},"modified":"2025-12-04T15:53:38","modified_gmt":"2025-12-04T14:53:38","slug":"bienvenue","status":"publish","type":"page","link":"https:\/\/atelierantoinebataille.fr\/index.php\/bienvenue\/","title":{"rendered":"Peintures"},"content":{"rendered":"\n<div style=\"height:77px\" aria-hidden=\"true\" class=\"wp-block-spacer\"><\/div>\n\n\n\n<div class=\"wp-block-columns is-layout-flex wp-container-core-columns-is-layout-9d6595d7 wp-block-columns-is-layout-flex\">\n<div class=\"wp-block-column is-layout-flow wp-block-column-is-layout-flow\">\n<div class=\"wp-block-cover is-light\" style=\"min-height:290px;aspect-ratio:unset;\"><img loading=\"lazy\" decoding=\"async\" width=\"640\" height=\"1024\" class=\"wp-block-cover__image-background wp-image-711\" alt=\"\" src=\"https:\/\/atelierantoinebataille.fr\/wp-content\/uploads\/2023\/06\/LA-JUPILLE-min-640x1024.jpg\" data-object-fit=\"cover\" srcset=\"https:\/\/atelierantoinebataille.fr\/wp-content\/uploads\/2023\/06\/LA-JUPILLE-min-640x1024.jpg 640w, https:\/\/atelierantoinebataille.fr\/wp-content\/uploads\/2023\/06\/LA-JUPILLE-min-188x300.jpg 188w, https:\/\/atelierantoinebataille.fr\/wp-content\/uploads\/2023\/06\/LA-JUPILLE-min-768x1228.jpg 768w, https:\/\/atelierantoinebataille.fr\/wp-content\/uploads\/2023\/06\/LA-JUPILLE-min-960x1536.jpg 960w, https:\/\/atelierantoinebataille.fr\/wp-content\/uploads\/2023\/06\/LA-JUPILLE-min-1280x2048.jpg 1280w, https:\/\/atelierantoinebataille.fr\/wp-content\/uploads\/2023\/06\/LA-JUPILLE-min-scaled.jpg 1600w\" sizes=\"auto, (max-width: 640px) 100vw, 640px\" \/><span aria-hidden=\"true\" class=\"wp-block-cover__background has-white-background-color has-background-dim-60 has-background-dim\"><\/span><div class=\"wp-block-cover__inner-container is-layout-flow wp-block-cover-is-layout-flow\">\n<p class=\"has-text-align-center has-medium-font-size\" style=\"font-style:normal;font-weight:900\"><a href=\"https:\/\/atelierantoinebataille.fr\/index.php\/bienvenue\/les-dessins\/\">Le ruissellement<\/a><\/p>\n<\/div><\/div>\n<\/div>\n\n\n\n<div class=\"wp-block-column is-layout-flow wp-block-column-is-layout-flow\">\n<div class=\"wp-block-cover is-light\" style=\"min-height:290px;aspect-ratio:unset;\"><img loading=\"lazy\" decoding=\"async\" width=\"729\" height=\"1024\" class=\"wp-block-cover__image-background wp-image-936\" alt=\"\" src=\"https:\/\/atelierantoinebataille.fr\/wp-content\/uploads\/2024\/06\/VAPEUR-1-729x1024.jpg\" data-object-fit=\"cover\" srcset=\"https:\/\/atelierantoinebataille.fr\/wp-content\/uploads\/2024\/06\/VAPEUR-1-729x1024.jpg 729w, https:\/\/atelierantoinebataille.fr\/wp-content\/uploads\/2024\/06\/VAPEUR-1-214x300.jpg 214w, https:\/\/atelierantoinebataille.fr\/wp-content\/uploads\/2024\/06\/VAPEUR-1-768x1079.jpg 768w, https:\/\/atelierantoinebataille.fr\/wp-content\/uploads\/2024\/06\/VAPEUR-1-1094x1536.jpg 1094w, https:\/\/atelierantoinebataille.fr\/wp-content\/uploads\/2024\/06\/VAPEUR-1-1458x2048.jpg 1458w, https:\/\/atelierantoinebataille.fr\/wp-content\/uploads\/2024\/06\/VAPEUR-1.jpg 1772w\" sizes=\"auto, (max-width: 729px) 100vw, 729px\" \/><span aria-hidden=\"true\" class=\"wp-block-cover__background has-white-background-color has-background-dim-60 has-background-dim\"><\/span><div class=\"wp-block-cover__inner-container is-layout-flow wp-block-cover-is-layout-flow\">\n<p class=\"has-text-align-center has-medium-font-size\" style=\"font-style:normal;font-weight:700\"><a href=\"https:\/\/atelierantoinebataille.fr\/index.php\/bienvenue\/espaces-vaporeux\/\">Espaces vaporeux<\/a><\/p>\n<\/div><\/div>\n<\/div>\n\n\n\n<div class=\"wp-block-column is-layout-flow wp-block-column-is-layout-flow\">\n<div class=\"wp-block-cover is-light has-medium-font-size wp-duotone-unset-1\" style=\"min-height:290px;aspect-ratio:unset;\"><img loading=\"lazy\" decoding=\"async\" width=\"731\" height=\"1024\" class=\"wp-block-cover__image-background wp-image-1002\" alt=\"\" src=\"https:\/\/atelierantoinebataille.fr\/wp-content\/uploads\/2024\/12\/LIGURIE-6-731x1024.jpg\" style=\"object-position:50% 50%\" data-object-fit=\"cover\" data-object-position=\"50% 50%\" srcset=\"https:\/\/atelierantoinebataille.fr\/wp-content\/uploads\/2024\/12\/LIGURIE-6-731x1024.jpg 731w, https:\/\/atelierantoinebataille.fr\/wp-content\/uploads\/2024\/12\/LIGURIE-6-214x300.jpg 214w, https:\/\/atelierantoinebataille.fr\/wp-content\/uploads\/2024\/12\/LIGURIE-6-768x1075.jpg 768w, https:\/\/atelierantoinebataille.fr\/wp-content\/uploads\/2024\/12\/LIGURIE-6-1097x1536.jpg 1097w, https:\/\/atelierantoinebataille.fr\/wp-content\/uploads\/2024\/12\/LIGURIE-6-1463x2048.jpg 1463w, https:\/\/atelierantoinebataille.fr\/wp-content\/uploads\/2024\/12\/LIGURIE-6-scaled.jpg 1829w\" sizes=\"auto, (max-width: 731px) 100vw, 731px\" \/><span aria-hidden=\"true\" class=\"wp-block-cover__background has-white-background-color has-background-dim-60 has-background-dim\"><\/span><div class=\"wp-block-cover__inner-container is-layout-flow wp-block-cover-is-layout-flow\">\n<p class=\"has-text-align-center has-medium-font-size\" style=\"font-style:normal;font-weight:900\"><a href=\"https:\/\/atelierantoinebataille.fr\/index.php\/bienvenue\/ligurie-brumeuse\/\">Ligurie brumeuse<\/a><\/p>\n<\/div><\/div>\n<\/div>\n<\/div>\n\n\n\n<div style=\"height:31px\" aria-hidden=\"true\" class=\"wp-block-spacer\"><\/div>\n\n\n\n<div class=\"wp-block-columns is-layout-flex wp-container-core-columns-is-layout-9d6595d7 wp-block-columns-is-layout-flex\">\n<div class=\"wp-block-column is-layout-flow wp-block-column-is-layout-flow\">\n<div class=\"wp-block-cover is-light wp-duotone-grayscale\" style=\"min-height:290px;aspect-ratio:unset;\"><img loading=\"lazy\" decoding=\"async\" width=\"1024\" height=\"260\" class=\"wp-block-cover__image-background wp-image-1123\" alt=\"\" src=\"https:\/\/atelierantoinebataille.fr\/wp-content\/uploads\/2025\/06\/DESSIN-GF-LA-DIEGE-BASSE-DEFF-1024x260.jpg\" data-object-fit=\"cover\" srcset=\"https:\/\/atelierantoinebataille.fr\/wp-content\/uploads\/2025\/06\/DESSIN-GF-LA-DIEGE-BASSE-DEFF-1024x260.jpg 1024w, https:\/\/atelierantoinebataille.fr\/wp-content\/uploads\/2025\/06\/DESSIN-GF-LA-DIEGE-BASSE-DEFF-300x76.jpg 300w, https:\/\/atelierantoinebataille.fr\/wp-content\/uploads\/2025\/06\/DESSIN-GF-LA-DIEGE-BASSE-DEFF-768x195.jpg 768w, https:\/\/atelierantoinebataille.fr\/wp-content\/uploads\/2025\/06\/DESSIN-GF-LA-DIEGE-BASSE-DEFF-1536x390.jpg 1536w, https:\/\/atelierantoinebataille.fr\/wp-content\/uploads\/2025\/06\/DESSIN-GF-LA-DIEGE-BASSE-DEFF-2048x520.jpg 2048w\" sizes=\"auto, (max-width: 1024px) 100vw, 1024px\" \/><span aria-hidden=\"true\" class=\"wp-block-cover__background has-white-background-color has-background-dim-60 has-background-dim\"><\/span><div class=\"wp-block-cover__inner-container is-layout-flow wp-block-cover-is-layout-flow\">\n<p class=\"has-text-align-center has-medium-font-size\"><a href=\"https:\/\/atelierantoinebataille.fr\/index.php\/bienvenue\/des-rives\/\"><strong>Des Rives<\/strong><\/a><\/p>\n<\/div><\/div>\n<\/div>\n\n\n\n<div class=\"wp-block-column is-layout-flow wp-block-column-is-layout-flow\">\n<div class=\"wp-block-cover is-light\" style=\"min-height:290px;aspect-ratio:unset;\"><img loading=\"lazy\" decoding=\"async\" width=\"699\" height=\"1024\" class=\"wp-block-cover__image-background wp-image-1391\" alt=\"\" src=\"https:\/\/atelierantoinebataille.fr\/wp-content\/uploads\/2025\/12\/DESSIN-SCAN-8-699x1024.jpg\" data-object-fit=\"cover\" srcset=\"https:\/\/atelierantoinebataille.fr\/wp-content\/uploads\/2025\/12\/DESSIN-SCAN-8-699x1024.jpg 699w, https:\/\/atelierantoinebataille.fr\/wp-content\/uploads\/2025\/12\/DESSIN-SCAN-8-205x300.jpg 205w, https:\/\/atelierantoinebataille.fr\/wp-content\/uploads\/2025\/12\/DESSIN-SCAN-8-768x1125.jpg 768w, https:\/\/atelierantoinebataille.fr\/wp-content\/uploads\/2025\/12\/DESSIN-SCAN-8-1049x1536.jpg 1049w, https:\/\/atelierantoinebataille.fr\/wp-content\/uploads\/2025\/12\/DESSIN-SCAN-8-1398x2048.jpg 1398w, https:\/\/atelierantoinebataille.fr\/wp-content\/uploads\/2025\/12\/DESSIN-SCAN-8-scaled.jpg 1748w\" sizes=\"auto, (max-width: 699px) 100vw, 699px\" \/><span aria-hidden=\"true\" class=\"wp-block-cover__background has-white-background-color has-background-dim-60 has-background-dim\"><\/span><div class=\"wp-block-cover__inner-container is-layout-flow wp-block-cover-is-layout-flow\">\n<p class=\"has-text-align-center has-medium-font-size\"><a href=\"https:\/\/atelierantoinebataille.fr\/index.php\/bienvenue\/la-nuit\/\"><strong>La Nuit<\/strong><\/a><\/p>\n<\/div><\/div>\n<\/div>\n\n\n\n<div class=\"wp-block-column is-layout-flow wp-block-column-is-layout-flow\"><\/div>\n<\/div>\n\n\n\n<div style=\"height:77px\" aria-hidden=\"true\" class=\"wp-block-spacer\"><\/div>\n\n\n\n<p class=\"has-drop-cap\" style=\"font-size:16px\">Le noir, une forme de myst\u00e8re y perdure depuis la nuit des temps. Inqui\u00e9tant mais surtout inconnu, ce qui s\u2019y tapit peut prendre toutes les formes vivantes ou imaginaire. Il relie les mondes et les espaces entre eux, qu\u2019ils soient r\u00e9els ou chim\u00e9riques, provenant des \u00e2ges lointains ou du pr\u00e9sent. C&rsquo;est le reflet de ce qui fut et de ce qui sera probablement. Cet \u00e9l\u00e9ment \u00e0 l\u2019infini potentiel suggestif se rapproche dans mon esprit de ce qui pourrait d\u00e9finir une partie du sentiment naturel. Un monde aux imperceptibles connections dont la sophistication et la richesse d\u00e9passent de loin nos propres perceptions. Le nature et le noir se lient dans le myst\u00e8re et le fantasme.<\/p>\n\n\n\n<p><strong>Le noir traduit visuellement l\u2019oc\u00e9an d\u2019incertitude dans lequel on navigue lorsqu\u2019on p\u00e9n\u00e8tre des lieux sauvages.<\/strong><\/p>\n\n\n\n<p>Dans l\u2019<strong>expression du sentiment naturel<\/strong>, l\u2019encre de Chine, <strong>noir des plus profond<\/strong>, me parut donc propice \u00e0 \u00e9voquer ce myst\u00e8re. L\u2019encre noire sur le blanc du papier, a quelque chose de premier. C\u2019est la trace plut\u00f4t que la touche. La trace accultur\u00e9e, l\u00e2ch\u00e9e pour salir, salir pour \u00e9voquer, sans artifices, la puissance primitive du ruissellement. La simplicit\u00e9 de ce contraste rend un hommage \u00e0 la puret\u00e9, celle de l\u2019eau. Singer sa transparence et ses reflets par une salissure noire et une r\u00e9serve blanche. \u00c0 la mani\u00e8re des rivi\u00e8res qui coulent entre les roches, l\u2019eau se meut sur le papier entre les aplats noirs de l\u2019encre.<\/p>\n\n\n\n<div style=\"height:200px\" aria-hidden=\"true\" class=\"wp-block-spacer\"><\/div>\n\n\n\n<figure class=\"wp-block-image size-large\"><img loading=\"lazy\" decoding=\"async\" width=\"1024\" height=\"306\" src=\"http:\/\/atelierantoinebataille.fr\/wp-content\/uploads\/2022\/11\/BANIERE-1-1024x306.jpg\" alt=\"\" class=\"wp-image-54\" srcset=\"https:\/\/atelierantoinebataille.fr\/wp-content\/uploads\/2022\/11\/BANIERE-1-1024x306.jpg 1024w, https:\/\/atelierantoinebataille.fr\/wp-content\/uploads\/2022\/11\/BANIERE-1-300x90.jpg 300w, https:\/\/atelierantoinebataille.fr\/wp-content\/uploads\/2022\/11\/BANIERE-1-768x230.jpg 768w, https:\/\/atelierantoinebataille.fr\/wp-content\/uploads\/2022\/11\/BANIERE-1-1536x459.jpg 1536w, https:\/\/atelierantoinebataille.fr\/wp-content\/uploads\/2022\/11\/BANIERE-1-2048x612.jpg 2048w, https:\/\/atelierantoinebataille.fr\/wp-content\/uploads\/2022\/11\/BANIERE-1-1240x371.jpg 1240w, https:\/\/atelierantoinebataille.fr\/wp-content\/uploads\/2022\/11\/BANIERE-1-508x152.jpg 508w\" sizes=\"auto, (max-width: 1024px) 100vw, 1024px\" \/><\/figure>\n\n\n\n<div style=\"height:100px\" aria-hidden=\"true\" class=\"wp-block-spacer\"><\/div>\n\n\n\n<p><\/p>\n","protected":false},"excerpt":{"rendered":"<p>Le noir, une forme de myst\u00e8re y perdure depuis la nuit des temps. Inqui\u00e9tant mais surtout inconnu, ce qui s\u2019y tapit peut prendre toutes les formes vivantes ou imaginaire. Il relie les mondes et les espaces entre eux, qu\u2019ils soient r\u00e9els ou chim\u00e9riques, provenant des \u00e2ges lointains ou du pr\u00e9sent. C&rsquo;est le reflet de ce [&hellip;]<\/p>\n","protected":false},"author":1,"featured_media":0,"parent":0,"menu_order":1,"comment_status":"closed","ping_status":"closed","template":"","meta":{"ocean_post_layout":"","ocean_both_sidebars_style":"","ocean_both_sidebars_content_width":0,"ocean_both_sidebars_sidebars_width":0,"ocean_sidebar":"0","ocean_second_sidebar":"0","ocean_disable_margins":"enable","ocean_add_body_class":"","ocean_shortcode_before_top_bar":"","ocean_shortcode_after_top_bar":"","ocean_shortcode_before_header":"","ocean_shortcode_after_header":"","ocean_has_shortcode":"","ocean_shortcode_after_title":"","ocean_shortcode_before_footer_widgets":"","ocean_shortcode_after_footer_widgets":"","ocean_shortcode_before_footer_bottom":"","ocean_shortcode_after_footer_bottom":"","ocean_display_top_bar":"default","ocean_display_header":"default","ocean_header_style":"","ocean_center_header_left_menu":"0","ocean_custom_header_template":"0","ocean_custom_logo":0,"ocean_custom_retina_logo":0,"ocean_custom_logo_max_width":0,"ocean_custom_logo_tablet_max_width":0,"ocean_custom_logo_mobile_max_width":0,"ocean_custom_logo_max_height":0,"ocean_custom_logo_tablet_max_height":0,"ocean_custom_logo_mobile_max_height":0,"ocean_header_custom_menu":"0","ocean_menu_typo_font_family":"0","ocean_menu_typo_font_subset":"","ocean_menu_typo_font_size":0,"ocean_menu_typo_font_size_tablet":0,"ocean_menu_typo_font_size_mobile":0,"ocean_menu_typo_font_size_unit":"px","ocean_menu_typo_font_weight":"","ocean_menu_typo_font_weight_tablet":"","ocean_menu_typo_font_weight_mobile":"","ocean_menu_typo_transform":"","ocean_menu_typo_transform_tablet":"","ocean_menu_typo_transform_mobile":"","ocean_menu_typo_line_height":0,"ocean_menu_typo_line_height_tablet":0,"ocean_menu_typo_line_height_mobile":0,"ocean_menu_typo_line_height_unit":"","ocean_menu_typo_spacing":0,"ocean_menu_typo_spacing_tablet":0,"ocean_menu_typo_spacing_mobile":0,"ocean_menu_typo_spacing_unit":"","ocean_menu_link_color":"","ocean_menu_link_color_hover":"","ocean_menu_link_color_active":"","ocean_menu_link_background":"","ocean_menu_link_hover_background":"","ocean_menu_link_active_background":"","ocean_menu_social_links_bg":"","ocean_menu_social_hover_links_bg":"","ocean_menu_social_links_color":"","ocean_menu_social_hover_links_color":"","ocean_disable_title":"default","ocean_disable_heading":"default","ocean_post_title":"","ocean_post_subheading":"","ocean_post_title_style":"","ocean_post_title_background_color":"","ocean_post_title_background":0,"ocean_post_title_bg_image_position":"","ocean_post_title_bg_image_attachment":"","ocean_post_title_bg_image_repeat":"","ocean_post_title_bg_image_size":"","ocean_post_title_height":0,"ocean_post_title_bg_overlay":0.5,"ocean_post_title_bg_overlay_color":"","ocean_disable_breadcrumbs":"default","ocean_breadcrumbs_color":"","ocean_breadcrumbs_separator_color":"","ocean_breadcrumbs_links_color":"","ocean_breadcrumbs_links_hover_color":"","ocean_display_footer_widgets":"default","ocean_display_footer_bottom":"default","ocean_custom_footer_template":"0","footnotes":""},"class_list":["post-14","page","type-page","status-publish","hentry","entry"],"yoast_head":"<!-- This site is optimized with the Yoast SEO plugin v20.8 - https:\/\/yoast.com\/wordpress\/plugins\/seo\/ -->\n<title>Peintures - Antoine Bataille<\/title>\n<meta name=\"robots\" content=\"index, follow, max-snippet:-1, max-image-preview:large, max-video-preview:-1\" \/>\n<link rel=\"canonical\" href=\"https:\/\/atelierantoinebataille.fr\/index.php\/bienvenue\/\" \/>\n<meta property=\"og:locale\" content=\"fr_FR\" \/>\n<meta property=\"og:type\" content=\"article\" \/>\n<meta property=\"og:title\" content=\"Peintures - Antoine Bataille\" \/>\n<meta property=\"og:description\" content=\"Le noir, une forme de myst\u00e8re y perdure depuis la nuit des temps. Inqui\u00e9tant mais surtout inconnu, ce qui s\u2019y tapit peut prendre toutes les formes vivantes ou imaginaire. Il relie les mondes et les espaces entre eux, qu\u2019ils soient r\u00e9els ou chim\u00e9riques, provenant des \u00e2ges lointains ou du pr\u00e9sent. C&rsquo;est le reflet de ce [&hellip;]\" \/>\n<meta property=\"og:url\" content=\"https:\/\/atelierantoinebataille.fr\/index.php\/bienvenue\/\" \/>\n<meta property=\"og:site_name\" content=\"Antoine Bataille\" \/>\n<meta property=\"article:modified_time\" content=\"2025-12-04T14:53:38+00:00\" \/>\n<meta property=\"og:image\" content=\"https:\/\/atelierantoinebataille.fr\/wp-content\/uploads\/2023\/06\/LA-JUPILLE-min-640x1024.jpg\" \/>\n<meta name=\"twitter:card\" content=\"summary_large_image\" \/>\n<meta name=\"twitter:label1\" content=\"Dur\u00e9e de lecture estim\u00e9e\" \/>\n\t<meta name=\"twitter:data1\" content=\"3 minutes\" \/>\n<script type=\"application\/ld+json\" class=\"yoast-schema-graph\">{\"@context\":\"https:\/\/schema.org\",\"@graph\":[{\"@type\":\"WebPage\",\"@id\":\"https:\/\/atelierantoinebataille.fr\/index.php\/bienvenue\/\",\"url\":\"https:\/\/atelierantoinebataille.fr\/index.php\/bienvenue\/\",\"name\":\"Peintures - Antoine Bataille\",\"isPartOf\":{\"@id\":\"https:\/\/atelierantoinebataille.fr\/#website\"},\"datePublished\":\"2022-11-18T17:55:08+00:00\",\"dateModified\":\"2025-12-04T14:53:38+00:00\",\"breadcrumb\":{\"@id\":\"https:\/\/atelierantoinebataille.fr\/index.php\/bienvenue\/#breadcrumb\"},\"inLanguage\":\"fr-FR\",\"potentialAction\":[{\"@type\":\"ReadAction\",\"target\":[\"https:\/\/atelierantoinebataille.fr\/index.php\/bienvenue\/\"]}]},{\"@type\":\"BreadcrumbList\",\"@id\":\"https:\/\/atelierantoinebataille.fr\/index.php\/bienvenue\/#breadcrumb\",\"itemListElement\":[{\"@type\":\"ListItem\",\"position\":1,\"name\":\"Accueil\",\"item\":\"https:\/\/atelierantoinebataille.fr\/\"},{\"@type\":\"ListItem\",\"position\":2,\"name\":\"Peintures\"}]},{\"@type\":\"WebSite\",\"@id\":\"https:\/\/atelierantoinebataille.fr\/#website\",\"url\":\"https:\/\/atelierantoinebataille.fr\/\",\"name\":\"Antoine Bataille\",\"description\":\"Le myst\u00e8re demeure dans l&#039;ombre\",\"publisher\":{\"@id\":\"https:\/\/atelierantoinebataille.fr\/#organization\"},\"potentialAction\":[{\"@type\":\"SearchAction\",\"target\":{\"@type\":\"EntryPoint\",\"urlTemplate\":\"https:\/\/atelierantoinebataille.fr\/?s={search_term_string}\"},\"query-input\":\"required name=search_term_string\"}],\"inLanguage\":\"fr-FR\"},{\"@type\":\"Organization\",\"@id\":\"https:\/\/atelierantoinebataille.fr\/#organization\",\"name\":\"Antoine Bataille\",\"url\":\"https:\/\/atelierantoinebataille.fr\/\",\"logo\":{\"@type\":\"ImageObject\",\"inLanguage\":\"fr-FR\",\"@id\":\"https:\/\/atelierantoinebataille.fr\/#\/schema\/logo\/image\/\",\"url\":\"https:\/\/atelierantoinebataille.fr\/wp-content\/uploads\/2023\/09\/cropped-TITRE-SITE-ANTOINE-BATAILLE.jpg\",\"contentUrl\":\"https:\/\/atelierantoinebataille.fr\/wp-content\/uploads\/2023\/09\/cropped-TITRE-SITE-ANTOINE-BATAILLE.jpg\",\"width\":815,\"height\":229,\"caption\":\"Antoine Bataille\"},\"image\":{\"@id\":\"https:\/\/atelierantoinebataille.fr\/#\/schema\/logo\/image\/\"}}]}<\/script>\n<!-- \/ Yoast SEO plugin. -->","yoast_head_json":{"title":"Peintures - Antoine Bataille","robots":{"index":"index","follow":"follow","max-snippet":"max-snippet:-1","max-image-preview":"max-image-preview:large","max-video-preview":"max-video-preview:-1"},"canonical":"https:\/\/atelierantoinebataille.fr\/index.php\/bienvenue\/","og_locale":"fr_FR","og_type":"article","og_title":"Peintures - Antoine Bataille","og_description":"Le noir, une forme de myst\u00e8re y perdure depuis la nuit des temps. Inqui\u00e9tant mais surtout inconnu, ce qui s\u2019y tapit peut prendre toutes les formes vivantes ou imaginaire. Il relie les mondes et les espaces entre eux, qu\u2019ils soient r\u00e9els ou chim\u00e9riques, provenant des \u00e2ges lointains ou du pr\u00e9sent. C&rsquo;est le reflet de ce [&hellip;]","og_url":"https:\/\/atelierantoinebataille.fr\/index.php\/bienvenue\/","og_site_name":"Antoine Bataille","article_modified_time":"2025-12-04T14:53:38+00:00","og_image":[{"url":"https:\/\/atelierantoinebataille.fr\/wp-content\/uploads\/2023\/06\/LA-JUPILLE-min-640x1024.jpg"}],"twitter_card":"summary_large_image","twitter_misc":{"Dur\u00e9e de lecture estim\u00e9e":"3 minutes"},"schema":{"@context":"https:\/\/schema.org","@graph":[{"@type":"WebPage","@id":"https:\/\/atelierantoinebataille.fr\/index.php\/bienvenue\/","url":"https:\/\/atelierantoinebataille.fr\/index.php\/bienvenue\/","name":"Peintures - Antoine Bataille","isPartOf":{"@id":"https:\/\/atelierantoinebataille.fr\/#website"},"datePublished":"2022-11-18T17:55:08+00:00","dateModified":"2025-12-04T14:53:38+00:00","breadcrumb":{"@id":"https:\/\/atelierantoinebataille.fr\/index.php\/bienvenue\/#breadcrumb"},"inLanguage":"fr-FR","potentialAction":[{"@type":"ReadAction","target":["https:\/\/atelierantoinebataille.fr\/index.php\/bienvenue\/"]}]},{"@type":"BreadcrumbList","@id":"https:\/\/atelierantoinebataille.fr\/index.php\/bienvenue\/#breadcrumb","itemListElement":[{"@type":"ListItem","position":1,"name":"Accueil","item":"https:\/\/atelierantoinebataille.fr\/"},{"@type":"ListItem","position":2,"name":"Peintures"}]},{"@type":"WebSite","@id":"https:\/\/atelierantoinebataille.fr\/#website","url":"https:\/\/atelierantoinebataille.fr\/","name":"Antoine Bataille","description":"Le myst\u00e8re demeure dans l&#039;ombre","publisher":{"@id":"https:\/\/atelierantoinebataille.fr\/#organization"},"potentialAction":[{"@type":"SearchAction","target":{"@type":"EntryPoint","urlTemplate":"https:\/\/atelierantoinebataille.fr\/?s={search_term_string}"},"query-input":"required name=search_term_string"}],"inLanguage":"fr-FR"},{"@type":"Organization","@id":"https:\/\/atelierantoinebataille.fr\/#organization","name":"Antoine Bataille","url":"https:\/\/atelierantoinebataille.fr\/","logo":{"@type":"ImageObject","inLanguage":"fr-FR","@id":"https:\/\/atelierantoinebataille.fr\/#\/schema\/logo\/image\/","url":"https:\/\/atelierantoinebataille.fr\/wp-content\/uploads\/2023\/09\/cropped-TITRE-SITE-ANTOINE-BATAILLE.jpg","contentUrl":"https:\/\/atelierantoinebataille.fr\/wp-content\/uploads\/2023\/09\/cropped-TITRE-SITE-ANTOINE-BATAILLE.jpg","width":815,"height":229,"caption":"Antoine Bataille"},"image":{"@id":"https:\/\/atelierantoinebataille.fr\/#\/schema\/logo\/image\/"}}]}},"_links":{"self":[{"href":"https:\/\/atelierantoinebataille.fr\/index.php\/wp-json\/wp\/v2\/pages\/14","targetHints":{"allow":["GET"]}}],"collection":[{"href":"https:\/\/atelierantoinebataille.fr\/index.php\/wp-json\/wp\/v2\/pages"}],"about":[{"href":"https:\/\/atelierantoinebataille.fr\/index.php\/wp-json\/wp\/v2\/types\/page"}],"author":[{"embeddable":true,"href":"https:\/\/atelierantoinebataille.fr\/index.php\/wp-json\/wp\/v2\/users\/1"}],"replies":[{"embeddable":true,"href":"https:\/\/atelierantoinebataille.fr\/index.php\/wp-json\/wp\/v2\/comments?post=14"}],"version-history":[{"count":37,"href":"https:\/\/atelierantoinebataille.fr\/index.php\/wp-json\/wp\/v2\/pages\/14\/revisions"}],"predecessor-version":[{"id":1417,"href":"https:\/\/atelierantoinebataille.fr\/index.php\/wp-json\/wp\/v2\/pages\/14\/revisions\/1417"}],"wp:attachment":[{"href":"https:\/\/atelierantoinebataille.fr\/index.php\/wp-json\/wp\/v2\/media?parent=14"}],"curies":[{"name":"wp","href":"https:\/\/api.w.org\/{rel}","templated":true}]}}