{"id":1445,"date":"2026-01-28T10:31:37","date_gmt":"2026-01-28T09:31:37","guid":{"rendered":"https:\/\/atelierantoinebataille.fr\/?page_id=1445"},"modified":"2026-01-28T10:36:27","modified_gmt":"2026-01-28T09:36:27","slug":"ronde-a-tatons","status":"publish","type":"page","link":"https:\/\/atelierantoinebataille.fr\/index.php\/editions\/ronde-a-tatons\/","title":{"rendered":"Ronde \u00e0 t\u00e2tons"},"content":{"rendered":"\n<p>Ce carnet a \u00e9t\u00e9 r\u00e9alis\u00e9 en collaboration avec les&nbsp;<strong>\u00c9ditions Arichi<\/strong>&nbsp;en novembre 2025. Le premier tirage est de 100 exemplaires, num\u00e9rot\u00e9s et sign\u00e9s. Les 10 premiers sont accompagn\u00e9 d\u2019un original 14 x 20 cm.<\/p>\n\n\n\n<p>Ronde \u00e0 t\u00e2tons regroupe une s\u00e9lection de 32 dessins et 27 textes issus de <a href=\"https:\/\/atelierantoinebataille.fr\/index.php\/carnets-sur-le-motif\/carnet-10-nuit-creuse\/\">carnets r\u00e9alis\u00e9s sur le motif<\/a>.<\/p>\n\n\n\n<p><\/p>\n\n\n\n<figure class=\"wp-block-image size-large is-resized\"><img loading=\"lazy\" decoding=\"async\" width=\"729\" height=\"1024\" src=\"https:\/\/atelierantoinebataille.fr\/wp-content\/uploads\/2026\/01\/COUV-1-729x1024.jpg\" alt=\"\" class=\"wp-image-1447\" style=\"width:840px;height:auto\" srcset=\"https:\/\/atelierantoinebataille.fr\/wp-content\/uploads\/2026\/01\/COUV-1-729x1024.jpg 729w, https:\/\/atelierantoinebataille.fr\/wp-content\/uploads\/2026\/01\/COUV-1-214x300.jpg 214w, https:\/\/atelierantoinebataille.fr\/wp-content\/uploads\/2026\/01\/COUV-1-768x1079.jpg 768w, https:\/\/atelierantoinebataille.fr\/wp-content\/uploads\/2026\/01\/COUV-1-1094x1536.jpg 1094w, https:\/\/atelierantoinebataille.fr\/wp-content\/uploads\/2026\/01\/COUV-1-1458x2048.jpg 1458w, https:\/\/atelierantoinebataille.fr\/wp-content\/uploads\/2026\/01\/COUV-1.jpg 1654w\" sizes=\"auto, (max-width: 729px) 100vw, 729px\" \/><\/figure>\n\n\n\n<figure class=\"wp-block-image size-large\"><img loading=\"lazy\" decoding=\"async\" width=\"1024\" height=\"729\" src=\"https:\/\/atelierantoinebataille.fr\/wp-content\/uploads\/2026\/01\/DOUBLE-PAGE-5-1024x729.jpg\" alt=\"\" class=\"wp-image-1454\" srcset=\"https:\/\/atelierantoinebataille.fr\/wp-content\/uploads\/2026\/01\/DOUBLE-PAGE-5-1024x729.jpg 1024w, https:\/\/atelierantoinebataille.fr\/wp-content\/uploads\/2026\/01\/DOUBLE-PAGE-5-300x214.jpg 300w, https:\/\/atelierantoinebataille.fr\/wp-content\/uploads\/2026\/01\/DOUBLE-PAGE-5-768x547.jpg 768w, https:\/\/atelierantoinebataille.fr\/wp-content\/uploads\/2026\/01\/DOUBLE-PAGE-5-1536x1094.jpg 1536w, https:\/\/atelierantoinebataille.fr\/wp-content\/uploads\/2026\/01\/DOUBLE-PAGE-5-2048x1458.jpg 2048w\" sizes=\"auto, (max-width: 1024px) 100vw, 1024px\" \/><\/figure>\n\n\n\n<figure class=\"wp-block-image size-large\"><img loading=\"lazy\" decoding=\"async\" width=\"1024\" height=\"729\" src=\"https:\/\/atelierantoinebataille.fr\/wp-content\/uploads\/2026\/01\/DOUBLE-PAGE-2-1024x729.jpg\" alt=\"\" class=\"wp-image-1449\" srcset=\"https:\/\/atelierantoinebataille.fr\/wp-content\/uploads\/2026\/01\/DOUBLE-PAGE-2-1024x729.jpg 1024w, https:\/\/atelierantoinebataille.fr\/wp-content\/uploads\/2026\/01\/DOUBLE-PAGE-2-300x214.jpg 300w, https:\/\/atelierantoinebataille.fr\/wp-content\/uploads\/2026\/01\/DOUBLE-PAGE-2-768x547.jpg 768w, https:\/\/atelierantoinebataille.fr\/wp-content\/uploads\/2026\/01\/DOUBLE-PAGE-2-1536x1094.jpg 1536w, https:\/\/atelierantoinebataille.fr\/wp-content\/uploads\/2026\/01\/DOUBLE-PAGE-2-2048x1458.jpg 2048w\" sizes=\"auto, (max-width: 1024px) 100vw, 1024px\" \/><\/figure>\n\n\n\n<figure class=\"wp-block-image size-large\"><img loading=\"lazy\" decoding=\"async\" width=\"1024\" height=\"729\" src=\"https:\/\/atelierantoinebataille.fr\/wp-content\/uploads\/2026\/01\/DOUBLE-PAGE-1-1024x729.jpg\" alt=\"\" class=\"wp-image-1450\" srcset=\"https:\/\/atelierantoinebataille.fr\/wp-content\/uploads\/2026\/01\/DOUBLE-PAGE-1-1024x729.jpg 1024w, https:\/\/atelierantoinebataille.fr\/wp-content\/uploads\/2026\/01\/DOUBLE-PAGE-1-300x214.jpg 300w, https:\/\/atelierantoinebataille.fr\/wp-content\/uploads\/2026\/01\/DOUBLE-PAGE-1-768x547.jpg 768w, https:\/\/atelierantoinebataille.fr\/wp-content\/uploads\/2026\/01\/DOUBLE-PAGE-1-1536x1094.jpg 1536w, https:\/\/atelierantoinebataille.fr\/wp-content\/uploads\/2026\/01\/DOUBLE-PAGE-1-2048x1458.jpg 2048w\" sizes=\"auto, (max-width: 1024px) 100vw, 1024px\" \/><\/figure>\n\n\n\n<figure class=\"wp-block-image size-large\"><img loading=\"lazy\" decoding=\"async\" width=\"1024\" height=\"729\" src=\"https:\/\/atelierantoinebataille.fr\/wp-content\/uploads\/2026\/01\/DOUBLE-PAGE-4-1024x729.jpg\" alt=\"\" class=\"wp-image-1451\" srcset=\"https:\/\/atelierantoinebataille.fr\/wp-content\/uploads\/2026\/01\/DOUBLE-PAGE-4-1024x729.jpg 1024w, https:\/\/atelierantoinebataille.fr\/wp-content\/uploads\/2026\/01\/DOUBLE-PAGE-4-300x214.jpg 300w, https:\/\/atelierantoinebataille.fr\/wp-content\/uploads\/2026\/01\/DOUBLE-PAGE-4-768x547.jpg 768w, https:\/\/atelierantoinebataille.fr\/wp-content\/uploads\/2026\/01\/DOUBLE-PAGE-4-1536x1094.jpg 1536w, https:\/\/atelierantoinebataille.fr\/wp-content\/uploads\/2026\/01\/DOUBLE-PAGE-4-2048x1458.jpg 2048w\" sizes=\"auto, (max-width: 1024px) 100vw, 1024px\" \/><\/figure>\n\n\n\n<p><\/p>\n","protected":false},"excerpt":{"rendered":"<p>Ce carnet a \u00e9t\u00e9 r\u00e9alis\u00e9 en collaboration avec les&nbsp;\u00c9ditions Arichi&nbsp;en novembre 2025. Le premier tirage est de 100 exemplaires, num\u00e9rot\u00e9s et sign\u00e9s. Les 10 premiers sont accompagn\u00e9 d\u2019un original 14 x 20 cm. Ronde \u00e0 t\u00e2tons regroupe une s\u00e9lection de 32 dessins et 27 textes issus de carnets r\u00e9alis\u00e9s sur le motif.<\/p>\n","protected":false},"author":1,"featured_media":0,"parent":939,"menu_order":3,"comment_status":"closed","ping_status":"closed","template":"","meta":{"ocean_post_layout":"","ocean_both_sidebars_style":"","ocean_both_sidebars_content_width":0,"ocean_both_sidebars_sidebars_width":0,"ocean_sidebar":"","ocean_second_sidebar":"","ocean_disable_margins":"enable","ocean_add_body_class":"","ocean_shortcode_before_top_bar":"","ocean_shortcode_after_top_bar":"","ocean_shortcode_before_header":"","ocean_shortcode_after_header":"","ocean_has_shortcode":"","ocean_shortcode_after_title":"","ocean_shortcode_before_footer_widgets":"","ocean_shortcode_after_footer_widgets":"","ocean_shortcode_before_footer_bottom":"","ocean_shortcode_after_footer_bottom":"","ocean_display_top_bar":"default","ocean_display_header":"default","ocean_header_style":"","ocean_center_header_left_menu":"","ocean_custom_header_template":"","ocean_custom_logo":0,"ocean_custom_retina_logo":0,"ocean_custom_logo_max_width":0,"ocean_custom_logo_tablet_max_width":0,"ocean_custom_logo_mobile_max_width":0,"ocean_custom_logo_max_height":0,"ocean_custom_logo_tablet_max_height":0,"ocean_custom_logo_mobile_max_height":0,"ocean_header_custom_menu":"","ocean_menu_typo_font_family":"","ocean_menu_typo_font_subset":"","ocean_menu_typo_font_size":0,"ocean_menu_typo_font_size_tablet":0,"ocean_menu_typo_font_size_mobile":0,"ocean_menu_typo_font_size_unit":"px","ocean_menu_typo_font_weight":"","ocean_menu_typo_font_weight_tablet":"","ocean_menu_typo_font_weight_mobile":"","ocean_menu_typo_transform":"","ocean_menu_typo_transform_tablet":"","ocean_menu_typo_transform_mobile":"","ocean_menu_typo_line_height":0,"ocean_menu_typo_line_height_tablet":0,"ocean_menu_typo_line_height_mobile":0,"ocean_menu_typo_line_height_unit":"","ocean_menu_typo_spacing":0,"ocean_menu_typo_spacing_tablet":0,"ocean_menu_typo_spacing_mobile":0,"ocean_menu_typo_spacing_unit":"","ocean_menu_link_color":"","ocean_menu_link_color_hover":"","ocean_menu_link_color_active":"","ocean_menu_link_background":"","ocean_menu_link_hover_background":"","ocean_menu_link_active_background":"","ocean_menu_social_links_bg":"","ocean_menu_social_hover_links_bg":"","ocean_menu_social_links_color":"","ocean_menu_social_hover_links_color":"","ocean_disable_title":"default","ocean_disable_heading":"default","ocean_post_title":"","ocean_post_subheading":"","ocean_post_title_style":"","ocean_post_title_background_color":"","ocean_post_title_background":0,"ocean_post_title_bg_image_position":"","ocean_post_title_bg_image_attachment":"","ocean_post_title_bg_image_repeat":"","ocean_post_title_bg_image_size":"","ocean_post_title_height":0,"ocean_post_title_bg_overlay":0.5,"ocean_post_title_bg_overlay_color":"","ocean_disable_breadcrumbs":"default","ocean_breadcrumbs_color":"","ocean_breadcrumbs_separator_color":"","ocean_breadcrumbs_links_color":"","ocean_breadcrumbs_links_hover_color":"","ocean_display_footer_widgets":"default","ocean_display_footer_bottom":"default","ocean_custom_footer_template":"","footnotes":""},"class_list":["post-1445","page","type-page","status-publish","hentry","entry"],"yoast_head":"<!-- This site is optimized with the Yoast SEO plugin v20.8 - https:\/\/yoast.com\/wordpress\/plugins\/seo\/ -->\n<title>Ronde \u00e0 t\u00e2tons - Antoine Bataille<\/title>\n<meta name=\"robots\" content=\"index, follow, max-snippet:-1, max-image-preview:large, max-video-preview:-1\" \/>\n<link rel=\"canonical\" href=\"https:\/\/atelierantoinebataille.fr\/index.php\/editions\/ronde-a-tatons\/\" \/>\n<meta property=\"og:locale\" content=\"fr_FR\" \/>\n<meta property=\"og:type\" content=\"article\" \/>\n<meta property=\"og:title\" content=\"Ronde \u00e0 t\u00e2tons - Antoine Bataille\" \/>\n<meta property=\"og:description\" content=\"Ce carnet a \u00e9t\u00e9 r\u00e9alis\u00e9 en collaboration avec les&nbsp;\u00c9ditions Arichi&nbsp;en novembre 2025. Le premier tirage est de 100 exemplaires, num\u00e9rot\u00e9s et sign\u00e9s. Les 10 premiers sont accompagn\u00e9 d\u2019un original 14 x 20 cm. Ronde \u00e0 t\u00e2tons regroupe une s\u00e9lection de 32 dessins et 27 textes issus de carnets r\u00e9alis\u00e9s sur le motif.\" \/>\n<meta property=\"og:url\" content=\"https:\/\/atelierantoinebataille.fr\/index.php\/editions\/ronde-a-tatons\/\" \/>\n<meta property=\"og:site_name\" content=\"Antoine Bataille\" \/>\n<meta property=\"article:modified_time\" content=\"2026-01-28T09:36:27+00:00\" \/>\n<meta property=\"og:image\" content=\"https:\/\/atelierantoinebataille.fr\/wp-content\/uploads\/2026\/01\/COUV-1-729x1024.jpg\" \/>\n<meta name=\"twitter:card\" content=\"summary_large_image\" \/>\n<meta name=\"twitter:label1\" content=\"Dur\u00e9e de lecture estim\u00e9e\" \/>\n\t<meta name=\"twitter:data1\" content=\"2 minutes\" \/>\n<script type=\"application\/ld+json\" class=\"yoast-schema-graph\">{\"@context\":\"https:\/\/schema.org\",\"@graph\":[{\"@type\":\"WebPage\",\"@id\":\"https:\/\/atelierantoinebataille.fr\/index.php\/editions\/ronde-a-tatons\/\",\"url\":\"https:\/\/atelierantoinebataille.fr\/index.php\/editions\/ronde-a-tatons\/\",\"name\":\"Ronde \u00e0 t\u00e2tons - Antoine Bataille\",\"isPartOf\":{\"@id\":\"https:\/\/atelierantoinebataille.fr\/#website\"},\"datePublished\":\"2026-01-28T09:31:37+00:00\",\"dateModified\":\"2026-01-28T09:36:27+00:00\",\"breadcrumb\":{\"@id\":\"https:\/\/atelierantoinebataille.fr\/index.php\/editions\/ronde-a-tatons\/#breadcrumb\"},\"inLanguage\":\"fr-FR\",\"potentialAction\":[{\"@type\":\"ReadAction\",\"target\":[\"https:\/\/atelierantoinebataille.fr\/index.php\/editions\/ronde-a-tatons\/\"]}]},{\"@type\":\"BreadcrumbList\",\"@id\":\"https:\/\/atelierantoinebataille.fr\/index.php\/editions\/ronde-a-tatons\/#breadcrumb\",\"itemListElement\":[{\"@type\":\"ListItem\",\"position\":1,\"name\":\"Accueil\",\"item\":\"https:\/\/atelierantoinebataille.fr\/\"},{\"@type\":\"ListItem\",\"position\":2,\"name\":\"\u00c9ditions\",\"item\":\"https:\/\/atelierantoinebataille.fr\/index.php\/editions\/\"},{\"@type\":\"ListItem\",\"position\":3,\"name\":\"Ronde \u00e0 t\u00e2tons\"}]},{\"@type\":\"WebSite\",\"@id\":\"https:\/\/atelierantoinebataille.fr\/#website\",\"url\":\"https:\/\/atelierantoinebataille.fr\/\",\"name\":\"Antoine Bataille\",\"description\":\"Le myst\u00e8re demeure dans l&#039;ombre\",\"publisher\":{\"@id\":\"https:\/\/atelierantoinebataille.fr\/#organization\"},\"potentialAction\":[{\"@type\":\"SearchAction\",\"target\":{\"@type\":\"EntryPoint\",\"urlTemplate\":\"https:\/\/atelierantoinebataille.fr\/?s={search_term_string}\"},\"query-input\":\"required name=search_term_string\"}],\"inLanguage\":\"fr-FR\"},{\"@type\":\"Organization\",\"@id\":\"https:\/\/atelierantoinebataille.fr\/#organization\",\"name\":\"Antoine Bataille\",\"url\":\"https:\/\/atelierantoinebataille.fr\/\",\"logo\":{\"@type\":\"ImageObject\",\"inLanguage\":\"fr-FR\",\"@id\":\"https:\/\/atelierantoinebataille.fr\/#\/schema\/logo\/image\/\",\"url\":\"https:\/\/atelierantoinebataille.fr\/wp-content\/uploads\/2023\/09\/cropped-TITRE-SITE-ANTOINE-BATAILLE.jpg\",\"contentUrl\":\"https:\/\/atelierantoinebataille.fr\/wp-content\/uploads\/2023\/09\/cropped-TITRE-SITE-ANTOINE-BATAILLE.jpg\",\"width\":815,\"height\":229,\"caption\":\"Antoine Bataille\"},\"image\":{\"@id\":\"https:\/\/atelierantoinebataille.fr\/#\/schema\/logo\/image\/\"}}]}<\/script>\n<!-- \/ Yoast SEO plugin. -->","yoast_head_json":{"title":"Ronde \u00e0 t\u00e2tons - Antoine Bataille","robots":{"index":"index","follow":"follow","max-snippet":"max-snippet:-1","max-image-preview":"max-image-preview:large","max-video-preview":"max-video-preview:-1"},"canonical":"https:\/\/atelierantoinebataille.fr\/index.php\/editions\/ronde-a-tatons\/","og_locale":"fr_FR","og_type":"article","og_title":"Ronde \u00e0 t\u00e2tons - Antoine Bataille","og_description":"Ce carnet a \u00e9t\u00e9 r\u00e9alis\u00e9 en collaboration avec les&nbsp;\u00c9ditions Arichi&nbsp;en novembre 2025. Le premier tirage est de 100 exemplaires, num\u00e9rot\u00e9s et sign\u00e9s. Les 10 premiers sont accompagn\u00e9 d\u2019un original 14 x 20 cm. Ronde \u00e0 t\u00e2tons regroupe une s\u00e9lection de 32 dessins et 27 textes issus de carnets r\u00e9alis\u00e9s sur le motif.","og_url":"https:\/\/atelierantoinebataille.fr\/index.php\/editions\/ronde-a-tatons\/","og_site_name":"Antoine Bataille","article_modified_time":"2026-01-28T09:36:27+00:00","og_image":[{"url":"https:\/\/atelierantoinebataille.fr\/wp-content\/uploads\/2026\/01\/COUV-1-729x1024.jpg"}],"twitter_card":"summary_large_image","twitter_misc":{"Dur\u00e9e de lecture estim\u00e9e":"2 minutes"},"schema":{"@context":"https:\/\/schema.org","@graph":[{"@type":"WebPage","@id":"https:\/\/atelierantoinebataille.fr\/index.php\/editions\/ronde-a-tatons\/","url":"https:\/\/atelierantoinebataille.fr\/index.php\/editions\/ronde-a-tatons\/","name":"Ronde \u00e0 t\u00e2tons - Antoine Bataille","isPartOf":{"@id":"https:\/\/atelierantoinebataille.fr\/#website"},"datePublished":"2026-01-28T09:31:37+00:00","dateModified":"2026-01-28T09:36:27+00:00","breadcrumb":{"@id":"https:\/\/atelierantoinebataille.fr\/index.php\/editions\/ronde-a-tatons\/#breadcrumb"},"inLanguage":"fr-FR","potentialAction":[{"@type":"ReadAction","target":["https:\/\/atelierantoinebataille.fr\/index.php\/editions\/ronde-a-tatons\/"]}]},{"@type":"BreadcrumbList","@id":"https:\/\/atelierantoinebataille.fr\/index.php\/editions\/ronde-a-tatons\/#breadcrumb","itemListElement":[{"@type":"ListItem","position":1,"name":"Accueil","item":"https:\/\/atelierantoinebataille.fr\/"},{"@type":"ListItem","position":2,"name":"\u00c9ditions","item":"https:\/\/atelierantoinebataille.fr\/index.php\/editions\/"},{"@type":"ListItem","position":3,"name":"Ronde \u00e0 t\u00e2tons"}]},{"@type":"WebSite","@id":"https:\/\/atelierantoinebataille.fr\/#website","url":"https:\/\/atelierantoinebataille.fr\/","name":"Antoine Bataille","description":"Le myst\u00e8re demeure dans l&#039;ombre","publisher":{"@id":"https:\/\/atelierantoinebataille.fr\/#organization"},"potentialAction":[{"@type":"SearchAction","target":{"@type":"EntryPoint","urlTemplate":"https:\/\/atelierantoinebataille.fr\/?s={search_term_string}"},"query-input":"required name=search_term_string"}],"inLanguage":"fr-FR"},{"@type":"Organization","@id":"https:\/\/atelierantoinebataille.fr\/#organization","name":"Antoine Bataille","url":"https:\/\/atelierantoinebataille.fr\/","logo":{"@type":"ImageObject","inLanguage":"fr-FR","@id":"https:\/\/atelierantoinebataille.fr\/#\/schema\/logo\/image\/","url":"https:\/\/atelierantoinebataille.fr\/wp-content\/uploads\/2023\/09\/cropped-TITRE-SITE-ANTOINE-BATAILLE.jpg","contentUrl":"https:\/\/atelierantoinebataille.fr\/wp-content\/uploads\/2023\/09\/cropped-TITRE-SITE-ANTOINE-BATAILLE.jpg","width":815,"height":229,"caption":"Antoine Bataille"},"image":{"@id":"https:\/\/atelierantoinebataille.fr\/#\/schema\/logo\/image\/"}}]}},"_links":{"self":[{"href":"https:\/\/atelierantoinebataille.fr\/index.php\/wp-json\/wp\/v2\/pages\/1445","targetHints":{"allow":["GET"]}}],"collection":[{"href":"https:\/\/atelierantoinebataille.fr\/index.php\/wp-json\/wp\/v2\/pages"}],"about":[{"href":"https:\/\/atelierantoinebataille.fr\/index.php\/wp-json\/wp\/v2\/types\/page"}],"author":[{"embeddable":true,"href":"https:\/\/atelierantoinebataille.fr\/index.php\/wp-json\/wp\/v2\/users\/1"}],"replies":[{"embeddable":true,"href":"https:\/\/atelierantoinebataille.fr\/index.php\/wp-json\/wp\/v2\/comments?post=1445"}],"version-history":[{"count":4,"href":"https:\/\/atelierantoinebataille.fr\/index.php\/wp-json\/wp\/v2\/pages\/1445\/revisions"}],"predecessor-version":[{"id":1458,"href":"https:\/\/atelierantoinebataille.fr\/index.php\/wp-json\/wp\/v2\/pages\/1445\/revisions\/1458"}],"up":[{"embeddable":true,"href":"https:\/\/atelierantoinebataille.fr\/index.php\/wp-json\/wp\/v2\/pages\/939"}],"wp:attachment":[{"href":"https:\/\/atelierantoinebataille.fr\/index.php\/wp-json\/wp\/v2\/media?parent=1445"}],"curies":[{"name":"wp","href":"https:\/\/api.w.org\/{rel}","templated":true}]}}